{"id":159,"date":"2024-01-22T12:27:50","date_gmt":"2024-01-22T11:27:50","guid":{"rendered":"https:\/\/blogs.uni-bremen.de\/antifemdata\/?page_id=159"},"modified":"2024-03-16T10:15:04","modified_gmt":"2024-03-16T09:15:04","slug":"usa","status":"publish","type":"page","link":"https:\/\/blogs.uni-bremen.de\/antifemdata\/usa\/","title":{"rendered":"USA"},"content":{"rendered":"<div class=\"et_d4_element et_pb_section et_pb_section_0 et_pb_with_background  et_pb_css_mix_blend_mode et_section_regular et_block_section\" >\n\t\t\t\t\n\t\t\t\t\n\t\t\t\t\n\t\t\t\t\n\t\t\t\t\n\t\t\t\t\n\t\t\t\t<div class=\"et_d4_element et_pb_row et_pb_row_0  et_pb_css_mix_blend_mode et_block_row\">\n\t\t\t\t<div class=\"et_d4_element et_pb_column_4_4 et_pb_column et_pb_column_0  et_pb_css_mix_blend_mode et-last-child et_block_column\">\n\t\t\t\t\n\t\t\t\t\n\t\t\t\t\n\t\t\t\t\n\t\t\t\t<div class=\"et_pb_module et_d4_element et_pb_heading et_pb_heading_0 et_pb_bg_layout_\">\n\t\t\t\t\n\t\t\t\t\n\t\t\t\t\n\t\t\t\t\n\t\t\t\t<div class=\"et_pb_heading_container\"><h1 class=\"et_pb_module_heading\">USA<\/h1><\/div>\n\t\t\t<\/div>\n\t\t\t<\/div>\n\t\t\t\t\n\t\t\t\t\n\t\t\t\t\n\t\t\t\t\n\t\t\t<\/div><div class=\"et_d4_element et_pb_row et_pb_row_1  et_pb_css_mix_blend_mode et_block_row\">\n\t\t\t\t<div class=\"et_d4_element et_pb_column_1_2 et_pb_column et_pb_column_1  et_pb_css_mix_blend_mode et_block_column\">\n\t\t\t\t\n\t\t\t\t\n\t\t\t\t\n\t\t\t\t\n\t\t\t\t<div class=\"et_pb_with_border et_pb_module et_d4_element et_pb_blurb et_pb_blurb_0  et_pb_text_align_left  et_pb_blurb_position_top et_block_module et_pb_bg_layout_light\">\n\t\t\t\t\n\t\t\t\t\n\t\t\t\t\n\t\t\t\t\n\t\t\t\t<div class=\"et_pb_blurb_content\">\n\t\t\t\t\t<div class=\"et_pb_main_blurb_image et_pb_css_mix_blend_mode\"><span class=\"et_pb_image_wrap et_pb_only_image_mode_wrap\"><img loading=\"lazy\" decoding=\"async\" width=\"1600\" height=\"912\" src=\"https:\/\/blogs.uni-bremen.de\/antifemdata\/files\/american-flag.png\" alt=\"\" srcset=\"https:\/\/blogs.uni-bremen.de\/antifemdata\/files\/american-flag.png 1600w, https:\/\/blogs.uni-bremen.de\/antifemdata\/files\/american-flag-1280x730.png 1280w, https:\/\/blogs.uni-bremen.de\/antifemdata\/files\/american-flag-980x559.png 980w, https:\/\/blogs.uni-bremen.de\/antifemdata\/files\/american-flag-480x274.png 480w\" sizes=\"(min-width: 0px) and (max-width: 480px) 480px, (min-width: 481px) and (max-width: 980px) 980px, (min-width: 981px) and (max-width: 1280px) 1280px, (min-width: 1281px) 1600px, 100vw\" class=\"et-waypoint et_pb_animation_top et_pb_animation_top_tablet et_pb_animation_top_phone wp-image-237\" \/><\/span><\/div>\n\t\t\t\t\t<div class=\"et_pb_blurb_container\">\n\t\t\t\t\t\t<h1 class=\"et_pb_module_header\"><span>USA - Vereinigten Staaten von Amerika<\/span><\/h1>\n\t\t\t\t\t\t<div class=\"et_pb_blurb_description\"><table style=\"border-collapse: collapse;width: 99.6745%;height: 941px\" border=\"1\">\n<tbody>\n<tr style=\"height: 24px\">\n<td style=\"width: 50%;height: 24px\"><strong>Index-Wert<\/strong><\/td>\n<td style=\"width: 50%;height: 24px\">0,24<\/td>\n<\/tr>\n<tr style=\"height: 24px\">\n<td style=\"width: 50%;height: 24px\"><strong>Landessprache<\/strong><\/td>\n<td style=\"width: 50%;height: 24px\">Englisch<\/td>\n<\/tr>\n<tr style=\"height: 48px\">\n<td style=\"width: 50%;height: 48px\"><strong>Einwohner*innenzahl [1]<br \/><\/strong><\/td>\n<td style=\"width: 50%;height: 48px\"><span class=\"author-a-z84zl3z81zaxfz122zz75zz69zz83zz73zqz80zz77zf\">339,67 Mio. (Stand 2023)<\/span><\/td>\n<\/tr>\n<tr style=\"height: 424px\">\n<td style=\"width: 50%;height: 424px\"><strong>Bildungsstand [2]<br \/><\/strong><\/td>\n<td style=\"width: 50%;height: 424px\">\n<p>8,5 % weniger als einen High School Abschluss<\/p>\n<p>27,9% High School Abschluss<\/p>\n<p>14,9% College besucht, aber keinen Abschluss<\/p>\n<p>10,5% College Abschluss<\/p>\n<p>23,5% Bachelor<\/p>\n<p>14,4% Master oder h\u00f6her<\/p>\n<\/td>\n<\/tr>\n<tr style=\"height: 288px\">\n<td style=\"width: 50%;height: 288px\"><strong>Religion [3]<br \/><\/strong><\/td>\n<td style=\"width: 50%;height: 288px\">\n<p>46,5% Protestanten<\/p>\n<p>20,8 Katholiken<\/p>\n<p>1,9% Juden<\/p>\n<p>8% andere Religionen<\/p>\n<p>22,8% keine Religion<\/p>\n<\/td>\n<\/tr>\n<tr style=\"height: 72px\">\n<td style=\"width: 50%;height: 72px\"><strong>Politisches System[4]<br \/><\/strong><\/td>\n<td style=\"width: 50%;height: 72px\"><span class=\"author-a-z84zl3z81zaxfz122zz75zz69zz83zz73zqz80zz77zf\">konstitutionelle f\u00f6deralistische Republik<\/span><\/td>\n<\/tr>\n<\/tbody>\n<\/table><\/div>\n\t\t\t\t\t<\/div>\n\t\t\t\t<\/div>\n\t\t\t<\/div><div class=\"et_pb_with_border et_pb_module et_d4_element et_pb_heading et_pb_heading_1 et_pb_bg_layout_\">\n\t\t\t\t\n\t\t\t\t\n\t\t\t\t\n\t\t\t\t\n\t\t\t\t<div class=\"et_pb_heading_container\"><h1 class=\"et_pb_module_heading\">Women Count USA<\/h1><\/div>\n\t\t\t<\/div><div class=\"et_pb_with_border et_pb_module et_d4_element et_pb_text et_pb_text_0  et_pb_text_align_left et_pb_bg_layout_light\">\n\t\t\t\t\n\t\t\t\t\n\t\t\t\t\n\t\t\t\t\n\t\t\t\t<div class=\"et_pb_text_inner\"><p style=\"text-align: justify\"><span style=\"font-family: Courier Prime;font-weight: normal;color: #ffffff\"><span style=\"color: #c7a0e8\">Das Projekt Women Count USA pflegt eine Datenbank zu Femiziden in den USA. Die Datenbank geht bis in die 50er-Jahre zur\u00fcck und enth\u00e4lt Informationen zu Opfer, T\u00e4ter und Tatvorgang. Wie auch das Projekt \"Femizide stoppen!\" aus Deutschland, versucht das Projekt durch eigene Datenerhebung dem Problem zu mehr Sichtbarkeit zu verhelfen.<\/span><br \/><\/span><\/p><\/div>\n\t\t\t<\/div><div class=\"et_pb_button_module_wrapper et_pb_button_0_wrapper et_pb_button_alignment_center et_pb_module \">\n\t\t\t\t<a class=\"et_pb_button et_d4_element et_pb_button_0 et_pb_bg_layout_light et_block_module\" href=\"https:\/\/womencountusa.org\/home\" target=\"_blank\">womencountusa.org<\/a>\n\t\t\t<\/div>\n\t\t\t<\/div><div class=\"et_d4_element et_pb_column_1_2 et_pb_column et_pb_column_2  et_pb_css_mix_blend_mode et-last-child et_block_column\">\n\t\t\t\t\n\t\t\t\t\n\t\t\t\t\n\t\t\t\t\n\t\t\t\t<div class=\"et_pb_module et_d4_element et_pb_heading et_pb_heading_2 et_pb_bg_layout_\">\n\t\t\t\t\n\t\t\t\t\n\t\t\t\t\n\t\t\t\t\n\t\t\t\t<div class=\"et_pb_heading_container\"><h1 class=\"et_pb_module_heading\">Aktueller Stand <\/h1><\/div>\n\t\t\t<\/div><div class=\"et_pb_module et_d4_element et_pb_text et_pb_text_1  et_pb_text_align_justified et_pb_bg_layout_light\">\n\t\t\t\t\n\t\t\t\t\n\t\t\t\t\n\t\t\t\t\n\t\t\t\t<div class=\"et_pb_text_inner\"><div class=\"flex flex-grow flex-col max-w-full\">\n<div data-message-author-role=\"assistant\" data-message-id=\"8c663197-4b06-48cd-b60d-982df97c676c\" class=\"min-h-&#091;20px&#093; text-message flex flex-col items-start gap-3 whitespace-pre-wrap break-words &#091;.text-message+&amp;&#093;:mt-5 overflow-x-auto\">\n<div class=\"markdown prose w-full break-words dark:prose-invert light\">\n<div class=\"flex flex-grow flex-col max-w-full\">\n<div data-message-author-role=\"assistant\" data-message-id=\"e86c0276-b949-4efb-9157-4774380a4532\" class=\"min-h-&#091;20px&#093; text-message flex flex-col items-start gap-3 whitespace-pre-wrap break-words &#091;.text-message+&amp;&#093;:mt-5 overflow-x-auto\">\n<div class=\"markdown prose w-full break-words dark:prose-invert light\">\n<p>Der Gender Pay Gap in den USA hat sich in den letzten 20 Jahren kaum ver\u00e4ndert. Im Jahr 2022 verdienten Frauen* durchschnittlich 82 % dessen, was M\u00e4nner verdienen, \u00e4hnlich wie im Jahr 2002, als Frauen* 80 % des Lohns von M\u00e4nnern verdienten (<span style=\"color: #ffffff\"><span style=\"font-family: Courier Prime\"><span style=\"font-weight: normal\">Arag\u00e3o<\/span><\/span><\/span> 2023). Obwohl das Frauen*wahlrecht erst nach einem langen Kampf und erst nach dem Ersten Weltkrieg 1920 auf nationaler Ebene eingef\u00fchrt wurde (Weinmann 2020: 4), sind Frauen* in politischen \u00c4mtern immer noch deutlich unterrepr\u00e4sentiert (STATISTA 2024). Trotz Erfolgen bei den Zwischenwahlen im Jahr 2018, bei denen mehr demokratische Kandidatinnen als je zuvor gewonnen haben und Frauen* nun ein Viertel des US-Senats sowie 101 von 435 Kongresssitzen besetzen (Salam 2018, Shalby\/Robertson 2018), bleiben die Zahlen nach wie vor niedrig. In 2023 waren lediglich 29 % der Abgeordneten Frauen* (Leppert\/Desilvers 2023), und nur 12 von 50 Gouverneursposten werden von Frauen* besetzt (Pathe 2022).<\/p>\n<p>In den USA sehen sich FLINTA* mit einer massiven antifeministischen Bewegung konfrontiert. Die Besorgnis vieler US-Amerikaner*innen w\u00e4chst angesichts der Bef\u00fcrchtung, dass ihre Rechte durch eine m\u00f6gliche Trump-Regierung weiter eingeschr\u00e4nkt werden k\u00f6nnten (Barrow 2024). Die politische Landschaft wird zunehmend konservativer und christlich fundamentalistisch. Durch die Versch\u00e4rfung von Abtreibungsgesetzen in S\u00fcdstaaten ist der Zugang zu reproduktiver Gesundheitsversorgung, insbesondere seitdem das Gesetz Roe v. Wade gekippt wurde, quasi unm\u00f6glich (Kolb 2023).<\/p>\n<p>Das politische Engagement US-amerikanischer FLINTA* ist \u00e4u\u00dferst vielf\u00e4ltig und komplex, da es eine breite Palette von Lebenserfahrungen und Hintergr\u00fcnden umfasst. Women of Color machen unterschiedliche Erfahrungen je nach ihrer ethnischen Zugeh\u00f6rigkeit. Afroamerikanische FLINTA*, Latinex und amerikanische Ureinwohner*innen erleben jeweils verschiedene Formen der sozialen Mobilit\u00e4t und Diskriminierung, abh\u00e4ngig von Bildung, Alter, Besch\u00e4ftigungsstatus und Wohnort (Putnam 2020). Diese Faktoren pr\u00e4gen ihr politisches Engagement und Selbstverst\u00e4ndnis ma\u00dfgeblich, folglich wird auch die zunehmende Radikalisierung im Land unterschiedlich wahrgenommen.<\/p>\n<\/div>\n<\/div>\n<\/div>\n<\/div>\n<\/div>\n<\/div><\/div>\n\t\t\t<\/div><div class=\"et_pb_module et_d4_element et_pb_heading et_pb_heading_3 et_pb_bg_layout_\">\n\t\t\t\t\n\t\t\t\t\n\t\t\t\t\n\t\t\t\t\n\t\t\t\t<div class=\"et_pb_heading_container\"><h1 class=\"et_pb_module_heading\">Die Rolle der Daten<\/h1><\/div>\n\t\t\t<\/div><div class=\"et_pb_module et_d4_element et_pb_text et_pb_text_2  et_pb_text_align_left et_pb_bg_layout_light\">\n\t\t\t\t\n\t\t\t\t\n\t\t\t\t\n\t\t\t\t\n\t\t\t\t<div class=\"et_pb_text_inner\"><p style=\"text-align: justify\"><span style=\"font-family: Courier Prime;font-weight: normal;color: #ffffff\">Die Reproduktion von Sexismen durch Daten ist der Deutschen \u00e4hnlich. Auch hier werden geschlechterspezifische Bed\u00fcrfnisse nicht durch Daten repr\u00e4sentiert, was in unzureichender Politik seinen Ausdruck findet, wie es Caroline Criado Perez in ihrem Buch \"Unsichtbare Frauen\" eindr\u00fccklich geschildert hat (Criado Perez 2020). Doch die Verbreitung religi\u00f6s fundamentalistischer Ideen in den USA beeinflusst zunehmend die Legitimit\u00e4t von Daten als Abbild wahren Gegebenheiten. Insbesondere in konservativen Kreisen werden empirische Ergebnisse oft infrage gestellt oder abgelehnt, wenn sie im Widerspruch zu religi\u00f6sen \u00dcberzeugungen stehen (Brandt\/Reyna 2010: 716 f.). Dies f\u00fchrt dazu, dass wissenschaftliche Erkenntnisse und Daten in Bereichen wie Geschlechtergerechtigkeit, reproduktive Rechte und LGBTQ+-Rechte weniger Beachtung finden oder sogar ignoriert werden, da sie nicht als relevant erachtet werden. Als Ergebnis werden die sexistischen Strukturen, die durch diese religi\u00f6sen \u00dcberzeugungen unterst\u00fctzt werden, weiter verst\u00e4rkt, da rationale Diskurse und evidenzbasierte Argumente untergraben werden. Somit wird die Verwendung von Daten als legitime Diskussionsgrundlage durch die Verbreitung religi\u00f6s fundamentalistischer Ideen zunehmend eingeschr\u00e4nkt.<\/span><\/p><\/div>\n\t\t\t<\/div>\n\t\t\t<\/div>\n\t\t\t\t\n\t\t\t\t\n\t\t\t\t\n\t\t\t\t\n\t\t\t<\/div><div class=\"et_d4_element et_pb_row et_pb_row_2  et_pb_css_mix_blend_mode et_block_row\">\n\t\t\t\t<div class=\"et_d4_element et_pb_column_4_4 et_pb_column et_pb_column_3  et_pb_css_mix_blend_mode et-last-child et_block_column\">\n\t\t\t\t\n\t\t\t\t\n\t\t\t\t\n\t\t\t\t\n\t\t\t\t<div class=\"et_pb_module et_d4_element et_pb_text et_pb_text_3  et_pb_text_align_left et_pb_bg_layout_light\">\n\t\t\t\t\n\t\t\t\t\n\t\t\t\t\n\t\t\t\t\n\t\t\t\t<div class=\"et_pb_text_inner\"><p>[1] CIA 2021<\/p>\n<p>[2] United States Census Bureau 2022<\/p>\n<p>[3] CIA 2021<\/p>\n<p>[4] CIA 2021<\/p><\/div>\n\t\t\t<\/div>\n\t\t\t<\/div>\n\t\t\t\t\n\t\t\t\t\n\t\t\t\t\n\t\t\t\t\n\t\t\t<\/div>\n\t\t\t\t\n\t\t\t\t\n\t\t\t<\/div>\n","protected":false},"excerpt":{"rendered":"","protected":false},"author":13631,"featured_media":0,"parent":0,"menu_order":0,"comment_status":"closed","ping_status":"closed","template":"","meta":{"_bbp_topic_count":0,"_bbp_reply_count":0,"_bbp_total_topic_count":0,"_bbp_total_reply_count":0,"_bbp_voice_count":0,"_bbp_anonymous_reply_count":0,"_bbp_topic_count_hidden":0,"_bbp_reply_count_hidden":0,"_bbp_forum_subforum_count":0,"_et_pb_use_builder":"on","_et_pb_old_content":"","_et_gb_content_width":"","footnotes":""},"class_list":["post-159","page","type-page","status-publish","hentry"],"_links":{"self":[{"href":"https:\/\/blogs.uni-bremen.de\/antifemdata\/wp-json\/wp\/v2\/pages\/159","targetHints":{"allow":["GET"]}}],"collection":[{"href":"https:\/\/blogs.uni-bremen.de\/antifemdata\/wp-json\/wp\/v2\/pages"}],"about":[{"href":"https:\/\/blogs.uni-bremen.de\/antifemdata\/wp-json\/wp\/v2\/types\/page"}],"author":[{"embeddable":true,"href":"https:\/\/blogs.uni-bremen.de\/antifemdata\/wp-json\/wp\/v2\/users\/13631"}],"replies":[{"embeddable":true,"href":"https:\/\/blogs.uni-bremen.de\/antifemdata\/wp-json\/wp\/v2\/comments?post=159"}],"version-history":[{"count":10,"href":"https:\/\/blogs.uni-bremen.de\/antifemdata\/wp-json\/wp\/v2\/pages\/159\/revisions"}],"predecessor-version":[{"id":597,"href":"https:\/\/blogs.uni-bremen.de\/antifemdata\/wp-json\/wp\/v2\/pages\/159\/revisions\/597"}],"wp:attachment":[{"href":"https:\/\/blogs.uni-bremen.de\/antifemdata\/wp-json\/wp\/v2\/media?parent=159"}],"curies":[{"name":"wp","href":"https:\/\/api.w.org\/{rel}","templated":true}]}}