{"id":26,"date":"2022-01-29T03:02:24","date_gmt":"2022-01-29T02:02:24","guid":{"rendered":"https:\/\/blogs.uni-bremen.de\/angabin\/?page_id=26"},"modified":"2022-01-30T01:54:38","modified_gmt":"2022-01-30T00:54:38","slug":"mini-croissant-cookies","status":"publish","type":"page","link":"https:\/\/blogs.uni-bremen.de\/angabin\/mini-croissant-cookies\/","title":{"rendered":"Mini-Croissant Cookies"},"content":{"rendered":"<p>Mir ist das Rezept f\u00fcr die Mini-Croissant Cookies schon vor unglaublich langer Zeit \u00fcber den Weg gelaufen und seitdem sind die kleinen s\u00fc\u00dfen Dinger mich, aber auch im Freundeskreis, nicht mehr wegzudenken.\u00a0 Wenn du also Lust hast etwas Neues auszuprobieren findest du hier und jetzt das Rezept f\u00fcr die Mini-Croissant Cookies:<\/p>\n<p>Zuerst verarbeitest Du die 100 g\u00a0<strong>Doppelrahmfrischk\u00e4se<\/strong>, die 100 g\u00a0<strong>Butter<\/strong>\u00a0(sie muss wirklich weich bzw. wachsweich sein) und 150 g\u00a0<strong>Mehl<\/strong>\u00a0mit der K\u00fcchenmaschine, Handmixer oder den H\u00e4nden zu einem glatten Teig und formst eine Kugel.<\/p>\n<ul>\n<li style=\"list-style-type: none\">\n<ul class=\"wprm-recipe-ingredients\" style=\"list-style-type: circle\">\n<li class=\"wprm-recipe-ingredient\" data-uid=\"2\"><span class=\"wprm-recipe-ingredient-amount\">150<\/span>\u00a0<span class=\"wprm-recipe-ingredient-unit\">g<\/span>\u00a0<span class=\"wprm-recipe-ingredient-name\">Mehl<\/span>\u00a0<span class=\"wprm-recipe-ingredient-notes wprm-recipe-ingredient-notes-smaller-faded\">Type 405<\/span><\/li>\n<li class=\"wprm-recipe-ingredient\" data-uid=\"4\"><span class=\"wprm-recipe-ingredient-amount\">100<\/span>\u00a0<span class=\"wprm-recipe-ingredient-unit\">g<\/span>\u00a0<span class=\"wprm-recipe-ingredient-name\">Butter<\/span>\u00a0<span class=\"wprm-recipe-ingredient-notes wprm-recipe-ingredient-notes-smaller-faded\">weich<\/span><\/li>\n<li class=\"wprm-recipe-ingredient\" data-uid=\"6\"><span class=\"wprm-recipe-ingredient-amount\">100<\/span>\u00a0<span class=\"wprm-recipe-ingredient-unit\">g<\/span>\u00a0<span class=\"wprm-recipe-ingredient-name\">Doppelrahmfrischk\u00e4se<\/span><\/li>\n<li class=\"wprm-recipe-ingredient\" data-uid=\"8\"><span class=\"wprm-recipe-ingredient-amount\">60<\/span>\u00a0<span class=\"wprm-recipe-ingredient-unit\">g<\/span> <span class=\"wprm-recipe-ingredient-name\">gemahlen<\/span> <span class=\"wprm-recipe-ingredient-notes wprm-recipe-ingredient-notes-smaller-faded\">Mandeln<\/span><\/li>\n<li class=\"wprm-recipe-ingredient\" data-uid=\"10\"><span class=\"wprm-recipe-ingredient-amount\">50<\/span>\u00a0<span class=\"wprm-recipe-ingredient-unit\">g<\/span>\u00a0<span class=\"wprm-recipe-ingredient-name\">Zucker, wei\u00df<\/span><\/li>\n<li class=\"wprm-recipe-ingredient\" data-uid=\"12\"><span class=\"wprm-recipe-ingredient-amount\">50<\/span>\u00a0<span class=\"wprm-recipe-ingredient-unit\">g<\/span>\u00a0<span class=\"wprm-recipe-ingredient-name\">Zucker, braun<\/span><\/li>\n<\/ul>\n<\/li>\n<\/ul>\n<p>Anschlie\u00dfend wickelst Du die <strong>Teig-Kugel in Frischhaltefolie <\/strong>und gibst sie in den\u00a0<strong>K\u00fchlschrank<\/strong>. F\u00fcr\u00a0<strong>mindestens 2 Stunden<\/strong> oder l\u00e4nger. Der Teig f\u00fcr die Mini-Croissant Cookies sind auch am n\u00e4chsten tag noch gut zum Backen, ideal zum Vorbereiten.<\/p>\n<div class=\"wprm-recipe-instruction-text\">Wenn Du mit dem Verarbeiten beginnst,<strong>\u00a0halbierst<\/strong>\u00a0Du den gek\u00fchlten Teig<strong>\u00a0<\/strong>und gibst die andere H\u00e4lfte wieder zur\u00fcck in den\u00a0<strong>K\u00fchlschrank<\/strong>.\u00a0Die Teigportion etwas weicher kneten, bevor Du sie ausrollst.<\/div>\n<p>Rechtzeitig den Backofen auf\u00a0<strong>160 Grad Umluft\u00a0<\/strong>vorheizen.<\/p>\n<p>F\u00fcr die F\u00fcllung vermischt Du<strong>\u00a0<\/strong>50 g wei\u00dfen\u00a0<strong>Zucker<\/strong>, 50 g braunen\u00a0<strong>Zucker<\/strong>\u00a0sowie 60 g gemahlene\u00a0<strong>Mandeln<\/strong>.<\/p>\n<p>Jetzt streust Du die\u00a0H\u00e4lfte der\u00a0<strong>Zucker-Nuss-Masse<\/strong>\u00a0auf die Arbeitsfl\u00e4che, legst die erste Teigportion (halbierte Teigmasse) darauf und rollst sie mit dem Nudelholz\u00a0<strong>auf ca. 26 cm<\/strong>\u00a0im\u00a0<strong>Durchmesser<\/strong>\u00a0aus.<\/p>\n<p>Dabei\u00a0<strong>wendest Du<\/strong>\u00a0<strong>den Teig ab und zu\u00a0<\/strong>und\u00a0<strong>kehrst<\/strong>\u00a0sozusagen die\u00a0<strong>Zucker-Nuss-Mischung\u00a0<\/strong>immer wieder damit\u00a0<strong>auf<\/strong>. So arbeitet sich alles sch\u00f6n rein.<\/p>\n<p>Du rollst die\u00a0<strong>Teig-Scheibe\u00a0<\/strong>so lange mit dem Nudelholz aus bist Du eine runde Form mit 26 cm Durchmesser hast. Sollte der Teig nicht exakt rund werden, ist das nicht schlimm Du kannst ihn auch mit dem Messer etwas rund nachschneiden.<\/p>\n<p>Aus der Teig-Scheibe schneidest Du 16 schmale \u201eTortenst\u00fccke\u201c aus.<\/p>\n<p>Die\u00a0<b>&#8222;Tortenst\u00fccke&#8220;\u00a0<\/b>werden\u00a0<b>von der breiten Seite her aufgerollt\u00a0<\/b>und leicht zu H\u00f6rnchen gebogen. Dann legst Du sie mit der Spitze nach unten auf ein mit Backpapier belegtes Blech.<\/p>\n<p>Mit der zweiten Teigh\u00e4lfte gehst Du genauso vor.\u00a0<strong>32 St\u00fcck<\/strong>\u00a0passen wunderbar auf\u00a0<strong>ein Backblech<\/strong>.\u00a0Dann kommen die Nussh\u00f6rnchen auf der<strong>\u00a0mittleren Schiene\u00a0<\/strong>f\u00fcr\u00a0<strong>12-15 Minuten\u00a0<\/strong>in den Backofen, bis die Mini-Croissant Cookies goldgelb gebacken sind.<\/p>\n<p>Nach dem Backen l\u00e4sst Du sie auf einem Kuchengitter vollst\u00e4ndig ausk\u00fchlen. In einer Keksdose halten sich die Mini-Croissant Cookies theoretisch 14 Tage &#8211; wie gesagt &#8222;theoretisch&#8220; !<\/p>\n","protected":false},"excerpt":{"rendered":"<p>Mir ist das Rezept f\u00fcr die Mini-Croissant Cookies schon vor unglaublich langer Zeit \u00fcber den Weg gelaufen und seitdem sind die kleinen s\u00fc\u00dfen Dinger mich, aber auch im Freundeskreis, nicht mehr wegzudenken.\u00a0 Wenn du also Lust hast etwas Neues auszuprobieren findest du hier und jetzt das Rezept f\u00fcr die Mini-Croissant Cookies: Zuerst verarbeitest Du die [&hellip;]<\/p>\n","protected":false},"author":13810,"featured_media":27,"parent":0,"menu_order":0,"comment_status":"closed","ping_status":"closed","template":"","meta":{"_bbp_topic_count":0,"_bbp_reply_count":0,"_bbp_total_topic_count":0,"_bbp_total_reply_count":0,"_bbp_voice_count":0,"_bbp_anonymous_reply_count":0,"_bbp_topic_count_hidden":0,"_bbp_reply_count_hidden":0,"_bbp_forum_subforum_count":0,"footnotes":""},"class_list":["post-26","page","type-page","status-publish","has-post-thumbnail","hentry","post-preview"],"yoast_head":"<!-- This site is optimized with the Yoast SEO plugin v27.3 - https:\/\/yoast.com\/product\/yoast-seo-wordpress\/ -->\n<title>Mini-Croissant Cookies - Angabin - the hungry artist<\/title>\n<meta name=\"robots\" content=\"index, follow, max-snippet:-1, max-image-preview:large, max-video-preview:-1\" \/>\n<link rel=\"canonical\" href=\"https:\/\/blogs.uni-bremen.de\/angabin\/mini-croissant-cookies\/\" class=\"yoast-seo-meta-tag\" \/>\n<meta property=\"og:locale\" content=\"de_DE\" class=\"yoast-seo-meta-tag\" \/>\n<meta property=\"og:type\" content=\"article\" class=\"yoast-seo-meta-tag\" \/>\n<meta property=\"og:title\" content=\"Mini-Croissant Cookies - Angabin - the hungry artist\" class=\"yoast-seo-meta-tag\" \/>\n<meta property=\"og:description\" content=\"Mir ist das Rezept f\u00fcr die Mini-Croissant Cookies schon vor unglaublich langer Zeit \u00fcber den Weg gelaufen und seitdem sind die kleinen s\u00fc\u00dfen Dinger mich, aber auch im Freundeskreis, nicht mehr wegzudenken.\u00a0 Wenn du also Lust hast etwas Neues auszuprobieren findest du hier und jetzt das Rezept f\u00fcr die Mini-Croissant Cookies: Zuerst verarbeitest Du die [&hellip;]\" class=\"yoast-seo-meta-tag\" \/>\n<meta property=\"og:url\" content=\"https:\/\/blogs.uni-bremen.de\/angabin\/mini-croissant-cookies\/\" class=\"yoast-seo-meta-tag\" \/>\n<meta property=\"og:site_name\" content=\"Angabin - the hungry artist\" class=\"yoast-seo-meta-tag\" \/>\n<meta property=\"article:modified_time\" content=\"2022-01-30T00:54:38+00:00\" class=\"yoast-seo-meta-tag\" \/>\n<meta property=\"og:image\" content=\"https:\/\/blogs.uni-bremen.de\/angabin\/files\/Vollbildaufzeichnung-29.01.2022-024620.bmp_.jpg\" class=\"yoast-seo-meta-tag\" \/>\n\t<meta property=\"og:image:width\" content=\"757\" class=\"yoast-seo-meta-tag\" \/>\n\t<meta property=\"og:image:height\" content=\"473\" class=\"yoast-seo-meta-tag\" \/>\n\t<meta property=\"og:image:type\" content=\"image\/jpeg\" class=\"yoast-seo-meta-tag\" \/>\n<meta name=\"twitter:card\" content=\"summary_large_image\" class=\"yoast-seo-meta-tag\" \/>\n<meta name=\"twitter:label1\" content=\"Gesch\u00e4tzte Lesezeit\" class=\"yoast-seo-meta-tag\" \/>\n\t<meta name=\"twitter:data1\" content=\"3\u00a0Minuten\" class=\"yoast-seo-meta-tag\" \/>\n<script type=\"application\/ld+json\" class=\"yoast-schema-graph\">{\"@context\":\"https:\\\/\\\/schema.org\",\"@graph\":[{\"@type\":\"WebPage\",\"@id\":\"https:\\\/\\\/blogs.uni-bremen.de\\\/angabin\\\/mini-croissant-cookies\\\/\",\"url\":\"https:\\\/\\\/blogs.uni-bremen.de\\\/angabin\\\/mini-croissant-cookies\\\/\",\"name\":\"Mini-Croissant Cookies - Angabin - the hungry artist\",\"isPartOf\":{\"@id\":\"https:\\\/\\\/blogs.uni-bremen.de\\\/angabin\\\/#website\"},\"primaryImageOfPage\":{\"@id\":\"https:\\\/\\\/blogs.uni-bremen.de\\\/angabin\\\/mini-croissant-cookies\\\/#primaryimage\"},\"image\":{\"@id\":\"https:\\\/\\\/blogs.uni-bremen.de\\\/angabin\\\/mini-croissant-cookies\\\/#primaryimage\"},\"thumbnailUrl\":\"https:\\\/\\\/blogs.uni-bremen.de\\\/angabin\\\/files\\\/Vollbildaufzeichnung-29.01.2022-024620.bmp_.jpg\",\"datePublished\":\"2022-01-29T02:02:24+00:00\",\"dateModified\":\"2022-01-30T00:54:38+00:00\",\"breadcrumb\":{\"@id\":\"https:\\\/\\\/blogs.uni-bremen.de\\\/angabin\\\/mini-croissant-cookies\\\/#breadcrumb\"},\"inLanguage\":\"de\",\"potentialAction\":[{\"@type\":\"ReadAction\",\"target\":[\"https:\\\/\\\/blogs.uni-bremen.de\\\/angabin\\\/mini-croissant-cookies\\\/\"]}]},{\"@type\":\"ImageObject\",\"inLanguage\":\"de\",\"@id\":\"https:\\\/\\\/blogs.uni-bremen.de\\\/angabin\\\/mini-croissant-cookies\\\/#primaryimage\",\"url\":\"https:\\\/\\\/blogs.uni-bremen.de\\\/angabin\\\/files\\\/Vollbildaufzeichnung-29.01.2022-024620.bmp_.jpg\",\"contentUrl\":\"https:\\\/\\\/blogs.uni-bremen.de\\\/angabin\\\/files\\\/Vollbildaufzeichnung-29.01.2022-024620.bmp_.jpg\",\"width\":757,\"height\":473,\"caption\":\"mini croissant cookies\"},{\"@type\":\"BreadcrumbList\",\"@id\":\"https:\\\/\\\/blogs.uni-bremen.de\\\/angabin\\\/mini-croissant-cookies\\\/#breadcrumb\",\"itemListElement\":[{\"@type\":\"ListItem\",\"position\":1,\"name\":\"Startseite\",\"item\":\"https:\\\/\\\/blogs.uni-bremen.de\\\/angabin\\\/\"},{\"@type\":\"ListItem\",\"position\":2,\"name\":\"Mini-Croissant Cookies\"}]},{\"@type\":\"WebSite\",\"@id\":\"https:\\\/\\\/blogs.uni-bremen.de\\\/angabin\\\/#website\",\"url\":\"https:\\\/\\\/blogs.uni-bremen.de\\\/angabin\\\/\",\"name\":\"Angabin - the hungry artist\",\"description\":\"\",\"potentialAction\":[{\"@type\":\"SearchAction\",\"target\":{\"@type\":\"EntryPoint\",\"urlTemplate\":\"https:\\\/\\\/blogs.uni-bremen.de\\\/angabin\\\/?s={search_term_string}\"},\"query-input\":{\"@type\":\"PropertyValueSpecification\",\"valueRequired\":true,\"valueName\":\"search_term_string\"}}],\"inLanguage\":\"de\"}]}<\/script>\n<!-- \/ Yoast SEO plugin. -->","yoast_head_json":{"title":"Mini-Croissant Cookies - Angabin - the hungry artist","robots":{"index":"index","follow":"follow","max-snippet":"max-snippet:-1","max-image-preview":"max-image-preview:large","max-video-preview":"max-video-preview:-1"},"canonical":"https:\/\/blogs.uni-bremen.de\/angabin\/mini-croissant-cookies\/","og_locale":"de_DE","og_type":"article","og_title":"Mini-Croissant Cookies - Angabin - the hungry artist","og_description":"Mir ist das Rezept f\u00fcr die Mini-Croissant Cookies schon vor unglaublich langer Zeit \u00fcber den Weg gelaufen und seitdem sind die kleinen s\u00fc\u00dfen Dinger mich, aber auch im Freundeskreis, nicht mehr wegzudenken.\u00a0 Wenn du also Lust hast etwas Neues auszuprobieren findest du hier und jetzt das Rezept f\u00fcr die Mini-Croissant Cookies: Zuerst verarbeitest Du die [&hellip;]","og_url":"https:\/\/blogs.uni-bremen.de\/angabin\/mini-croissant-cookies\/","og_site_name":"Angabin - the hungry artist","article_modified_time":"2022-01-30T00:54:38+00:00","og_image":[{"width":757,"height":473,"url":"https:\/\/blogs.uni-bremen.de\/angabin\/files\/Vollbildaufzeichnung-29.01.2022-024620.bmp_.jpg","type":"image\/jpeg"}],"twitter_card":"summary_large_image","twitter_misc":{"Gesch\u00e4tzte Lesezeit":"3\u00a0Minuten"},"schema":{"@context":"https:\/\/schema.org","@graph":[{"@type":"WebPage","@id":"https:\/\/blogs.uni-bremen.de\/angabin\/mini-croissant-cookies\/","url":"https:\/\/blogs.uni-bremen.de\/angabin\/mini-croissant-cookies\/","name":"Mini-Croissant Cookies - Angabin - the hungry artist","isPartOf":{"@id":"https:\/\/blogs.uni-bremen.de\/angabin\/#website"},"primaryImageOfPage":{"@id":"https:\/\/blogs.uni-bremen.de\/angabin\/mini-croissant-cookies\/#primaryimage"},"image":{"@id":"https:\/\/blogs.uni-bremen.de\/angabin\/mini-croissant-cookies\/#primaryimage"},"thumbnailUrl":"https:\/\/blogs.uni-bremen.de\/angabin\/files\/Vollbildaufzeichnung-29.01.2022-024620.bmp_.jpg","datePublished":"2022-01-29T02:02:24+00:00","dateModified":"2022-01-30T00:54:38+00:00","breadcrumb":{"@id":"https:\/\/blogs.uni-bremen.de\/angabin\/mini-croissant-cookies\/#breadcrumb"},"inLanguage":"de","potentialAction":[{"@type":"ReadAction","target":["https:\/\/blogs.uni-bremen.de\/angabin\/mini-croissant-cookies\/"]}]},{"@type":"ImageObject","inLanguage":"de","@id":"https:\/\/blogs.uni-bremen.de\/angabin\/mini-croissant-cookies\/#primaryimage","url":"https:\/\/blogs.uni-bremen.de\/angabin\/files\/Vollbildaufzeichnung-29.01.2022-024620.bmp_.jpg","contentUrl":"https:\/\/blogs.uni-bremen.de\/angabin\/files\/Vollbildaufzeichnung-29.01.2022-024620.bmp_.jpg","width":757,"height":473,"caption":"mini croissant cookies"},{"@type":"BreadcrumbList","@id":"https:\/\/blogs.uni-bremen.de\/angabin\/mini-croissant-cookies\/#breadcrumb","itemListElement":[{"@type":"ListItem","position":1,"name":"Startseite","item":"https:\/\/blogs.uni-bremen.de\/angabin\/"},{"@type":"ListItem","position":2,"name":"Mini-Croissant Cookies"}]},{"@type":"WebSite","@id":"https:\/\/blogs.uni-bremen.de\/angabin\/#website","url":"https:\/\/blogs.uni-bremen.de\/angabin\/","name":"Angabin - the hungry artist","description":"","potentialAction":[{"@type":"SearchAction","target":{"@type":"EntryPoint","urlTemplate":"https:\/\/blogs.uni-bremen.de\/angabin\/?s={search_term_string}"},"query-input":{"@type":"PropertyValueSpecification","valueRequired":true,"valueName":"search_term_string"}}],"inLanguage":"de"}]}},"_links":{"self":[{"href":"https:\/\/blogs.uni-bremen.de\/angabin\/wp-json\/wp\/v2\/pages\/26","targetHints":{"allow":["GET"]}}],"collection":[{"href":"https:\/\/blogs.uni-bremen.de\/angabin\/wp-json\/wp\/v2\/pages"}],"about":[{"href":"https:\/\/blogs.uni-bremen.de\/angabin\/wp-json\/wp\/v2\/types\/page"}],"author":[{"embeddable":true,"href":"https:\/\/blogs.uni-bremen.de\/angabin\/wp-json\/wp\/v2\/users\/13810"}],"replies":[{"embeddable":true,"href":"https:\/\/blogs.uni-bremen.de\/angabin\/wp-json\/wp\/v2\/comments?post=26"}],"version-history":[{"count":3,"href":"https:\/\/blogs.uni-bremen.de\/angabin\/wp-json\/wp\/v2\/pages\/26\/revisions"}],"predecessor-version":[{"id":38,"href":"https:\/\/blogs.uni-bremen.de\/angabin\/wp-json\/wp\/v2\/pages\/26\/revisions\/38"}],"wp:featuredmedia":[{"embeddable":true,"href":"https:\/\/blogs.uni-bremen.de\/angabin\/wp-json\/wp\/v2\/media\/27"}],"wp:attachment":[{"href":"https:\/\/blogs.uni-bremen.de\/angabin\/wp-json\/wp\/v2\/media?parent=26"}],"curies":[{"name":"wp","href":"https:\/\/api.w.org\/{rel}","templated":true}]}}