{"id":63,"date":"2017-07-16T12:00:15","date_gmt":"2017-07-16T10:00:15","guid":{"rendered":"https:\/\/blogs.uni-bremen.de\/alin\/?page_id=63"},"modified":"2023-11-01T11:01:31","modified_gmt":"2023-11-01T10:01:31","slug":"ausserschulische-lernorte-inklusiv","status":"publish","type":"page","link":"https:\/\/blogs.uni-bremen.de\/alin\/ausserschulische-lernorte-inklusiv\/","title":{"rendered":"Au\u00dferschulische Lernorte inklusiv"},"content":{"rendered":"<p><div class=\"et_d4_element et_pb_section et_pb_section_0  et_pb_css_mix_blend_mode et_section_regular et_block_section\" >\n\t\t\t\t\n\t\t\t\t\n\t\t\t\t\n\t\t\t\t\n\t\t\t\t\n\t\t\t\t\n\t\t\t\t<div class=\"et_d4_element et_pb_row et_pb_row_0  et_pb_css_mix_blend_mode et_block_row\">\n\t\t\t\t<div class=\"et_d4_element et_pb_column_1_2 et_pb_column et_pb_column_0  et_pb_css_mix_blend_mode et_block_column\">\n\t\t\t\t\n\t\t\t\t\n\t\t\t\t\n\t\t\t\t\n\t\t\t\t<div class=\"et_pb_module et_d4_element et_pb_text et_pb_text_0  et_pb_text_align_left et_pb_bg_layout_light\">\n\t\t\t\t\n\t\t\t\t\n\t\t\t\t\n\t\t\t\t\n\t\t\t\t<div class=\"et_pb_text_inner\"><p><span style=\"font-size: 18pt\"><strong>Au\u00dferschulische<\/strong><\/span><\/p>\n<p><span style=\"font-size: 18pt\"><strong>\u00a0\u00a0 \u00a0\u00a0\u00a0\u00a0\u00a0\u00a0\u00a0\u00a0 \u00a0 \u00a0 \u00a0 \u00a0\u00a0 \u00a0\u00a0 <\/strong><strong>Lernorte<\/strong><\/span><\/p>\n<p><strong><span style=\"font-size: 18pt\">\u00a0\u00a0\u00a0\u00a0\u00a0\u00a0\u00a0\u00a0\u00a0\u00a0\u00a0\u00a0\u00a0\u00a0\u00a0\u00a0\u00a0\u00a0\u00a0\u00a0\u00a0\u00a0\u00a0\u00a0\u00a0\u00a0\u00a0\u00a0\u00a0\u00a0\u00a0\u00a0\u00a0\u00a0\u00a0\u00a0\u00a0\u00a0\u00a0\u00a0\u00a0\u00a0 <span style=\"color: #0000ff\">i<span style=\"color: #00ff00\">n<span style=\"color: #800080\">k<span style=\"color: #ffff00\">l<span style=\"color: #808080\">u<span style=\"color: #ff0000\">s<span style=\"color: #008000\">i<span style=\"color: #ff00ff\">v<\/span><\/span><\/span><\/span><\/span><\/span><\/span><\/span><\/span><br \/>\n<\/strong><\/p>\n<p>\u201eAu\u00dferschulische Lernorte inklusiv\u201c ist ein Projekt der Inklusiven P\u00e4dagogik im Rahmen der Lehramtsausbildung an der Universit\u00e4t Bremen.<\/p>\n<p style=\"text-align: justify\">Studierende ab dem 3. Bachelorsemester erkunden au\u00dferschulische Lernorte, hospitieren in Best Practice-Einrichtungen oder erschlie\u00dfen selbst Lernorte f\u00fcr inklusive Gruppen. Im Rahmen von Bachelor- oder Masterarbeiten k\u00f6nnen bestehende Programme beforscht oder neue Konzepte entwickelt werden. Dies kann allein, im Team oder in Kleingruppen geschehen - zumeist in Kooperation mit den Fachleuten vor Ort. Die Studierenden werden dabei von Wissenschaftler*innen der Universit\u00e4t und \/ oder den kooperierenden Institutionen unterst\u00fctzt. Die Ergebnisse werden auf unterschiedlichen Wegen zur freien Nutzung f\u00fcr Sch\u00fcler*innen, Lehrer*innen, Schulen und interessierte Institutionen zur Verf\u00fcgung gestellt.<\/p>\n<p style=\"text-align: justify\">Es gibt ganz unterschiedliche M\u00f6glichkeiten sich am Projekt zu beteiligen - als Institution, Schule, Lerngruppe oder Studierende im Rahmen der Bachelor- oder Masterarbeit, im Rahmen des Praxissemesters oder eines Studienpraxisprojekts.<\/p><\/div>\n\t\t\t<\/div>\n\t\t\t<\/div><div class=\"et_d4_element et_pb_column_1_2 et_pb_column et_pb_column_1  et_pb_css_mix_blend_mode et-last-child et_block_column\">\n\t\t\t\t\n\t\t\t\t\n\t\t\t\t\n\t\t\t\t\n\t\t\t\t<div class=\"et_pb_module et_d4_element et_pb_divider_0 et_pb_space et_pb_divider_hidden\"><div class=\"et_pb_divider_internal\"><\/div><\/div><div class=\"et_pb_module et_d4_element et_pb_divider_1 et_pb_space et_pb_divider_hidden\"><div class=\"et_pb_divider_internal\"><\/div><\/div><div class=\"et_pb_module et_d4_element et_pb_divider_2 et_pb_space et_pb_divider_hidden\"><div class=\"et_pb_divider_internal\"><\/div><\/div><div class=\"et_pb_module et_d4_element et_pb_divider_3 et_pb_space et_pb_divider_hidden\"><div class=\"et_pb_divider_internal\"><\/div><\/div><div class=\"et_pb_module et_d4_element et_pb_divider_4 et_pb_space et_pb_divider_hidden\"><div class=\"et_pb_divider_internal\"><\/div><\/div><div class=\"et_pb_module et_d4_element et_pb_gallery et_pb_gallery_0  et_pb_bg_layout_light et_pb_gallery_grid\">\n\t\t\t\t<div class=\"et_pb_gallery_items et_pb_grid_items et_post_gallery clearfix\" data-per_page=\"4\"><div class=\"et_pb_gallery_item et_pb_grid_item et_pb_bg_layout_light et_pb_css_mix_blend_mode et_pb_gallery_item_0_0\"><div class=\"et_pb_gallery_image landscape\">\n\t\t\t\t\t<a href=\"https:\/\/blogs.uni-bremen.de\/alin\/files\/2019\/02\/image001.png\" title=\"\" data-rel=\"lightbox-image-0\" data-rl_title=\"\" data-rl_caption=\"\">\n\t\t\t\t\t<img loading=\"lazy\" decoding=\"async\" width=\"400\" height=\"284\" src=\"https:\/\/blogs.uni-bremen.de\/alin\/files\/2019\/02\/image001-400x284.png\" srcset=\"https:\/\/blogs.uni-bremen.de\/alin\/files\/2019\/02\/image001.png 479w, https:\/\/blogs.uni-bremen.de\/alin\/files\/2019\/02\/image001-400x284.png 480w\" sizes=\"(max-width:479px) 479px, 100vw\" class=\"wp-image-501\" \/>\n\t\t\t\t\t<span class=\"et_overlay\"><\/span>\n\t\t\t\t<\/a>\n\t\t\t\t<\/div><\/div><div class=\"et_pb_gallery_item et_pb_grid_item et_pb_bg_layout_light et_pb_css_mix_blend_mode et_pb_gallery_item_0_1\"><div class=\"et_pb_gallery_image landscape\">\n\t\t\t\t\t<a href=\"https:\/\/blogs.uni-bremen.de\/alin\/files\/2019\/02\/image002.png\" title=\"\" data-rel=\"lightbox-image-1\" data-rl_title=\"\" data-rl_caption=\"\">\n\t\t\t\t\t<img loading=\"lazy\" decoding=\"async\" width=\"400\" height=\"284\" src=\"https:\/\/blogs.uni-bremen.de\/alin\/files\/2019\/02\/image002-400x284.png\" srcset=\"https:\/\/blogs.uni-bremen.de\/alin\/files\/2019\/02\/image002.png 479w, https:\/\/blogs.uni-bremen.de\/alin\/files\/2019\/02\/image002-400x284.png 480w\" sizes=\"(max-width:479px) 479px, 100vw\" class=\"wp-image-502\" \/>\n\t\t\t\t\t<span class=\"et_overlay\"><\/span>\n\t\t\t\t<\/a>\n\t\t\t\t<\/div><\/div><div class=\"et_pb_gallery_item et_pb_grid_item et_pb_bg_layout_light et_pb_css_mix_blend_mode et_pb_gallery_item_0_2\"><div class=\"et_pb_gallery_image landscape\">\n\t\t\t\t\t<a href=\"https:\/\/blogs.uni-bremen.de\/alin\/files\/2019\/02\/image003.png\" title=\"\" data-rel=\"lightbox-image-2\" data-rl_title=\"\" data-rl_caption=\"\">\n\t\t\t\t\t<img loading=\"lazy\" decoding=\"async\" width=\"400\" height=\"284\" src=\"https:\/\/blogs.uni-bremen.de\/alin\/files\/2019\/02\/image003-400x284.png\" srcset=\"https:\/\/blogs.uni-bremen.de\/alin\/files\/2019\/02\/image003.png 479w, https:\/\/blogs.uni-bremen.de\/alin\/files\/2019\/02\/image003-400x284.png 480w\" sizes=\"(max-width:479px) 479px, 100vw\" class=\"wp-image-503\" \/>\n\t\t\t\t\t<span class=\"et_overlay\"><\/span>\n\t\t\t\t<\/a>\n\t\t\t\t<\/div><\/div><div class=\"et_pb_gallery_item et_pb_grid_item et_pb_bg_layout_light et_pb_css_mix_blend_mode et_pb_gallery_item_0_3\"><div class=\"et_pb_gallery_image landscape\">\n\t\t\t\t\t<a href=\"https:\/\/blogs.uni-bremen.de\/alin\/files\/2019\/02\/IMG_5729.jpg\" title=\"\" data-rel=\"lightbox-image-3\" data-rl_title=\"\" data-rl_caption=\"\">\n\t\t\t\t\t<img loading=\"lazy\" decoding=\"async\" width=\"400\" height=\"284\" src=\"https:\/\/blogs.uni-bremen.de\/alin\/files\/2019\/02\/IMG_5729-400x284.jpg\" srcset=\"https:\/\/blogs.uni-bremen.de\/alin\/files\/2019\/02\/IMG_5729.jpg 479w, https:\/\/blogs.uni-bremen.de\/alin\/files\/2019\/02\/IMG_5729-400x284.jpg 480w\" sizes=\"(max-width:479px) 479px, 100vw\" class=\"wp-image-504\" \/>\n\t\t\t\t\t<span class=\"et_overlay\"><\/span>\n\t\t\t\t<\/a>\n\t\t\t\t<\/div><\/div><\/div><\/div>\n\t\t\t<\/div>\n\t\t\t\t\n\t\t\t\t\n\t\t\t\t\n\t\t\t\t\n\t\t\t<\/div>\n\t\t\t\t\n\t\t\t\t\n\t\t\t<\/div><div class=\"et_d4_element et_pb_section et_pb_section_1  et_pb_css_mix_blend_mode et_section_specialty et_block_section\" >\n\t\t\t\t\n\t\t\t\t\n\t\t\t\t\n\t\t\t\t\n\t\t\t\t\n\t\t\t\t<div class=\"et_pb_row et_block_row et_d4_element\">\n\t\t\t\t\n\t\t\t\t<\/div>\n\t\t\t\t\n\t\t\t<\/div><\/p>\n","protected":false},"excerpt":{"rendered":"","protected":false},"author":7029,"featured_media":0,"parent":0,"menu_order":2,"comment_status":"closed","ping_status":"closed","template":"","meta":{"_bbp_topic_count":0,"_bbp_reply_count":0,"_bbp_total_topic_count":0,"_bbp_total_reply_count":0,"_bbp_voice_count":0,"_bbp_anonymous_reply_count":0,"_bbp_topic_count_hidden":0,"_bbp_reply_count_hidden":0,"_bbp_forum_subforum_count":0,"_et_pb_use_builder":"on","_et_pb_old_content":"<p><span style=\"font-size: 18pt;\"><strong>Au\u00dferschulische<\/strong><\/span><\/p><p><span style=\"font-size: 18pt;\"><strong>\u00a0\u00a0 \u00a0\u00a0\u00a0\u00a0\u00a0\u00a0\u00a0\u00a0 \u00a0 \u00a0 \u00a0 \u00a0\u00a0 \u00a0\u00a0 <\/strong><strong>Lernorte<\/strong><\/span><\/p><p><strong><span style=\"font-size: 18pt;\">\u00a0\u00a0\u00a0\u00a0\u00a0\u00a0\u00a0\u00a0\u00a0\u00a0\u00a0\u00a0\u00a0\u00a0\u00a0\u00a0\u00a0\u00a0\u00a0\u00a0\u00a0\u00a0\u00a0\u00a0\u00a0\u00a0\u00a0\u00a0\u00a0\u00a0\u00a0\u00a0\u00a0\u00a0\u00a0\u00a0\u00a0\u00a0\u00a0\u00a0\u00a0\u00a0 <span style=\"color: #0000ff;\">i<span style=\"color: #00ff00;\">n<span style=\"color: #800080;\">k<span style=\"color: #ffff00;\">l<span style=\"color: #808080;\">u<span style=\"color: #ff0000;\">s<span style=\"color: #008000;\">i<span style=\"color: #ff00ff;\">v<\/span><\/span><\/span><\/span><\/span><\/span><\/span><\/span><\/span><br \/> <\/strong><\/p><p>\u201eAu\u00dferschulische Lernorte inklusiv\u201c ist ein Projekt der Inklusiven P\u00e4dagogik im Rahmen der Lehramtsausbildung an der Universit\u00e4t Bremen.<\/p><p>Studierende ab dem 3. Bachelorstudierende erkunden au\u00dferschulische Lernorte, hospitieren in Best Practise - Einrichtungen oder erschlie\u00dfen selbst Lernorte f\u00fcr inklusive Gruppen. Im Rahmen von Bachelor- oder Masterarbeiten k\u00f6nnen bestehende Programme beforscht oder neue Konzepte entwickelt werden. Dies kann allein, im Team oder in Kleingruppen geschehen - zumeist in Kooperation mit den Fachleuten vor Ort. Die Studierenden werden dabei von Wissenschaftler*innen der Universit\u00e4t und \/ oder den kooperierenden Institutionen unterst\u00fctzt. Die Ergebnisse werden auf unterschiedlichen Wegen zur freien Nutzung f\u00fcr Sch\u00fcler*innen, Lehrer*innen, Schulen und interessierte Institutionen zur Verf\u00fcgung gestellt.<\/p><p>Es gibt ganz unterschiedliche M\u00f6glichkeiten, sich am Projekt zu beteiligen - als Institution, als Schule, als Lerngruppe oder als Studierende im Rahmen der Bachelor- oder Masterarbeit, im Rahmen des Praxissemesters, eines Studienpraxisprojekts.<\/p>","_et_gb_content_width":"","footnotes":""},"class_list":["post-63","page","type-page","status-publish","hentry"],"_links":{"self":[{"href":"https:\/\/blogs.uni-bremen.de\/alin\/wp-json\/wp\/v2\/pages\/63","targetHints":{"allow":["GET"]}}],"collection":[{"href":"https:\/\/blogs.uni-bremen.de\/alin\/wp-json\/wp\/v2\/pages"}],"about":[{"href":"https:\/\/blogs.uni-bremen.de\/alin\/wp-json\/wp\/v2\/types\/page"}],"author":[{"embeddable":true,"href":"https:\/\/blogs.uni-bremen.de\/alin\/wp-json\/wp\/v2\/users\/7029"}],"replies":[{"embeddable":true,"href":"https:\/\/blogs.uni-bremen.de\/alin\/wp-json\/wp\/v2\/comments?post=63"}],"version-history":[{"count":5,"href":"https:\/\/blogs.uni-bremen.de\/alin\/wp-json\/wp\/v2\/pages\/63\/revisions"}],"predecessor-version":[{"id":533,"href":"https:\/\/blogs.uni-bremen.de\/alin\/wp-json\/wp\/v2\/pages\/63\/revisions\/533"}],"wp:attachment":[{"href":"https:\/\/blogs.uni-bremen.de\/alin\/wp-json\/wp\/v2\/media?parent=63"}],"curies":[{"name":"wp","href":"https:\/\/api.w.org\/{rel}","templated":true}]}}