{"id":79,"date":"2013-08-26T16:44:42","date_gmt":"2013-08-26T14:44:42","guid":{"rendered":"http:\/\/blogs.uni-bremen.de\/aktive2013\/?page_id=79"},"modified":"2013-11-24T19:56:27","modified_gmt":"2013-11-24T17:56:27","slug":"archiv","status":"publish","type":"page","link":"https:\/\/blogs.uni-bremen.de\/aktive2013\/archiv\/","title":{"rendered":"Archiv"},"content":{"rendered":"<p><span style=\"font-size: small;color: #000000\">Im Archiv werden Unterlagen und Dokumente zum aktuellen K\u00fcrzungsdiskurs zusammen getragen. Helfen Sie uns das Archiv auf dem neusten Stand zu halten, indem Sie uns relevante Informationen zukommen lassen. In der Unterkategorien <span style=\"color: #ff9900\"><a href=\"http:\/\/blogs.uni-bremen.de\/aktive2013\/protestwoche\/\"><span style=\"color: #ff9900\">Protestwoche<\/span><\/a><\/span>, <span style=\"color: #ff9900\"><a href=\"http:\/\/blogs.uni-bremen.de\/aktive2013\/demos\/\"><span style=\"color: #ff9900\">Demos<\/span><\/a><\/span> und\u00a0<span style=\"color: #ff9900\"><a href=\"http:\/\/blogs.uni-bremen.de\/aktive2013\/literatur\/\"><span style=\"color: #ff9900\">Literatur<\/span><\/a><\/span> finden Sie zudem eine Dokumentation \u00fcber bisherige Protestaktionen und weitere Leseempfehlungen.\u00a0<\/span><\/p>\n<p><span style=\"font-size: small\"><em><span style=\"color: #000000\">Das Archiv ist alphabetisch sortiert.<\/span><br \/>\n&#8212;&#8212;&#8212;&#8212;&#8212;&#8212;&#8212;&#8212;&#8212;&#8212;&#8212;&#8212;&#8212;&#8212;&#8212;&#8212;&#8212;&#8212;&#8212;&#8212;&#8212;&#8212;&#8212;&#8212;&#8212;&#8212;&#8212;&#8212;&#8212;&#8212;&#8212;&#8212;&#8212;&#8212;&#8212;&#8212;&#8212;&#8212;&#8212;&#8212;&#8212;&#8211;<\/em><\/span><strong><\/strong><\/p>\n<p><strong>A<br \/>\n<\/strong><span style=\"font-size: small\">Aktionsb\u00fcndnistreffen &#8211; <span style=\"color: #ff9900\">a<\/span><span style=\"color: #ff9900\"><a title=\"Alte Termine\" href=\"http:\/\/blogs.uni-bremen.de\/aktive2013\/alte-termine\/\"><span style=\"color: #ff9900\">lte Termine<\/span><\/a><\/span><strong><a title=\"Alte Termine\" href=\"http:\/\/blogs.uni-bremen.de\/aktive2013\/alte-termine\/\"><br \/>\n<\/a><\/strong>AStA Uni Bremen &#8211; <span style=\"color: #ff9900\"><a href=\"http:\/\/blogs.uni-bremen.de\/aktive2013\/files\/2013\/08\/2007_SemRundbrief-April-komplett.pdf\"><span style=\"color: #ff9900\">Semesterrundbrief &#8211; 2007<\/span><\/a><\/span><\/span><\/p>\n<p><span style=\"font-size: small\"><strong>B<\/strong><\/span><br \/>\n<span style=\"font-size: small\"> <span style=\"color: #ff9900\"><a href=\"http:\/\/blogs.uni-bremen.de\/aktive2013\/bernd-scholz-reiter-thesenpapier\/\"><span style=\"color: #ff9900\">Bernd Scholz-Reiter<\/span><\/a><\/span><span style=\"color: #000000\"><span style=\"color: #ff9900\"><a href=\"http:\/\/blogs.uni-bremen.de\/aktive2013\/bernd-scholz-reiter-thesenpapier\/\"><span style=\"color: #ff9900\"><span style=\"color: #000000\">: Thesenpapier<\/span><br \/>\n<\/span><\/a><\/span><span style=\"color: #ff9900\"><a href=\"http:\/\/blogs.uni-bremen.de\/aktive2013\/files\/2013\/08\/Anfrage-der-Linken-Besch\u00e4ftigungsverh\u00e4tnisse-Uni-Bremen_2012.pdf\"><span style=\"color: #ff9900\">Besch\u00e4ftigungsverh\u00e4ltnisse an bremischen Hochschulen<\/span><\/a><\/span><\/span><span style=\"color: #000000\"><a href=\"http:\/\/blogs.uni-bremen.de\/aktive2013\/files\/2013\/08\/Anfrage-der-Linken-Besch\u00e4ftigungsverh\u00e4tnisse-Uni-Bremen_2012.pdf\"><span style=\"color: #000000\">\u00a0&#8211;\u00a0Antwort des Senats auf die Gro\u00dfe Anfrage der Fraktion DIE LINKE<br \/>\n<\/span><\/a><a href=\"http:\/\/www.bremische-buergerschaft.de\/index.php?id=3\"><span style=\"color: #000000\"><span style=\"color: #ff9900\">Bremische B\u00fcrgerschaft<\/span> &#8211; Dokumente<\/span><\/a><\/span><span style=\"color: #000000\"><span style=\"color: #000000\"><br \/>\n<span><span style=\"color: #000000\"><a href=\"http:\/\/www.medienausschuss.bremische-buergerschaft.de\/sixcms\/detail.php?gsid=bremen02.c.736.de\"><span style=\"color: #ff9900\">Bremische B\u00fcrgerschaft<\/span><\/a><\/span><\/span><\/span><\/span><span style=\"color: #000000\"><a href=\"http:\/\/www.medienausschuss.bremische-buergerschaft.de\/sixcms\/detail.php?gsid=bremen02.c.736.de\"><span style=\"color: #000000\"> &#8211; Ausschuss f\u00fcr Wissenschaft, Medien, Datenschutz und Informationsfreiheit<\/span><\/a><\/span><span style=\"color: #000000\"><span style=\"color: #000000\"><a href=\"http:\/\/www.medienausschuss.bremische-buergerschaft.de\/sixcms\/detail.php?gsid=bremen02.c.736.de\"><span style=\"color: #000000\"><br \/>\n<\/span><\/a><span><span><span><a href=\"http:\/\/bremen.beck.de\/default.aspx?bcid=Y-100-G-bremhg-name-inh\"><span style=\"color: #ff9900\">Bremisches Hochschulgesetz<\/span><\/a><\/span><\/span><span><a href=\"http:\/\/bremen.beck.de\/default.aspx?bcid=Y-100-G-bremhg-name-inh\"><span style=\"color: #000000\">, in Kraft ab: 13.12.2011<\/span><\/a><\/span><\/span><\/span><\/span><\/span><\/p>\n<p><strong>D<\/strong><br \/>\n<span style=\"font-size: small\">Dokument f\u00fcr die Protestwoche: <span style=\"color: #ff9900\"><a href=\"http:\/\/blogs.uni-bremen.de\/aktive2013\/files\/2013\/08\/Lehrendentreffen.pdf\"><span style=\"color: #ff9900\">\u00dcbersichtsvortrag<\/span><\/a>\u00a0<\/span><\/span><\/p>\n<p><strong>E<br \/>\n<\/strong><span style=\"font-size: small\"><a href=\"http:\/\/www.finanzcontrolling.uni-bremen.de\/download\/Folien\/Fol20122.pdf\"><span style=\"color: #ff9900\">Entwicklung und aktuelle Daten<\/span><span style=\"color: #000000\"> zur Uni Bremen zum WS12\/13<\/span><\/a><\/span><\/p>\n<p><span style=\"font-size: small\"><span style=\"color: #ff9900\"><span style=\"color: #000000\"><strong>H<br \/>\n<\/strong><span><span style=\"color: #ff9900\"><span style=\"color: #000000\">Haushaltplan f\u00fcr das Land Bremen <span style=\"color: #ff9900\"><a href=\"http:\/\/blogs.uni-bremen.de\/aktive2013\/files\/2013\/08\/Land-Bremen-Haushalt_2012-13_Epl02_Kap0270-0292.pdf\"><span style=\"color: #ff9900\">2012\/13<\/span><\/a><\/span> und Entwurf <span style=\"color: #ff9900\"><a href=\"http:\/\/blogs.uni-bremen.de\/aktive2013\/files\/2013\/08\/Land-Bremen-Haushalt_2014-15_Epl02_Kap0270-0292_Entwurf.pdf\"><span style=\"color: #ff9900\">2014\/15<\/span><\/a><\/span><br \/>\n<\/span><\/span><\/span><\/span><\/span><\/span><span style=\"font-size: small\"><span style=\"color: #000000\"><a href=\"http:\/\/blogs.uni-bremen.de\/aktive2013\/files\/2013\/08\/2b-STEP-Final-16052013.pdf\"><span style=\"color: #000000\">Hochschule Bremen<\/span><\/a><\/span><span style=\"color: #000000\"><a href=\"http:\/\/blogs.uni-bremen.de\/aktive2013\/files\/2013\/08\/2b-STEP-Final-16052013.pdf\"><span style=\"color: #000000\"> &#8211;<\/span>\u00a0<span style=\"color: #ff9900\">Strategischer Hochschulentwicklungsplan\u00a0STEP 2020<\/span><\/a><\/span><\/span><\/p>\n<p><strong><span style=\"font-size: small\">J<br \/>\n<\/span><\/strong><span style=\"font-size: small\"><span style=\"color: #ff9900\"><a href=\"http:\/\/blogs.uni-bremen.de\/aktive2013\/files\/2013\/11\/Jacobsdossier.pdf\"><span style=\"color: #ff9900\">Jacobs University<\/span><\/a><\/span> Dossier<\/span><\/p>\n<p><strong>K<\/strong><br \/>\n<span style=\"font-size: small\"><a href=\"http:\/\/www.finanzcontrolling.uni-bremen.de\/daten\/Uni%20Daten%20Kurzuebersicht.htm\"><span style=\"color: #ff9900\">Kurz\u00fcbersicht<\/span><span style=\"color: #000000\">: Grunddaten der Universit\u00e4t Bremen<\/span><\/a><\/span><\/p>\n<p><strong style=\"color: #000000;font-size: small\">N<br \/>\n<\/strong><span style=\"font-size: small\"><span style=\"color: #000000\"><a href=\"http:\/\/blogs.uni-bremen.de\/aktive2013\/files\/2013\/08\/20130819_JUB_Senatsvorlage.pdf\"><span style=\"color: #ff9900\">\u201eNachhaltige Weiterentwicklung der Jacobs University Bremen\u201c<\/span><\/a><\/span><span style=\"color: #000000\"><a href=\"http:\/\/blogs.uni-bremen.de\/aktive2013\/files\/2013\/08\/20130819_JUB_Senatsvorlage.pdf\"><span style=\"color: #000000\"> &#8211;\u00a0Vorlage f\u00fcr die Sitzung des Senats am<\/span><\/a><\/span><span style=\"color: #000000\"><a href=\"http:\/\/blogs.uni-bremen.de\/aktive2013\/files\/2013\/08\/20130819_JUB_Senatsvorlage.pdf\"><span style=\"color: #000000\"> 20.08.2013<\/span><\/a><\/span><\/span><\/p>\n<p><span style=\"font-size: small\"><strong>O<br \/>\n<\/strong><\/span><span style=\"font-size: small\"><a href=\"http:\/\/blogs.uni-bremen.de\/aktive2013\/files\/2013\/11\/Offener-Brief-Institut-f\u00fcr-Kunstwissenschaft-und-p\u00e4dagogik-Jan-2013.pdf\"><span style=\"color: #ff9900\">Offener Brief<\/span> <\/a>der Vollversammlung der Lehrenden des Instituts f\u00fcr Kunstwissenschaften und Kunstp\u00e4dagogik und des Institutsrats an die Unileitung im Januar 2013 &#8211; Zu einer exzellenten Universit\u00e4t geh\u00f6rt eine exzellente Lehre!<\/span><\/p>\n<p><strong>P<\/strong><br \/>\n<span style=\"font-size: small\"><a href=\"http:\/\/blogs.uni-bremen.de\/aktive2013\/files\/2013\/11\/Beschluss_Personalversammlung_06.11.2013.pdf\"><span style=\"color: #ff9900\">Personalvollversammlung<\/span><\/a>: Beschluss &#8222;Keine einzige Stelle!&#8220;, 06.11.2013<\/span><\/p>\n<p><span style=\"font-size: small;color: #000000\"><strong>R<\/strong><strong><br \/>\n<\/strong><\/span><span style=\"font-size: small\"><a href=\"http:\/\/blogs.uni-bremen.de\/aktive2013\/files\/2013\/08\/Rechenschaftsbericht-Uni-Bremen-2011.pdf\"><span style=\"color: #000000\"><span style=\"color: #ff9900\">Rechenschaftsbericht des Rektors<\/span><\/span><span style=\"color: #000000\">\u00a0&#8211;\u00a0<\/span><span style=\"color: #000000\">\u201eUni in Zahlen<span>\u201c 201<\/span><\/span><\/a><span style=\"text-decoration: underline\"><span style=\"color: #000000;text-decoration: underline\">1<br \/>\n<\/span><\/span><a href=\"http:\/\/www.finanzcontrolling.uni-bremen.de\/download\/Uni%20in%20Zahlen\/ZSPG2012.pdf\"><span style=\"color: #000000\"><span style=\"color: #ff9900\">Rechenschaftsbericht des Rektors<\/span>\u00a0&#8211;\u00a0\u201eUni in Zahlen\u201c 2012<\/span><\/a><span style=\"text-decoration: underline\"><span style=\"color: #000000;text-decoration: underline\"><br \/>\n<\/span><\/span><\/span><\/p>\n<p><strong>S<\/strong><br \/>\n<span style=\"font-size: small\"><span style=\"color: #ff9900\"><a href=\"http:\/\/blogs.uni-bremen.de\/aktive2013\/files\/2013\/08\/infoflyer-stellenkuerzungen_web.pdf\"><span style=\"color: #ff9900\">Studentischer<\/span><\/a><\/span> &#8211; Infoflyer Stellenk\u00fcrzungen<\/span><\/p>\n<p><span style=\"font-size: small\"><strong>T<br \/>\n<\/strong><\/span><span style=\"font-size: small\"><a href=\"http:\/\/blogs.uni-bremen.de\/aktive2013\/files\/2013\/08\/Vertrag-FHB_JF_JU_Stand-160809_final_clean-version.pdf\"><span style=\"color: #ff9900\">Trilateraler Vertrag zur nachhaltigen Weiterentwicklung der Jacobs University Bremen<span style=\"color: #000000\"> &#8211;\u00a0<\/span><\/span><\/a><span style=\"color: #000000\"><a href=\"http:\/\/blogs.uni-bremen.de\/aktive2013\/files\/2013\/08\/Vertrag-FHB_JF_JU_Stand-160809_final_clean-version.pdf\"><span style=\"color: #000000\">zwischen\u00a0der Jacobs University Bremen, der Jacobs Foundation und dem Land Bremen<\/span><\/a><\/span><\/span><\/p>\n<p><span style=\"font-size: small\"><strong><span style=\"color: #000000\">W<\/span><\/strong><\/span><br \/>\n<a href=\"http:\/\/blogs.uni-bremen.de\/aktive2013\/files\/2013\/10\/WR3456-13-3.pdf\"><span style=\"font-size: small\"><span style=\"color: #ff9900\">Wissenschaftsrat<\/span><\/span><\/a><span style=\"font-size: small\"><span style=\"color: #000000\">: Empfehlungen zur Weiterentwicklung des Hochschulsystems des Landes Bremen, Oktober 2013<\/span><\/span><br \/>\n<a href=\"http:\/\/blogs.uni-bremen.de\/aktive2013\/files\/2013\/10\/hginfo_3013-1.pdf\"><span style=\"font-size: small\"><span style=\"color: #000000\"><span style=\"color: #ff9900\">Wissenschaftsrat<\/span><\/span><\/span><\/a><span style=\"font-size: small\"><span style=\"color: #000000\"><a href=\"www.wissenschaftsrat.de\/download\/archiv\/hginfo_3013.pdf\">:<\/a>\u00a0Zum Wissenschaftssystem des Landes Bremen, Hintergrundinformation, Oktober 2013<br \/>\n<\/span><span style=\"color: #ff9900\"><a href=\"http:\/\/blogs.uni-bremen.de\/aktive2013\/files\/2013\/08\/Was_fuer_eine_Uni_fuer_Bremen_260813.pdf\"><span style=\"color: #ff9900\">Was f\u00fcr eine Uni f\u00fcr Bremen?<\/span><\/a><\/span><span style=\"color: #000000\">: Kontaktpapier zur Bremer Politik<br \/>\n<\/span><\/span><span style=\"font-size: small\"><span style=\"color: #ff9900\"><a href=\"http:\/\/blogs.uni-bremen.de\/aktive2013\/files\/2013\/08\/WMDI-2.6Wirtschaftspalne.pdf\"><span style=\"color: #ff9900\">Wirtschaftsplan<\/span><\/a><\/span><span style=\"color: #000000\"><a href=\"http:\/\/blogs.uni-bremen.de\/aktive2013\/files\/2013\/08\/WMDI-2.6Wirtschaftspalne.pdf\"><span style=\"color: #000000\">&#8211; Universit\u00e4t 2014\/1015<\/span><\/a><a href=\"http:\/\/blogs.uni-bremen.de\/aktive2013\/files\/2013\/08\/WMDI-2.6Wirtschaftspalne.pdf\"><span style=\"color: #000000\"><br \/>\n<\/span><\/a><\/span><\/span><span style=\"font-size: small\"><span style=\"color: #000000\"><a href=\"http:\/\/blogs.uni-bremen.de\/aktive2013\/files\/2013\/08\/HB03_wissenschaftsplan.pdf\"><span style=\"color: #ff9900\">Wissenschaftsplan<\/span><\/a><\/span><span style=\"color: #000000\"><a href=\"http:\/\/blogs.uni-bremen.de\/aktive2013\/files\/2013\/08\/HB03_wissenschaftsplan.pdf\"><span style=\"color: #000000\"> 2010 Bremen und Bremerhaven\u00a0<\/span><\/a><\/span><\/span><\/p>\n<header><span style=\"font-size: small\">\u00a0<\/span><\/header>\n<div><\/div>\n","protected":false},"excerpt":{"rendered":"<p>Im Archiv werden Unterlagen und Dokumente zum aktuellen K\u00fcrzungsdiskurs zusammen getragen. Helfen Sie uns das Archiv auf dem neusten Stand zu halten, indem Sie uns relevante Informationen zukommen lassen. In der Unterkategorien Protestwoche, Demos und\u00a0Literatur finden Sie zudem eine Dokumentation \u00fcber bisherige Protestaktionen und weitere Leseempfehlungen.\u00a0 Das Archiv ist alphabetisch sortiert. &#8212;&#8212;&#8212;&#8212;&#8212;&#8212;&#8212;&#8212;&#8212;&#8212;&#8212;&#8212;&#8212;&#8212;&#8212;&#8212;&#8212;&#8212;&#8212;&#8212;&#8212;&#8212;&#8212;&#8212;&#8212;&#8212;&#8212;&#8212;&#8212;&#8212;&#8212;&#8212;&#8212;&#8212;&#8212;&#8212;&#8212;&#8212;&#8212;&#8212;&#8212;&#8211; A Aktionsb\u00fcndnistreffen &#8211; [&hellip;]<\/p>\n","protected":false},"author":1961,"featured_media":0,"parent":0,"menu_order":0,"comment_status":"open","ping_status":"open","template":"","meta":{"_bbp_topic_count":0,"_bbp_reply_count":0,"_bbp_total_topic_count":0,"_bbp_total_reply_count":0,"_bbp_voice_count":0,"_bbp_anonymous_reply_count":0,"_bbp_topic_count_hidden":0,"_bbp_reply_count_hidden":0,"_bbp_forum_subforum_count":0,"footnotes":""},"class_list":["post-79","page","type-page","status-publish","hentry"],"_links":{"self":[{"href":"https:\/\/blogs.uni-bremen.de\/aktive2013\/wp-json\/wp\/v2\/pages\/79","targetHints":{"allow":["GET"]}}],"collection":[{"href":"https:\/\/blogs.uni-bremen.de\/aktive2013\/wp-json\/wp\/v2\/pages"}],"about":[{"href":"https:\/\/blogs.uni-bremen.de\/aktive2013\/wp-json\/wp\/v2\/types\/page"}],"author":[{"embeddable":true,"href":"https:\/\/blogs.uni-bremen.de\/aktive2013\/wp-json\/wp\/v2\/users\/1961"}],"replies":[{"embeddable":true,"href":"https:\/\/blogs.uni-bremen.de\/aktive2013\/wp-json\/wp\/v2\/comments?post=79"}],"version-history":[{"count":2,"href":"https:\/\/blogs.uni-bremen.de\/aktive2013\/wp-json\/wp\/v2\/pages\/79\/revisions"}],"predecessor-version":[{"id":118,"href":"https:\/\/blogs.uni-bremen.de\/aktive2013\/wp-json\/wp\/v2\/pages\/79\/revisions\/118"}],"wp:attachment":[{"href":"https:\/\/blogs.uni-bremen.de\/aktive2013\/wp-json\/wp\/v2\/media?parent=79"}],"curies":[{"name":"wp","href":"https:\/\/api.w.org\/{rel}","templated":true}]}}