{"id":57,"date":"2013-08-12T19:05:41","date_gmt":"2013-08-12T17:05:41","guid":{"rendered":"http:\/\/blogs.uni-bremen.de\/aktive2013\/?page_id=57"},"modified":"2013-12-05T12:13:59","modified_gmt":"2013-12-05T10:13:59","slug":"presse","status":"publish","type":"page","link":"https:\/\/blogs.uni-bremen.de\/aktive2013\/presse\/","title":{"rendered":"Presse"},"content":{"rendered":"<p><em>Auf dieser Seite finden Sie eine Sammlung von Pressemitteilungen und -berichten rund um das Thema K\u00fcrzungen. Gerne k\u00f6nnen Sie uns helfen auf dem Laufenden zu bleiben und uns auf weitere Ver\u00f6ffentlichungen aufmerksam machen. Presseartikel zu Bildungsprotesten weltweit finden Sie <span style=\"color: #ff9900\"><a href=\"http:\/\/blogs.uni-bremen.de\/aktive2013\/bildungsproteste-weltweit\/\"><span style=\"color: #ff9900\">hier<\/span><\/a><\/span>.<\/em><\/p>\n<p><span style=\"color: #ff9900\">Weser Kurier (Video)<\/span>, 04.12.2013<br \/>\n&#8222;Bildungsprotest erreicht H\u00f6hepunkt&#8220;. <a href=\"http:\/\/bcove.me\/ugqiih9s\"><span style=\"color: #ff9900\">(weiter&#8230;)<\/span><\/a><\/p>\n<p><span style=\"color: #ff9900\">radiobemen<\/span>, 04.12.2013<br \/>\n&#8222;Protest gegen Bildungspolitik. Demonstration in der Bremer Altstadt&#8220;. In der Bremer Innenstadt haben rund 1.600 Sch\u00fcler, Studenten und Mitarbeiter der Hochschulen gegen die Bildungspolitik des Senats demonstriert. Der Protest richtete sich gegen die ihrer Ansicht nach zu geringe finanzielle Ausstattung des Bildungsbereichs. H\u00f6rs\u00e4le und Klassen seien in einem schlechten Zustand und es gebe zu wenig Lehrkr\u00e4fte. <a href=\"http:\/\/www.radiobremen.de\/politik\/nachrichten\/demonstration-eltern-bhv100.html\"><span style=\"color: #ff9900\">(weiter&#8230;)<\/span><\/a><\/p>\n<p><span style=\"color: #ff9900\">taz.de<\/span>, 03.12.2013<br \/>\n&#8222;Uni k\u00e4mpft gegen Sparzwang. Senat zwischen zwei Fronten&#8220;. Uni und Hochschule rufen zur Gro\u00dfdemo gegen Stellenabbau und Bildungsk\u00fcrzungen auf \u2013 w\u00e4hrend Bremen seinen Haushalt in Berlin verteidigen muss.<a href=\"http:\/\/www.taz.de\/Uni-kaempft-gegen-Sparzwang\/!128725\/\"><span style=\"color: #ff9900\">(weiter&#8230;)<\/span><\/a><\/p>\n<p><span style=\"color: #ff9900\">Weser Kurier<\/span>, 24.11.2013<br \/>\n&#8222;Der Senat muss jetzt vorsorgen. Uni-Rektor \u00fcber ein Jahr Exzellenzinitiative.&#8220; Seit einem Jahr hat Bremen eine Exzellenz-Uni. Doch w\u00e4hrend durch den Sieg im Exzellenz-Wettbewerb Mittel f\u00fcr die Forschung gewonnen werden konnten, ist die Situation f\u00fcr die Lehre weiterhin schwierig. Sara Sundermann hat mit Rektor Bernd Scholz-Reiter \u00fcber die finanzielle Lage und Pl\u00e4ne f\u00fcr die Entlastung der Lehre gesprochen <a href=\"http:\/\/www.weser-kurier.de\/bremen\/politik2_artikel,-Der-Senat-muss-jetzt-vorsorgen-_arid,717755.html\"><span style=\"color: #ff9900\">(weiter&#8230;)<\/span><\/a><\/p>\n<p><span style=\"color: #ff9900\">Weser Kurier<\/span>, 22.11.2013<br \/>\n&#8222;Reaktionen auf Hochschulgutachten: Rektoren warnen vor Schieflage&#8220; <a href=\"http:\/\/www.weser-kurier.de\/bremen_artikel,-Rektoren-warnen-vor-Schieflage-_arid,716200.html\"><span style=\"color: #ff9900\">(weiter&#8230;)<\/span><\/a><\/p>\n<p><span style=\"color: #ff9900\">radiobremen<\/span>, 21.11.2013<br \/>\n&#8222;Einigung in Bremen. Mehr Geld f\u00fcr Schulen, Hochschulen und Soziales&#8220; <a href=\"http:\/\/www.radiobremen.de\/politik\/nachrichten\/schulen-uni-geld100.html\"><span style=\"color: #ff9900\">(weiter&#8230;)<\/span><\/a><\/p>\n<p><span style=\"color: #ff9900\">Weser Kurier<\/span>, 19.11.2013<br \/>\n&#8222;An der Qualit\u00e4t der Lehre arbeiten&#8220; &#8211; Interview mit der Bildungssenatorin Eva Quante-Brandt zum Gutachten des Wissenschaftsrats und zur Finanzlage der Bremer Hochschulen<a href=\"http:\/\/www.weser-kurier.de\/bremen_artikel,-An-der-Qualitaet-der-Lehre-arbeiten-_arid,713451.html\"><span style=\"color: #ff9900\">(weiter&#8230;)<\/span><\/a><\/p>\n<p><span style=\"color: #ff9900\">taz.de<\/span>, 19.11.2013<br \/>\n&#8222;H\u00f6here Bildungsausgaben: Koalition findet Millionen&#8220; SPD und Gr\u00fcnen planen zehn Millionen mehr f\u00fcr\u2019s Bildungsbudget: 40 Hochschul-Stellen sollen erhalten und bis zu sechs Ganztagsschulen ausgebaut werden. <a href=\"http:\/\/www.taz.de\/Hoehere-Bildungsausgaben\/!127737\/\"><span style=\"color: #ff9900\">(weiter&#8230;)<\/span><\/a><\/p>\n<p><span style=\"color: #ff9900\">Weser Kurier<\/span>, 13.11.2013<br \/>\n&#8222;Protest gegen Stellenstreichungen. Studenten stellen sich tot.&#8220;<br \/>\nRund 150 Studenten der Universit\u00e4t Bremen protestierten am Mittwochmittag mit einem \u201eDeath Mob\u201c gegen die geplanten Stellenstreichungen <a href=\"http:\/\/www.weser-kurier.de\/bremen\/vermischtes2_artikel,-Studenten-stellen-sich-tot-_arid,709253.html\"><span style=\"color: #ff9900\">(weiter&#8230;)<\/span><\/a><\/p>\n<p><span style=\"color: #ff9900\">critica online<\/span>, 11.11.2013<br \/>\n&#8222;Protest gegen Stellenk\u00fcrzungen an Bremer Uni&#8220;<br \/>\nIn Bremen protestieren Studierende und wissenschaftliche Angestellte gemeinsam gegen die geplanten Bildungsk\u00fcrzungen <a href=\"http:\/\/www.critica-online.de\/start\/newsdetail\/zurueck\/start\/artikel\/protest-gegen-stellenkuerzungen-an-bremer-uni\/\"><span style=\"color: #ff9900\">(weiter&#8230;)<\/span><\/a><\/p>\n<p><span style=\"color: #ff9900\">NWZ online<\/span>, 07.11.2013<br \/>\n&#8222;Personal der Universit\u00e4t protestiert&#8220;<br \/>\nDas Personal der Universit\u00e4t Bremen fordert mehr Geld vom Bundesland Bremen. Das haben die Angestellten einstimmig auf einer Personalversammlung beschlossen. Damit lehnen sie die Pl\u00e4ne des Senats ab, Stellen zu streichen. <a href=\"http:\/\/www.nwzonline.de\/bremen\/personal-der-universitaet-protestiert_a_9,4,1740955129.html\"><span style=\"color: #ff9900\">(weiter)<\/span><\/a><\/p>\n<p><span style=\"color: #ff9900\">Weser Kurier<\/span>, 06.11.2013<br \/>\n&#8222;K\u00fcrzungspl\u00e4ne. Uni-Protest mit Kissenschlacht&#8220;<br \/>\nUm gegen den Stellenabbau an der Universit\u00e4t Bremen zu protestieren, haben auch am Mittwoch wieder zahlreiche Studierende mit Aktionen auf die drohenden K\u00fcrzungen aufmerksam gemacht. <a href=\"http:\/\/www.weser-kurier.de\/bremen\/vermischtes2_artikel,-Uni-Protest-mit-Kissenschlacht-_arid,703872.html\"><span style=\"color: #ff9900\">(weiter)<\/span><\/a><\/p>\n<p><span style=\"color: #ff9900\">radiobremen<\/span>, 06.11.2013<br \/>\n&#8222;Versammlung und Protestwoche. Mehr Geld f\u00fcr die Uni Bremen gefordert.&#8220;<br \/>\nDas Personal der Universit\u00e4t Bremen fordert mehr Geld vom Bundesland Bremen. Das haben die Angestellten einstimmig auf einer Personalversammlung beschlossen. Damit lehnen sie die Pl\u00e4ne des Senats ab, Stellen zu streichen. <a href=\"http:\/\/www.radiobremen.de\/politik\/nachrichten\/personalversammlungunibremen100.html\"><span style=\"color: #ff9900\">(weiter)<\/span><\/a><\/p>\n<p><span style=\"color: #ff9900\">SAT 1 regional<\/span>, 06.11.2013<br \/>\n&#8222;Angestellte und Studierende protestieren gegen Stellenabbau an Bremer Uni&#8220; <a href=\"http:\/\/www.sat1regional.de\/panorama-video\/article\/angestellte-und-studenten-protestieren-gegen-stellenabbau-an-bremer-uni-129916.html\"><span style=\"color: #ff9900\">(weiter)<\/span><\/a><\/p>\n<p><span style=\"color: #ff9900\">Weser Kurier<\/span>, 06.11.2013<br \/>\n&#8222;Haushalt soll Mehrkosten decken. Linke unterst\u00fctzt Proteste an der Uni&#8220;<br \/>\nDie B\u00fcrgerschaftsfraktion Die Linke erkl\u00e4rt sich solidarisch mit der Protestwoche an der Universit\u00e4t Bremen, die Studierende und Lehrende mit verschiedenen Aktionen bestreiten. Kristina Vogt, wissenschaftspolitische Sprecherin der Linken, sagt: \u201eDie Grundfinanzierung der \u00f6ffentlichen Hochschulen ist seit Jahren nicht bedarfsgerecht. <a href=\"http:\/\/www.weser-kurier.de\/bremen_artikel,-Linke-unterstuetzt-Proteste-an-der-Uni-_arid,703080.html\"><span style=\"color: #ff9900\">(weiter)<\/span><\/a><\/p>\n<p><span style=\"color: #ff9900\">Weser Kurier<\/span>, 04.11.2013<br \/>\n&#8222;Die Arbeitsbedingungen werden noch schlechter&#8220;<br \/>\nAb heute protestieren Studierende und Lehrende gegen die geplanten Stellenstreichungen an den Bremer Hochschulen. Till Kathmann vom Aktionsb\u00fcndnis der Uni Bremen hat mit Sara Sundermann \u00fcber die Konsequenzen dieser Pl\u00e4ne gesprochen. <span style=\"color: #ff9900\"><a href=\"http:\/\/www.weser-kurier.de\/bremen_artikel,-Die-Arbeitsbedingungen-werden-noch-schlechter-_arid,701171.html\"><span style=\"color: #ff9900\">(weiter&#8230;)<\/span><\/a><\/span><\/p>\n<p><span style=\"color: #ff9900\">Radio Bremen<\/span>, 04.11.2013<br \/>\n&#8222;Protestwoche an der Uni Bremen&#8220; An der Bremer Uni protestieren Studenten gegen den geplanten Stellenabbau. Im Sommer war bekannt geworden, dass in den n\u00e4chsten beiden Jahren rund 130 Vollzeitstellen eingespart werden sollen. <span style=\"color: #ff9900\"><a href=\"http:\/\/www.radiobremen.de\/mediathek\/index.html?id=95992\"><span style=\"color: #ff9900\">(weiter&#8230;)<\/span><\/a><\/span><\/p>\n<p><span style=\"color: #ff9900\">taz<\/span>, 31.10.2013<br \/>\n&#8222;Erstsemester-Einf\u00fchrung. Begr\u00fc\u00dfung mit Protest&#8220;<br \/>\nBeim Festakt zum Semester-Beginn im Goethe-Theater protestieren Studierende und Uni-Mitarbeiter gegen die Etat-K\u00fcrzungen <a href=\"http:\/\/taz.de\/Erstsemester-Einfuehrung\/!126625\/\"><span style=\"color: #ff9900\">(weiter&#8230;)<\/span><\/a><\/p>\n<p><span style=\"color: #ff9900\">Pressestelle Universit\u00e4t Bremen<\/span>, 25.10.2013<br \/>\n&#8222;Die Empfehlungen des Wissenschaftsrates best\u00e4tigen unseren erfolgreichen Weg&#8220;<br \/>\nStellungnahme des Bremer Uni-Rektors Professor Bernd Scholz-Reiter zu den Empfehlungen des Wissenschaftsrates <a href=\"http:\/\/www.uni-bremen.de\/universitaet\/presseinfos\/pressemitteilungen\/einzelanzeige\/article\/die-empfehlungen-des-wissenschaftsrates-bestaetigen-unseren-erfolgreichen-weg.html?cHash=29695357349c918557f1cbfeeca03240\"><span style=\"color: #ff9900\">(weiter&#8230;)<\/span><\/a><\/p>\n<p><span style=\"color: #ff9900\">Weser Kurier<\/span>, 25.09.2013<br \/>\n&#8222;Demonstration vor der B\u00fcrgerschaft. \u00d6ffentlicher Dienst protestiert&#8220;<br \/>\nMehr als 500 Besch\u00e4ftigte im \u00f6ffentlichen Dienst haben heute auf dem Marktplatz gegen die K\u00fcrzungspl\u00e4ne im Rahmen der Sanierung des Bremer Haushalts demonstriert. <a href=\"http:\/\/www.weser-kurier.de\/bremen\/politik2_artikel,-Oeffentlicher-Dienst-protestiert-_arid,670962.html\"><span style=\"color: #ff9900\">(weiter&#8230;)<\/span><\/a><\/p>\n<p><span style=\"color: #ff9900\">Weser Kurier<\/span>, 25.09.2013<br \/>\n&#8222;Bremer Besch\u00e4ftigte demonstrieren unter dem Motto &#8222;Ausgepresst und sauer.&#8220; Am Mittwochnachmittag haben mehr als 500 Besch\u00e4ftigte im \u00f6ffentlichen Dienst gegen die Sparpolitik der B\u00fcrgerschaft demonstriert. Eindr\u00fccke des Protestaktion zeigt diese Fotostrecke. <a href=\"http:\/\/www.weser-kurier.de\/start\/fotos\/bremen8_galerie,-Bremer-Beschaeftigte-demonstrieren-_mediagalid,23095.html\"><span style=\"color: #ff9900\">(weiter&#8230;)<\/span><\/a><\/p>\n<p><span style=\"color: #ff9900\">Pressemitteilung des Aktionsb\u00fcndnisses<\/span>, 23.09.2013<br \/>\nIm Rahmen der gemeinsamen Proteste des \u00f6ffentlichen Dienstes auf dem Bremer Marktplatz tragen Angeh\u00f6rige der Universit\u00e4t Bremen ihren Widerstand gegen <a href=\"http:\/\/blogs.uni-bremen.de\/aktive2013\/files\/2013\/08\/Presseerklaerung_Aktionsbuendnis_20130925d.pdf\"><span style=\"color: #ff9900\">(weiter&#8230;)<\/span><\/a><\/p>\n<p><span style=\"color: #ff9900\">Radio Bremen<\/span>, 10.09.2013<br \/>\n&#8222;Regierung streitet \u00fcber Wissenschaftspakt-Projekt&#8220;<br \/>\nIn der Bremer Regierungskoalition gibt es Streit \u00fcber den Bau eines Wissenschaftsparks neben der Jacobs University in Bremen-Nord. In der SPD wird \u00fcberlegt, daf\u00fcr \u00f6ffentliches Geld einzusetzen. Die Gr\u00fcnen sind dagegen.\u00a0<span style=\"color: #ff9900\"><a href=\"http:\/\/www.radiobremen.de\/politik\/nachrichten\/wissenschaftsparkiub100.html\"><span style=\"color: #ff9900\">(weiter&#8230;)<\/span><\/a><\/span><\/p>\n<p><span style=\"color: #ff9900\">Radio Bremen<\/span>, 05.09.2013<br \/>\n&#8222;&#8220;Ungen\u00fcgend&#8220;: Bremer Hochschulen sind unterfinanziert&#8220;<br \/>\n&#8222;Gro\u00df war der Jubel, als im vergangenen Jahr die Universit\u00e4t Bremen im bundesweiten Wettbewerb das Pr\u00e4dikat &#8222;Exzellent&#8220; erhielt. Man freute sich \u00fcber die Auszeichnung <span style=\"color: #ff9900\"><a href=\"http:\/\/www.radiobremen.de\/nordwestradio\/sendungen\/nordwestradio_unterwegs\/finanzierung-bremerhochschule100.html\"><span style=\"color: #ff9900\">(weiter&#8230;)<\/span><\/a><\/span><\/p>\n<p><span style=\"color: #ff9900\">Weser Kurier<\/span>, 05.09.2013<br \/>\n&#8222;Science Park gescheitert&#8220;<br \/>\n&#8222;Grohn.Das Projekt eines Science Parks an der Jacobs University hat einen R\u00fcckschlag erlitten. Die Grohner Privathochschule hat ihre Verhandlungen mit einem niederl\u00e4ndischen Investor \u00fcber den Bau eines zentralen Geb\u00e4udes <span style=\"color: #ff9900\"><a href=\"http:\/\/www.weser-kurier.de\/bremen\/stadtteile\/bremen-nord_artikel,-Science-Park-gescheitert-_arid,653800.html\"><span style=\"color: #ff9900\">(weiter&#8230;)<\/span><\/a><\/span><\/p>\n<p><span style=\"color: #ff9900\">S\u00fcddeutsche<\/span>, 26.08.2013<br \/>\n&#8222;Bremen \u00f6ffnet die Kasse&#8220;<br \/>\nZusch\u00fcsse f\u00fcr die Jacobs-University Bremen (JUB), die einzige private Volluniversit\u00e4t in Deutschland, haben eine Debatte \u00fcber private Hochschulen ausgel\u00f6st. Das Land will <a href=\"Zusch\u00fcsse f\u00fcr die Jacobs-University Bremen (JUB), die einzige private Volluniversit\u00e4t in Deutschland, haben eine Debatte \u00fcber private Hochschulen ausgel\u00f6st. Das Land will die JUB f\u00fcnf Jahre\"><span style=\"color: #ff9900\">(weiter&#8230;)<\/span><\/a><\/p>\n<p><span style=\"color: #ff9900\">TAZ<\/span>, 20.08.2013<br \/>\n<span style=\"color: #000000\">&#8222;Private-Uni in der Krise: Ein Ende mit Ansage&#8220;<\/span><br \/>\nDie Jacobs University bekommt eine Schuldenbremse verordnet, daf\u00fcr aber nochmal 15 Millionen Euro. 2018 soll \u2013 wirklich! \u2013 Schluss sein mit \u00f6ffentlichem Geld <span style=\"color: #ff9900\"><a href=\"http:\/\/www.taz.de\/Privat-Uni-in-der-Krise\/!122210\/\"><span style=\"color: #ff9900\">(weiter&#8230;)<\/span><\/a><\/span><\/p>\n<p><span style=\"color: #339966\"><span style=\"color: #ff9900\">Radio Bremen<\/span><span style=\"color: #000000\">, 20.08.2013<\/span><\/span><br \/>\n<span style=\"color: #000000\">&#8222;Millionenhilfe f\u00fcr Jacobs Uni: Gespr\u00e4ch mit Heike Zeigler&#8220;<\/span><br \/>\n&#8222;Das Land Bremen will der Jacobs University in Grohn weitere Millionen geben. Nach Radio-Bremen-Informationen gibt es eine Einigung mit der Privatuniversit\u00e4t,<span style=\"color: #ff9900\"> <a href=\"http:\/\/www.radiobremen.de\/mediathek\/index.html?id=92287\"><span style=\"color: #ff9900\">(weiter&#8230;)<\/span><\/a><\/span><\/p>\n<p><span style=\"color: #ff9900\">AStA Uni Bremen<\/span>, 20.08.2013<br \/>\n&#8222;AStA emp\u00f6rt \u00fcber Weiterf\u00f6rderung der Jacobs University&#8220;<br \/>\n&#8222;Der Allgemeine Studierendenausschuss (AStA) der Universit\u00e4t Bremen ist emp\u00f6rt \u00fcber die Ank\u00fcndigung, der privaten Jacobs University <a href=\"http:\/\/www.asta.uni-bremen.de\/wp-content\/uploads\/2013\/08\/AStA-emp\u00f6rt-\u00fcber-Weiterf\u00f6rderung-der-Jacobs-University-\u2013-Stellenk\u00fcrzungen-an-\u00f6ffentlichen-Universit\u00e4ten-nicht-hinnehmbar.pdf\"><span style=\"color: #ff9900\">(weiter&#8230;)<\/span><\/a><\/p>\n<p><span style=\"color: #ff9900\">TAZ<\/span>, 15.08.2013<br \/>\n<span style=\"color: #000000\">&#8222;Ende des Defizit-aussitzend: Uni muss 130 Stellen streichen&#8220;<\/span><br \/>\n&#8222;Die Bremer Hochschulen haben sich auf die knappen Finanzen eingestellt \u2013 und der Senat schont sie mit Blick auf die Schuldenbremse. <span style=\"color: #ff9900\"><a href=\"http:\/\/www.taz.de\/Ende-des-Defizit-Aussitzens\/!121937\/\"><span style=\"color: #ff9900\">(weiter&#8230;)<\/span><\/a><\/span><\/p>\n<p><span style=\"color: #ff9900\">Radio Bremen<\/span>, 15.08.2013<br \/>\n<span style=\"color: #000000\">&#8222;Stellenabbau\u00a0in der Universit\u00e4t&#8220;<\/span><br \/>\n&#8222;Die Uni wehrt sich gegen Berichte, nach denen sie mehrere Hundert Stellen abbauen muss. So hatten die Linken den Uni-Wirtschaftsplan <span style=\"color: #ff9900\"><a href=\"http:\/\/www.ardmediathek.de\/radio-bremen-tv\/buten-un-binnen-magazin\/stellenabbau-in-der-universitaet?documentId=16512762\"><span style=\"color: #ff9900\">(weiter&#8230;)<\/span><\/a><\/span><\/p>\n<p><span style=\"color: #ff9900\">TAZ<\/span>, 10.07.2013<br \/>\n<span style=\"color: #000000\">&#8222;Hochschul-Finanzierung &#8211; Undankbare Exzellenz&#8220;<\/span><br \/>\n&#8222;Die Uni streicht 130 Vollzeitstellen \u2013 laut Asta infolge des Exzellenz-Wettbewerbs. Rektor Bernd Scholz-Reiter kann der These nicht widersprechen<span style=\"color: #ff9900\"> <a href=\"http:\/\/www.taz.de\/!119677\/\"><span style=\"color: #ff9900\">(weiter&#8230;)<\/span><\/a><\/span><\/p>\n<p><span style=\"color: #ff9900\">GEW<\/span>, 20.06.13<br \/>\n&#8222;Bildung finanzieren statt Stellen k\u00fcrzen&#8230;&#8220;<br \/>\n&#8222;Hochschulen brauchen eine solide Grundfinanzierung, wenn sie ihren Aufgaben gerecht werden sollen. Stattdessen werden die Hochschulen systematisch zu K\u00fcrzungen gezwungen <span style=\"color: #ff9900\"><a href=\"http:\/\/gew-hb.de\/Bildung_finanzieren_statt_Stellen_krzen_keine_Krzungen_an_der_Universitt_Bremen.html\"><span style=\"color: #ff9900\">(weiter&#8230;)<\/span><\/a><\/span><\/p>\n<p><span style=\"color: #ff9900\">AStA der Hochschule Bremen<\/span>, Sommer 2013<br \/>\n<span style=\"color: #000000\">&#8222;Informationsseite Step 2020&#8220;<\/span><br \/>\nDie Hochschule Bremen baut bis 2020 etwa ein Drittel der Studienanf\u00e4nger*innenpl\u00e4tze ab ***Aufgrund der niedrigen Anf\u00e4nger*innen-Zahlen m\u00fcssen daher viele Studieng\u00e4nge geschlossen werden <span style=\"color: #ff9900\"><a href=\"http:\/\/www.asta-hsb.de\/step2020\"><span style=\"color: #ff9900\">(weiter&#8230;)<\/span><\/a><\/span><\/p>\n<div title=\"Page 1\">\n<p><span style=\"color: #ff9900\">Stellungnahme_wiss_Mitarbeiter_IfS_Uni_Bremen_Endfassung<\/span>, 08.04.2013<br \/>\n<span style=\"color: #000000\">&#8222;Stellungnahme des akademischen Mittelbaus des Instituts f\u00fcr Soziologie zu den geplanten Stellenstreichungen an der Universit\u00e4t Bremen&#8220;<\/span><br \/>\n&#8222;Angesichts der defizit\u00e4ren Haushaltslage der Universit\u00e4t Bremen sollen in den n\u00e4chsten zwei Jahren 5 Millionen Euro eingespart werden. Dies soll vor allem \u00fcber K\u00fcrzungen im Bereich Personal <span style=\"color: #ff9900\"><a href=\"http:\/\/blogs.uni-bremen.de\/aktive2013\/files\/2013\/08\/Stellungnahme_wiss_Mitarbeiter_IfS_Uni_Bremen_Endfassung_08_04_2013.pdf\"><span style=\"color: #ff9900\">(weiter&#8230;)<\/span><\/a><\/span><\/p>\n<p><span style=\"color: #ff9900\">Weser Kurier<\/span>, 30.01.2013<br \/>\n<span style=\"color: #000000\">&#8222;80 Uni-Stellen fallen weg&#8220;<\/span><br \/>\n&#8222;Bremen. 80 von etwa 500 Stellen f\u00fcr wissenschaftliche Mitarbeiter werden in den kommenden zwei Jahren an der Universit\u00e4t Bremen gestrichen.<span style=\"color: #ff9900\"> <a href=\"http:\/\/blogs.uni-bremen.de\/aktive2013\/files\/2013\/08\/80-Uni-Stellen-fallen-weg-Bremen-Vermischtes-WESER-KURIER.pdf\"><span style=\"color: #ff9900\">(weiter&#8230;)<\/span><\/a><\/span><\/p>\n<\/div>\n","protected":false},"excerpt":{"rendered":"<p>Auf dieser Seite finden Sie eine Sammlung von Pressemitteilungen und -berichten rund um das Thema K\u00fcrzungen. Gerne k\u00f6nnen Sie uns helfen auf dem Laufenden zu bleiben und uns auf weitere Ver\u00f6ffentlichungen aufmerksam machen. Presseartikel zu Bildungsprotesten weltweit finden Sie hier. Weser Kurier (Video), 04.12.2013 &#8222;Bildungsprotest erreicht H\u00f6hepunkt&#8220;. (weiter&#8230;) radiobemen, 04.12.2013 &#8222;Protest gegen Bildungspolitik. Demonstration in [&hellip;]<\/p>\n","protected":false},"author":1961,"featured_media":0,"parent":0,"menu_order":0,"comment_status":"open","ping_status":"open","template":"","meta":{"_bbp_topic_count":0,"_bbp_reply_count":0,"_bbp_total_topic_count":0,"_bbp_total_reply_count":0,"_bbp_voice_count":0,"_bbp_anonymous_reply_count":0,"_bbp_topic_count_hidden":0,"_bbp_reply_count_hidden":0,"_bbp_forum_subforum_count":0,"footnotes":""},"class_list":["post-57","page","type-page","status-publish","hentry"],"_links":{"self":[{"href":"https:\/\/blogs.uni-bremen.de\/aktive2013\/wp-json\/wp\/v2\/pages\/57","targetHints":{"allow":["GET"]}}],"collection":[{"href":"https:\/\/blogs.uni-bremen.de\/aktive2013\/wp-json\/wp\/v2\/pages"}],"about":[{"href":"https:\/\/blogs.uni-bremen.de\/aktive2013\/wp-json\/wp\/v2\/types\/page"}],"author":[{"embeddable":true,"href":"https:\/\/blogs.uni-bremen.de\/aktive2013\/wp-json\/wp\/v2\/users\/1961"}],"replies":[{"embeddable":true,"href":"https:\/\/blogs.uni-bremen.de\/aktive2013\/wp-json\/wp\/v2\/comments?post=57"}],"version-history":[{"count":3,"href":"https:\/\/blogs.uni-bremen.de\/aktive2013\/wp-json\/wp\/v2\/pages\/57\/revisions"}],"predecessor-version":[{"id":605,"href":"https:\/\/blogs.uni-bremen.de\/aktive2013\/wp-json\/wp\/v2\/pages\/57\/revisions\/605"}],"wp:attachment":[{"href":"https:\/\/blogs.uni-bremen.de\/aktive2013\/wp-json\/wp\/v2\/media?parent=57"}],"curies":[{"name":"wp","href":"https:\/\/api.w.org\/{rel}","templated":true}]}}