{"id":555,"date":"2013-11-24T18:09:09","date_gmt":"2013-11-24T16:09:09","guid":{"rendered":"http:\/\/blogs.uni-bremen.de\/aktive2013\/?page_id=555"},"modified":"2013-12-09T16:55:01","modified_gmt":"2013-12-09T14:55:01","slug":"demos","status":"publish","type":"page","link":"https:\/\/blogs.uni-bremen.de\/aktive2013\/demos\/","title":{"rendered":"Demos"},"content":{"rendered":"<p><em>Hier finden Sie eine \u00dcbersicht von Demonstrationen in Bremen anl\u00e4sslich der aktuellen Bildungsproteste.\u00a0<\/em><\/p>\n<p><strong>&#8222;Bildung am Limit.<\/strong><br \/>\n<strong> Es geht um mehr\u2026 als nur um Stellenk\u00fcrzungen!&#8220;<\/strong><br \/>\nGro\u00dfdemonstration mit \u00fcber 3000 Personen am 04.12.2013.<br \/>\n* Ank\u00fcndigung<br \/>\n* Pressebericht<br \/>\n* <span style=\"color: #ff9900\"><a href=\"https:\/\/blogs.uni-bremen.de\/aktive2013\/akj\/\"><span style=\"color: #ff9900\">Redebeitr\u00e4ge<\/span><\/a><\/span><br \/>\n* Bilder<\/p>\n<p><strong>Stellenabbau im Hochschulbereich: Spiel ohne Gewinner!<\/strong><br \/>\nProtestkundgebung am Mittwoch 25.09.2013 auf dem Bremer Marktplatz<br \/>\nIm Rahmen der gemeinsamen Proteste des \u00f6ffentlichen Dienstes auf dem Bremer Marktplatz tragen Angeh\u00f6rige der Universit\u00e4t Bremen ihren Wiederstand gegen die angek\u00fcndigten Stellenk\u00fcrzungen vor die B\u00fcrgerschaft. (<span style=\"color: #ff9900\"><a href=\"http:\/\/blogs.uni-bremen.de\/aktive2013\/files\/2013\/08\/Presseerklaerung_Aktionsbuendnis_20130925d.pdf\"><span style=\"color: #ff9900\">mehr&#8230;<\/span><\/a><span style=\"color: #000000\">)<\/span><\/span><\/p>\n","protected":false},"excerpt":{"rendered":"<p>Hier finden Sie eine \u00dcbersicht von Demonstrationen in Bremen anl\u00e4sslich der aktuellen Bildungsproteste.\u00a0 &#8222;Bildung am Limit. Es geht um mehr\u2026 als nur um Stellenk\u00fcrzungen!&#8220; Gro\u00dfdemonstration mit \u00fcber 3000 Personen am 04.12.2013. * Ank\u00fcndigung * Pressebericht * Redebeitr\u00e4ge * Bilder Stellenabbau im Hochschulbereich: Spiel ohne Gewinner! Protestkundgebung am Mittwoch 25.09.2013 auf dem Bremer Marktplatz Im Rahmen [&hellip;]<\/p>\n","protected":false},"author":1961,"featured_media":0,"parent":0,"menu_order":0,"comment_status":"open","ping_status":"closed","template":"","meta":{"_bbp_topic_count":0,"_bbp_reply_count":0,"_bbp_total_topic_count":0,"_bbp_total_reply_count":0,"_bbp_voice_count":0,"_bbp_anonymous_reply_count":0,"_bbp_topic_count_hidden":0,"_bbp_reply_count_hidden":0,"_bbp_forum_subforum_count":0,"footnotes":""},"class_list":["post-555","page","type-page","status-publish","hentry"],"_links":{"self":[{"href":"https:\/\/blogs.uni-bremen.de\/aktive2013\/wp-json\/wp\/v2\/pages\/555","targetHints":{"allow":["GET"]}}],"collection":[{"href":"https:\/\/blogs.uni-bremen.de\/aktive2013\/wp-json\/wp\/v2\/pages"}],"about":[{"href":"https:\/\/blogs.uni-bremen.de\/aktive2013\/wp-json\/wp\/v2\/types\/page"}],"author":[{"embeddable":true,"href":"https:\/\/blogs.uni-bremen.de\/aktive2013\/wp-json\/wp\/v2\/users\/1961"}],"replies":[{"embeddable":true,"href":"https:\/\/blogs.uni-bremen.de\/aktive2013\/wp-json\/wp\/v2\/comments?post=555"}],"version-history":[{"count":1,"href":"https:\/\/blogs.uni-bremen.de\/aktive2013\/wp-json\/wp\/v2\/pages\/555\/revisions"}],"predecessor-version":[{"id":556,"href":"https:\/\/blogs.uni-bremen.de\/aktive2013\/wp-json\/wp\/v2\/pages\/555\/revisions\/556"}],"wp:attachment":[{"href":"https:\/\/blogs.uni-bremen.de\/aktive2013\/wp-json\/wp\/v2\/media?parent=555"}],"curies":[{"name":"wp","href":"https:\/\/api.w.org\/{rel}","templated":true}]}}