{"id":549,"date":"2013-11-24T17:39:13","date_gmt":"2013-11-24T15:39:13","guid":{"rendered":"http:\/\/blogs.uni-bremen.de\/aktive2013\/?page_id=549"},"modified":"2013-11-24T19:47:18","modified_gmt":"2013-11-24T17:47:18","slug":"ueber-uns","status":"publish","type":"page","link":"https:\/\/blogs.uni-bremen.de\/aktive2013\/ueber-uns\/","title":{"rendered":"\u00dcber uns"},"content":{"rendered":"<header>\n<h1>Aktionsb\u00fcndnis der Universit\u00e4t Bremen<\/h1>\n<\/header>\n<div>\n<p>In dem Aktionsb\u00fcndnis haben sich Angeh\u00f6rige der Universit\u00e4t Bremen zusammengeschlossen, vor allem aus dem akademischen Mittelbau und der Studierendenschaft, um auf die strukturelle Unterfinanzierung der Universit\u00e4t sowie die weitreichenden Folgen der geplanten K\u00fcrzungen aufmerksam zu machen und den Protest dagegen zu koordinieren. Das Aktionsb\u00fcndnis versteht sich dabei als ein bunter Zusammenschluss verschiedener Gruppen und Einzelpersonen mit durchaus heterogenen Positionen. Dementsprechend vielf\u00e4ltig und kontr\u00e4r ist das Angebot dieses Blogs.\u00a0Im Sinne einer breiteren Aufstellung des Aktionsb\u00fcndnisses laden wir ganz herzlich \u00a0Vertreter_innen und Interessierte aller Statusgruppen ein, sich uns anzuschlie\u00dfen und kommende Aktionen mitzugestalten. Das funktioniert, indem sich wiederum kleinere Gruppen finden, die an konkreten Projekten arbeiten und diese dann wieder in die \u201cgro\u00dfe Runde\u201d zur\u00fccktragen. Das Aktionsb\u00fcndnis versteht den Blog als eine M\u00f6glichkeit des Austausches, der Kommunikation, Koordination und der Dokumentation.<\/p>\n<p>Weiter zu den Rubriken: <span style=\"color: #ff9900\"><a href=\"http:\/\/blogs.uni-bremen.de\/aktive2013\/aufrufe\/\"><span style=\"color: #ff9900\">\u00d6ffentliche Briefe<\/span><\/a><\/span>, <span style=\"color: #ff9900\"><a href=\"http:\/\/blogs.uni-bremen.de\/aktive2013\/kontakt\/\"><span style=\"color: #ff9900\">Kontakt<\/span><\/a><\/span> und <span style=\"color: #ff9900\"><a href=\"http:\/\/blogs.uni-bremen.de\/aktive2013\/rechtliches\/\"><span style=\"color: #ff9900\">Rechtliches<\/span><\/a><\/span>.<\/p>\n<\/div>\n","protected":false},"excerpt":{"rendered":"<p>Aktionsb\u00fcndnis der Universit\u00e4t Bremen In dem Aktionsb\u00fcndnis haben sich Angeh\u00f6rige der Universit\u00e4t Bremen zusammengeschlossen, vor allem aus dem akademischen Mittelbau und der Studierendenschaft, um auf die strukturelle Unterfinanzierung der Universit\u00e4t sowie die weitreichenden Folgen der geplanten K\u00fcrzungen aufmerksam zu machen und den Protest dagegen zu koordinieren. Das Aktionsb\u00fcndnis versteht sich dabei als ein bunter Zusammenschluss [&hellip;]<\/p>\n","protected":false},"author":1961,"featured_media":0,"parent":0,"menu_order":0,"comment_status":"open","ping_status":"closed","template":"","meta":{"_bbp_topic_count":0,"_bbp_reply_count":0,"_bbp_total_topic_count":0,"_bbp_total_reply_count":0,"_bbp_voice_count":0,"_bbp_anonymous_reply_count":0,"_bbp_topic_count_hidden":0,"_bbp_reply_count_hidden":0,"_bbp_forum_subforum_count":0,"footnotes":""},"class_list":["post-549","page","type-page","status-publish","hentry"],"_links":{"self":[{"href":"https:\/\/blogs.uni-bremen.de\/aktive2013\/wp-json\/wp\/v2\/pages\/549","targetHints":{"allow":["GET"]}}],"collection":[{"href":"https:\/\/blogs.uni-bremen.de\/aktive2013\/wp-json\/wp\/v2\/pages"}],"about":[{"href":"https:\/\/blogs.uni-bremen.de\/aktive2013\/wp-json\/wp\/v2\/types\/page"}],"author":[{"embeddable":true,"href":"https:\/\/blogs.uni-bremen.de\/aktive2013\/wp-json\/wp\/v2\/users\/1961"}],"replies":[{"embeddable":true,"href":"https:\/\/blogs.uni-bremen.de\/aktive2013\/wp-json\/wp\/v2\/comments?post=549"}],"version-history":[{"count":1,"href":"https:\/\/blogs.uni-bremen.de\/aktive2013\/wp-json\/wp\/v2\/pages\/549\/revisions"}],"predecessor-version":[{"id":550,"href":"https:\/\/blogs.uni-bremen.de\/aktive2013\/wp-json\/wp\/v2\/pages\/549\/revisions\/550"}],"wp:attachment":[{"href":"https:\/\/blogs.uni-bremen.de\/aktive2013\/wp-json\/wp\/v2\/media?parent=549"}],"curies":[{"name":"wp","href":"https:\/\/api.w.org\/{rel}","templated":true}]}}