{"id":50,"date":"2013-08-08T12:41:26","date_gmt":"2013-08-08T10:41:26","guid":{"rendered":"http:\/\/blogs.uni-bremen.de\/aktive2013\/?page_id=50"},"modified":"2013-11-01T15:48:56","modified_gmt":"2013-11-01T13:48:56","slug":"kontakt","status":"publish","type":"page","link":"https:\/\/blogs.uni-bremen.de\/aktive2013\/kontakt\/","title":{"rendered":"Kontakt"},"content":{"rendered":"<p>Das Aktionsb\u00fcndnis besteht nicht aus einer geschlossenen Gruppe sondern bezieht seine Vitalit\u00e4t und Handlungsf\u00e4higkeit aus der Vielf\u00e4ltigkeit und Heterogenit\u00e4t aller Aktiven.\u00a0Die einzelnen Beitr\u00e4ge m\u00fcssen daher nicht zwangsl\u00e4ufig die Meinung aller am Aktionsb\u00fcndnis beteiligten wiedergeben. Dementsprechend gibt es themenabh\u00e4ngig verschiedene Ansprechpartner_innen die Ihnen gerne weiterhelfen.\u00a0F\u00fcr allgemeine Anfragen k\u00f6nnen Sie uns \u00a0unter &#8222;<span style=\"color: #ff9900\">&#97;k&#116;i&#118;e&#x75;n&#x69;b&#x72;e&#x6d;e&#x6e;&#64;&#x67;m&#x78;&#46;&#x64;e<\/span>&#8220; kontaktieren.<\/p>\n","protected":false},"excerpt":{"rendered":"<p>Das Aktionsb\u00fcndnis besteht nicht aus einer geschlossenen Gruppe sondern bezieht seine Vitalit\u00e4t und Handlungsf\u00e4higkeit aus der Vielf\u00e4ltigkeit und Heterogenit\u00e4t aller Aktiven.\u00a0Die einzelnen Beitr\u00e4ge m\u00fcssen daher nicht zwangsl\u00e4ufig die Meinung aller am Aktionsb\u00fcndnis beteiligten wiedergeben. Dementsprechend gibt es themenabh\u00e4ngig verschiedene Ansprechpartner_innen die Ihnen gerne weiterhelfen.\u00a0F\u00fcr allgemeine Anfragen k\u00f6nnen Sie uns \u00a0unter &#8222;&#97;&#x6b;t&#x69;v&#101;&#x75;&#110;&#x69;b&#114;&#x65;&#109;&#x65;n&#x40;&#x67;&#109;&#x78;&#46;&#x64;e&#8220; kontaktieren.<\/p>\n","protected":false},"author":1961,"featured_media":0,"parent":0,"menu_order":0,"comment_status":"open","ping_status":"open","template":"","meta":{"_bbp_topic_count":0,"_bbp_reply_count":0,"_bbp_total_topic_count":0,"_bbp_total_reply_count":0,"_bbp_voice_count":0,"_bbp_anonymous_reply_count":0,"_bbp_topic_count_hidden":0,"_bbp_reply_count_hidden":0,"_bbp_forum_subforum_count":0,"footnotes":""},"class_list":["post-50","page","type-page","status-publish","hentry"],"_links":{"self":[{"href":"https:\/\/blogs.uni-bremen.de\/aktive2013\/wp-json\/wp\/v2\/pages\/50","targetHints":{"allow":["GET"]}}],"collection":[{"href":"https:\/\/blogs.uni-bremen.de\/aktive2013\/wp-json\/wp\/v2\/pages"}],"about":[{"href":"https:\/\/blogs.uni-bremen.de\/aktive2013\/wp-json\/wp\/v2\/types\/page"}],"author":[{"embeddable":true,"href":"https:\/\/blogs.uni-bremen.de\/aktive2013\/wp-json\/wp\/v2\/users\/1961"}],"replies":[{"embeddable":true,"href":"https:\/\/blogs.uni-bremen.de\/aktive2013\/wp-json\/wp\/v2\/comments?post=50"}],"version-history":[{"count":1,"href":"https:\/\/blogs.uni-bremen.de\/aktive2013\/wp-json\/wp\/v2\/pages\/50\/revisions"}],"predecessor-version":[{"id":203,"href":"https:\/\/blogs.uni-bremen.de\/aktive2013\/wp-json\/wp\/v2\/pages\/50\/revisions\/203"}],"wp:attachment":[{"href":"https:\/\/blogs.uni-bremen.de\/aktive2013\/wp-json\/wp\/v2\/media?parent=50"}],"curies":[{"name":"wp","href":"https:\/\/api.w.org\/{rel}","templated":true}]}}