{"id":171,"date":"2013-10-25T13:41:15","date_gmt":"2013-10-25T11:41:15","guid":{"rendered":"http:\/\/blogs.uni-bremen.de\/aktive2013\/?page_id=171"},"modified":"2013-11-24T22:40:07","modified_gmt":"2013-11-24T20:40:07","slug":"aktionsideen","status":"publish","type":"page","link":"https:\/\/blogs.uni-bremen.de\/aktive2013\/aktionsideen\/","title":{"rendered":"Aktionsideen"},"content":{"rendered":"<p><em>Auf dieser Seite finden Sie Aktionsideen zur weiteren Entwicklung der Bildungsproteste. Gerne sammeln wir auf dieser Seite weitere Ideen, die Sie uns gerne zukommen lassen k\u00f6nnen (). Aktionsideen die sich unmittelbar auf die Protestwoche beziehen finden Sie<span style=\"color: #ff9900\"> <a href=\"http:\/\/blogs.uni-bremen.de\/aktive2013\/files\/2013\/10\/HowtodoProtestwoche_22102013.pdf\"><span style=\"color: #ff9900\">hier<\/span><\/a><\/span>. Ziel ist es, in einem ersten Schritte eine Sammlung von Ideen zu erstellen (weitere k\u00f6nnen\u00a0 Sie uns gerne zukommen lassen: <\/em><em><span style=\"color: #ff9900\">&#97;&#x6b;&#116;&#x69;&#118;&#x65;&#117;&#x6e;i&#x62;r&#x65;m&#x65;n&#64;&#x67;&#109;&#x78;&#46;&#x64;&#101;<\/span><\/em><em>), um in einem zweiten Schritt konkrete Ansprechpartner\/innen zu gewinnen. Wer dies gerne machen m\u00f6chte kann sich ebenfalls melden. Weitere Interessierte k\u00f6nnen sich auf diese Weise einzelnen, konkreten und \u00fcberschaubar abgegrenzten Aktionsideen anschlie\u00dfen<\/em>,<em><br \/>\n<\/em><\/p>\n<p>&#8211; Statusgruppen\u00fcbergreifende Vollversammlung<\/p>\n<p>&#8211; Weiterhin strukturelle \u00dcberlastungen der Mitarbeiter_innen thematisieren und Mitarbeiter_innen f\u00fcr die Relevanz des Themas sensibilisieren<\/p>\n<p>&#8211; Dranbleiben und Nachhaken: Forderungen\u00a0(s. Lobbypapier und Offener Brief) in den laufenden Debatten aufrufen und\u00a0umsetzen<\/p>\n<p>&#8211; Leitbild f\u00fcr Studium und Lehre kommentieren<\/p>\n<p>&#8211; AS Strategiekommission kommentierend begleiten und uns aktiv einbringen &#8211;&gt; Hauptakteure im AS ansprechen<\/p>\n<p>&#8211; Gutachten des Wissenschaftsrates \u00f6ffentlichkeitswirksam diskutieren<\/p>\n<p>&#8211; HEP-Prozess kritisch begleiten<\/p>\n<p>&#8211; Pressearbeit<\/p>\n<p>&#8211; Protest zu den Haushaltsabstimmung in der Bremer B\u00fcrgerschaft (11.\/12.12.) organisieren<\/p>\n<p>&#8211; Bilanz der Exzellenzinitiative ziehen und diese mit der DFG diskutieren<\/p>\n<p>&#8211; Drittmittelwimis verzichten f\u00fcr einen bestimmten Zeitraum auf ihre freiwillig geleistete Lehre<\/p>\n<p>&#8211; Vernetzung \u00fcber Bremen hinaus<\/p>\n<p>&#8211; Alternativer Bildungsgipfel (Arbeitstitel) &#8211; durchaus in Kombination mit der &#8222;Vernetzung \u00fcber Bremen&#8220; hinaus<\/p>\n<p>&#8211; Petition: F\u00f6rderung Jacobs University ersatzlos streichen<\/p>\n","protected":false},"excerpt":{"rendered":"<p>Auf dieser Seite finden Sie Aktionsideen zur weiteren Entwicklung der Bildungsproteste. Gerne sammeln wir auf dieser Seite weitere Ideen, die Sie uns gerne zukommen lassen k\u00f6nnen (). Aktionsideen die sich unmittelbar auf die Protestwoche beziehen finden Sie hier. Ziel ist es, in einem ersten Schritte eine Sammlung von Ideen zu erstellen (weitere k\u00f6nnen\u00a0 Sie uns [&hellip;]<\/p>\n","protected":false},"author":1961,"featured_media":0,"parent":0,"menu_order":0,"comment_status":"open","ping_status":"closed","template":"","meta":{"_bbp_topic_count":0,"_bbp_reply_count":0,"_bbp_total_topic_count":0,"_bbp_total_reply_count":0,"_bbp_voice_count":0,"_bbp_anonymous_reply_count":0,"_bbp_topic_count_hidden":0,"_bbp_reply_count_hidden":0,"_bbp_forum_subforum_count":0,"footnotes":""},"class_list":["post-171","page","type-page","status-publish","hentry"],"_links":{"self":[{"href":"https:\/\/blogs.uni-bremen.de\/aktive2013\/wp-json\/wp\/v2\/pages\/171","targetHints":{"allow":["GET"]}}],"collection":[{"href":"https:\/\/blogs.uni-bremen.de\/aktive2013\/wp-json\/wp\/v2\/pages"}],"about":[{"href":"https:\/\/blogs.uni-bremen.de\/aktive2013\/wp-json\/wp\/v2\/types\/page"}],"author":[{"embeddable":true,"href":"https:\/\/blogs.uni-bremen.de\/aktive2013\/wp-json\/wp\/v2\/users\/1961"}],"replies":[{"embeddable":true,"href":"https:\/\/blogs.uni-bremen.de\/aktive2013\/wp-json\/wp\/v2\/comments?post=171"}],"version-history":[{"count":2,"href":"https:\/\/blogs.uni-bremen.de\/aktive2013\/wp-json\/wp\/v2\/pages\/171\/revisions"}],"predecessor-version":[{"id":196,"href":"https:\/\/blogs.uni-bremen.de\/aktive2013\/wp-json\/wp\/v2\/pages\/171\/revisions\/196"}],"wp:attachment":[{"href":"https:\/\/blogs.uni-bremen.de\/aktive2013\/wp-json\/wp\/v2\/media?parent=171"}],"curies":[{"name":"wp","href":"https:\/\/api.w.org\/{rel}","templated":true}]}}