{"id":125,"date":"2013-09-18T12:40:41","date_gmt":"2013-09-18T10:40:41","guid":{"rendered":"http:\/\/blogs.uni-bremen.de\/aktive2013\/?page_id=125"},"modified":"2013-11-24T18:26:16","modified_gmt":"2013-11-24T16:26:16","slug":"protestwoche","status":"publish","type":"page","link":"https:\/\/blogs.uni-bremen.de\/aktive2013\/protestwoche\/","title":{"rendered":"Protestwoche"},"content":{"rendered":"<p><em>F\u00fcr die erste November Woche vom 4. bis zum 8.11.2013 hatte das Aktionsb\u00fcndnis zu einer universit\u00e4tsweiten Protestwoche aufgerufen. Eine ganze Woche lang wurde der gewohnte Uni-Alltag durchbrochen und Raum f\u00fcr zahlreiche alternative Veranstaltungen und Protestformen geschaffen. Auf dieser Seite finden Sie das Programm der Protestwoche, sowie eine Dokumentation einzelner Aktionen.\u00a0<\/em><\/p>\n<p><strong>Informations- und Werbematerial:<br \/>\n<\/strong>&#8211; Aufruf zur Protestwoche &#8211; kurzer Flyer <span style=\"color: #ff9900\">(<a href=\"http:\/\/blogs.uni-bremen.de\/aktive2013\/files\/2013\/10\/Protestflyer-Farbig-17-10-13-Vorderseite.pdf\"><span style=\"color: #ff9900\">Vorderseite<\/span><\/a>\/<a href=\"http:\/\/blogs.uni-bremen.de\/aktive2013\/files\/2013\/10\/Protestflyer-Farbig-17-10-13-R\u00fcckseite.pdf\"><span style=\"color: #ff9900\">R\u00fcckseite<\/span><\/a>)<br \/>\n<\/span>&#8211;\u00a0<span style=\"color: #ff9900\"><a href=\"http:\/\/blogs.uni-bremen.de\/aktive2013\/files\/2013\/10\/infoflyer-stellenkuerzungen_web.pdf\"><span style=\"color: #ff9900\">Studentischer Informations- und Mobilisierungsflyer<br \/>\n<\/span><\/a><span style=\"color: #000000\">&#8211; T\u00fcrschild &#8211; <span style=\"color: #ff9900\"><a href=\"http:\/\/blogs.uni-bremen.de\/aktive2013\/files\/2013\/09\/Open-K\u00fcrzung.jpg\" data-rel=\"lightbox-image-0\" data-rl_title=\"\" data-rl_caption=\"\" title=\"\"><span style=\"color: #ff9900\">Es wird Gek\u00fcrzt &#8211; Ich bin dagegen!<\/span><\/a>\u00a0<\/span><\/span><\/span><\/p>\n<p><strong>Material f\u00fcr die Protestwoche<br \/>\n<\/strong>&#8211; <a href=\"http:\/\/blogs.uni-bremen.de\/aktive2013\/files\/2013\/10\/HowtodoProtestwoche_22102013.pdf\"><span style=\"color: #ff9900\"><span style=\"color: #ff9900\">Ideensammlung<\/span><\/span><\/a> &#8211; Was ich in der Protestwoche (in meiner Veranstaltung) tun kann&#8230;<br \/>\n&#8211;\u00a0<span style=\"color: #ff9900\"><a href=\"http:\/\/blogs.uni-bremen.de\/aktive2013\/files\/2013\/09\/Lehrendentreffen.pdf\"><span style=\"color: #ff9900\">\u00dcbersichtsvortrag<\/span><\/a><\/span>\u00a0zu den K\u00fcrzungen\u00a0&#8211; Aus der Soziologie<\/p>\n<p><strong>Programm in der Protestwoche<br \/>\n<\/strong><em>In der Protestwoche sind die Lehrenden dazu angehalten ihre Lehrveranstaltungen umzuwidmen um Raum f\u00fcr Diskussion und Aktionen zu \u00f6ffnen.\u00a0<\/em><br \/>\n<span style=\"color: #ff9900\"><a href=\"http:\/\/blogs.uni-bremen.de\/aktive2013\/files\/2013\/11\/Protestwoche-Programm_2013.pdf\"><span style=\"color: #ff9900\">Der Programmflyer als PDF<\/span><\/a><\/span><\/p>\n<p><span style=\"color: #ff9900\">Immer:<\/span><\/p>\n<div id=\"magicdomid13\">Infocaf\u00e9 (t\u00e4glich, 09:00 &#8211; bis 16.00 Uhr)<br \/>\nW\u00e4hrend der gesamten Protestwoche gibt es ein Infocaf\u00e9 in den R\u00e4umlichkeiten des ehemaligen Kopiercenters auf dem Boulevard! Hier k\u00f6nnen neue Aktionen angek\u00fcndigt, Informationen zu den K\u00fcrzungen und Aktionen abgeholt und sich ausgetauscht werden. Au\u00dferdem werden hier die Protestwoche und die stattfindenden Aktionen dokumentiert.<\/div>\n<div><\/div>\n<div><span style=\"color: #ff9900\">Nie:<\/span><\/p>\n<div id=\"magicdomid13\">Pr\u00fcfungen im Testcenter<br \/>\n&#8222;Wir, das eAssessment-Team vom ZMML, werden das Testcenter (ehemaliger SUUB-Saal, jetzt f\u00fcr eKlausuren genutzt) f\u00fcr den Zeitraum der Protestwoche schlie\u00dfen, damit niemand auf die Idee kommt, in dieser Zeit Klausuren durchzuf\u00fchren. Stattdessen h\u00e4ngt dort ein \u201eGeschlossen&#8220;-Schild und das Poster mit dem Protestwochenplakat an der T\u00fcr.&#8220;<br \/>\n<strong><br \/>\n<\/strong><span style=\"color: #ff9900\">MONTAG, 4.11.2013<\/span><\/p>\n<div id=\"magicdomid13\">\n<p><strong>8:00 -10:00 Uhr &#8211; Raum: GW2 B3850 &#8211; Dozent: Alarich Rooch<\/strong><br \/>\n\u00bbQualit\u00e4tsanforderungen. Das Studium Kunstwissenschaft \/ Kunsterziehung unter kritischer Betrachtung\u00ab<br \/>\nWir diskutieren den Status der Qualit\u00e4tsanforderungen des Studiums, versuchen eine kritische Bilanz und m\u00f6chten einen Forderungskatalog formulieren, der unsere \u00dcberlegungen zur inhaltlichen\u00a0 wie auch strukturell-formalen Qualit\u00e4tssteigerung auflistet.<\/p>\n<p><strong>9:45 &#8211; 12:15 Uhr &#8211; Ort: Boulevard &#8211; mit campus gr\u00fcn<\/strong><\/p>\n<p>Fotoaktion \u201eIch bin betroffen&#8220;<\/p>\n<p>Wir bereiten Schilder vor, auf denen ihr den Satz \u201eIch bin betroffen, weil&#8230;&#8220; erg\u00e4nzen k\u00f6nnt. Dann machen wir Fotos von euch und euren Schildern und ver\u00f6ffentlichen sie als \u201ebebilderte M\u00e4ngelliste&#8220;.<br \/>\n<strong>10:00 -14:00 Uhr &#8211; Raum unter den Haupttreppen &#8211; von Gewerkschaft Erziehung und Wissenschaft<br \/>\n<\/strong>\u00bbStrategische Gremienarbeit\u00ab<br \/>\nDieser Workshop bietet eine Einf\u00fchrung in die Gremienarbeit f\u00fcr StudierendenvertreterInnen in den verschiedenen Gremien der Uni (StuKo, FBR) an. Der Workshop richtet sich an alle, die bereits Erfahrung\u00a0 mit Gremienarbeit gesammelt haben und diejenigen, die neu in die Gremien\u00a0 gew\u00e4hlt wurden. Themen des Workshops sind: das Formulieren von\u00a0 Antr\u00e4gen, Redeverhalten in Gremien, \u00d6ffentlichkeitsarbeit etc. Neben der\u00a0 Vermittlung von notwendigem Handwerkszeug ist uns der Erfahrungsaustausch f\u00fcr eine schlagkr\u00e4ftige Interessensvertretung von Studierenden besonders wichtig.<\/p>\n<p><strong>10:00 &#8211; 12:00 Uhr &#8211; Ort: Theater Bremen, Kleines Haus (Goetheplatz4, Eingang \u00fcber den Hof) &#8211; Dozentin: Ulrike Huhn<br \/>\n<\/strong>\u00bbGesellschaftsverbrechen erinnern. Der 2. Weltkrieg in der europ\u00e4ischen Erinnerung\u00ab<br \/>\nSeminar im \u00f6ffentlichen Raum. Teil 1: Gemeinsame Diskussion mit den Studierenden \u00fcber ihr Protestanliegen und die Folgen f\u00fcr die Studienbedingungen. Teil 2: Fortsetzung der Seminarinhalte. Es wird Presse erwartet.<\/p>\n<p><strong>Transpi-Workshop mit campus gr\u00fcn<\/strong><br \/>\nWir gestalten zusammen Transpis zum Thema K\u00fcrzungen f\u00fcr die Protestwoche und danach.<\/p>\n<p><strong>14:00 &#8211; 16:00 Uhr &#8211; Raum: Grazerstra\u00dfe 2 0080 &#8211; Dozentin: Nadine Ochmann<br \/>\n<\/strong>\u00bb&#8220;Von Marx zu Darwin&#8220;: Was f\u00fcr eine Uni wollen wir?\u00ab<br \/>\nFilm-Ausschnitte mit anschlie\u00dfendem Wordcaf\u00e9<\/p>\n<p><span style=\"color: #ff9900\">DIENSTAG, 5.11.2013<\/span><\/p>\n<p><strong>10:00 &#8211; 12:00 &#8211; Raum: SFG 1210 &#8211; Dozent*innen: Dr. Henrike M\u00fcller und Dr. Anne Jenichen<\/strong> (Aktionsb\u00fcndnis Uni HB)<\/p>\n<p>Diskussion zur Lage der Hochschulen in Bremen<\/p>\n<p><strong>12:00 Uhr &#8211; Raum: ehemaliges kopiercenter (am Boulevard) &#8211; von StugA Kunst<br \/>\n<\/strong>\u00bbSiebdruckworkshop\u00ab<\/p>\n<p><strong>12:00 &#8211; 14:00 Uhr &#8211; Haltestelle Zentralbereich bei der Glashalle &#8211; von StugA KuW<br \/>\n<\/strong>\u00bbFoto Aktion\u00ab<br \/>\nTeilnehmer*innen\u00a0 k\u00f6nnen vorher auf ein gro\u00dfes Blatt Papier schreiben,\u00a0 warum sie gegen\u00a0 die Stellenk\u00fcrzungen sind, sich damit von uns\u00a0 fotografieren lassen und\u00a0 wir sammeln die Fotos dann. Wer m\u00f6chte, kann\u00a0 nat\u00fcrlich anonymisiert\u00a0 werden. Die Fotos werden wir dann drucken und irgendwo in der Uni\u00a0 ausstellen. Au\u00dferdem hatten wir die Idee, einen eigenen Blog f\u00fcr die\u00a0\u00a0 Fotos zu er\u00f6ffnen und diese auch dort zu pr\u00e4sentieren.<\/p>\n<p><strong>12:00 &#8211; 14:00 Uhr &#8211; Raum GW2 B3850 &#8211; Dozent: Frieder Vogelmann<\/strong><br \/>\n\u00bbUniversit\u00e4t als Brennpunkt von Wissenschaft, Politik und \u00d6konomie\u00ab<br \/>\n\u00d6ffentliche Podiumsdiskussion vom Institut f\u00fcr Interkulturelle und Internationale Studien<\/p>\n<p><strong>14:00 Uhr &#8211; GW2 unter den Haupttreppen &#8211; vom Aktionsb\u00fcndnis Uni Bremen, Avanti Unigruppe und LiSA<br \/>\n<\/strong>\u00bbZentrale Informations-Veranstaltung\u00ab<br \/>\nSeit dem Sommersemester ist an der Uni bekannt, dass im wissenschaftlichen Mittelbau 80 und in der Verwaltung 50 Vollzeit-\u00e4quivalente Stellen gek\u00fcrzt werden sollen. Vor dem Hintergrund, dass WiMis einen Gro\u00dfteil der Lehre und Betreuung organisieren, h\u00e4tte dies besonders f\u00fcr uns Studierende katastrophale Auswirkungen. Denn pro Semester w\u00fcrden mindestens 320 Semesterwochenstunden Lehre wegfallen. Hinzu kommt die Einbu\u00dfe von Betreuungszeiten, eine weitere Verschlechterung des Betreuungsschl\u00fcssels sowie eine noch gr\u00f6\u00dfere \u00dcberlastung des Verwaltungsbereiches. Mit dieser Veranstaltungen m\u00f6chten noch einmal auf Hintergr\u00fcnde und Entwicklungen der Uni Bremen eingehen, die f\u00fcr die gegenw\u00e4rtigen Stellenk\u00fcrzungen ausschlaggebend sind.<\/p>\n<p><strong>16:00 Uhr &#8211; GW2 unter den Haupttreppen &#8211; von LiSA<\/strong><br \/>\n\u00bbHEP V und seine Geschichte &#8211; ein subjektiver Erfahrungsbericht\u00ab<br \/>\nVeranstaltung zum aktuellen Hochschulentwicklungsplan (HEP V) und wie sich Studierende an der Bremer Uni in der Vergangenheit dagegen zur Wehr gesetzt haben.<\/p>\n<p><strong>16:00 &#8211; 19:00 Uhr &#8211; Raum: GW2 B3770 &#8211; Dozentinnen: Irene Nierhaus \/ Johanna Hartmann<br \/>\n<\/strong>\u00bbStadt-Habitat. Urbaner Aufenthalt und Kulturen des Stadtraumes im 20. Jahrhundert und der Gegenwart\u00ab<br \/>\n\u00d6ffnung der Sitzung f\u00fcr alle Interessierte. Geplant ist die Diskussion von zwei Klassiker-Texten, die die strukturellen Zusammenh\u00e4nge von Wohnungsnot bzw. Obdachlosigkeit und Arbeit im Kapitalismus zum Thema haben: Engels, Friedrich: Zur Wohnungsfrage (1872\u20131873); R\u00fchle, Otto:\u201eWohnung, Schlafstellen, Obdachlosigkeit\u201c. Die Texte sind im Semesterapparat des Seminars in der SUUB auf der Ebene 4 als Kopiervorlage zu finden.<\/p>\n<p><strong>17:00 &#8211; 18:00 Uhr &#8211; GW2 unter den Haupttreppen<\/strong><br \/>\n\u00bbCoulors against Stellenk\u00fcrzungen\u00ab<br \/>\nEine kleine Einf\u00fchrung in den Umgang mit der Spr\u00fchdose, das erstellen von Stencils und eigene Praxiserfahrung. In diesem Workshop werden die Basics vermittelt um die Welt mit ein wenig Lackfarbe und Kreativit\u00e4t bunter zu gestalten. Der Umgang mit der Spr\u00fchdose ist nicht nur Kunst, sondern auch Mittel zum Protest und Widerstand gegen das bestehende Bildungssystem.<\/p>\n<p><span style=\"color: #ff9900\">MITTWOCH, 6.11.2013<br \/>\n<\/span><\/p>\n<p><strong>9:45 &#8211; 13:00 Uhr &#8211; Ort: Boulevard &#8211; mit campus gr\u00fcn<\/strong><\/p>\n<div dir=\"LTR\" id=\"magicdomid118\">\n<p>Fotoaktion &#8222;Ich bin betroffen&#8220;<\/p>\n<\/div>\n<p>Wir bereiten Schilder vor, auf denen ihr den Satz &#8222;Ich bin betroffen, weil&#8230;&#8220; erg\u00e4nzen k\u00f6nnt. Dann machen wir Fotos von euch und euren Schildern und ver\u00f6ffentlichen sie als &#8222;bebilderte M\u00e4ngelliste&#8220;.<\/p>\n<p><strong>10:00 &#8211; 12:00 Uhr &#8211; Raum: GW2 B1150 &#8211; von StugA Geographie<br \/>\n<\/strong>\u00bbVollversammlung aller Geographiestudierender\u00ab<br \/>\nNeben Infos zu den drohenden K\u00fcrzungen geht es um die Wahl eines oder einer neuen Finanzreferentin und die Planung f\u00fcr die Semesterparty des StugA.<\/p>\n<p><strong>10:00 &#8211; 11:45 Uhr &#8211; Raum: MZH, Senatssaal, Ebene 1 &#8211; vom Personalrat Bremen<br \/>\n<\/strong>\u00bbPersonalversammlung\u00ab<br \/>\nAuf der Tagesordnung ganz oben steht der Punkt: &#8222;Stellenstreichungen in der Universit\u00e4t \u2013 wie geht es weiter?&#8220; Mehr dazu unter www.personalrat.uni-bremen.de<\/p>\n<p><strong>11:30 Uhr &#8211; Treffen vor der Bremer B\u00fcrgerschaft &#8211; von StugA Kunst<br \/>\n<\/strong>\u00bbturbo uni\u00ab<\/p>\n<p><strong>\u00a011:45 Uhr &#8211; Raum: MZH, 1. Stock, Foyer vor dem Senatssaal<br \/>\n<\/strong>\u00bbTreffen des &#8222;Aktionsb\u00fcndnis Uni Bremen&#8220;\u00ab<\/p>\n<p><strong>12:00 &#8211; 14:00 Uhr\u00a0 &#8211; Haltestelle Zentralbereich bei der Glashalle &#8211; von StugA KuWi<\/strong><br \/>\n\u00bbFoto Aktion\u00ab<br \/>\nTeilnehmer*innen\u00a0 k\u00f6nnen vorher auf ein gro\u00dfes Blatt Papier schreiben,\u00a0 warum sie gegen\u00a0 die Stellenk\u00fcrzungen sind, sich damit von uns\u00a0 fotografieren lassen und\u00a0 wir sammeln die Fotos dann. Wer m\u00f6chte, kann\u00a0 nat\u00fcrlich anonymisiert\u00a0 werden. Die Fotos werden wir dann drucken und irgendwo in der Uni\u00a0 ausstellen. Au\u00dferdem hatten wir die Idee, einen eigenen Blog f\u00fcr die\u00a0\u00a0 Fotos zu er\u00f6ffnen und diese auch dort zu pr\u00e4sentieren.<\/p>\n<p><strong>13:00 &#8211; 16:00 Uhr &#8211; Ort: Glashalle (Zentralbereich) &#8211; Dozent: Sven Trostmann<br \/>\n<\/strong>\u00bbKooperative M\u00e4ngelliste am laufenden Band\u00ab<br \/>\nEs soll ein Seminarsetting sein, in dem wir eine M\u00e4ngelliste (Rolltapete) erarbeiten und auch\u00a0 &#8222;vorbeilaufende&#8220; Studierenden dazu auffordern sich daran zu beteiligen. &#8211; Umwidmung des Seminars &#8222;Wie geht Reformp\u00e4dagogik? Eine Erprobung und Reflexion reformp\u00e4dagogischer Konzeptionen in selbstgesteuerten Lernprozessen und ihre Implikationen f\u00fcr eine Bildung vom Kind aus.&#8220; aus dem FB 12.<\/p>\n<p><strong>14:00 Uhr &#8211; Raum: ehemaliges kopiercenter (am Boulevard) &#8211; von Avanti Unigruppe<br \/>\n<\/strong>\u00bbExzellent gek\u00fcrzt!? Neoliberalisierung und Exzellenzinitiative an der Hochschule\u00ab<br \/>\nLeistung\u00a0 und Effizienz sind die allbestimmenden Kriterien, unter denen heute\u00a0 bildungspolitische Debatten gef\u00fchrt werden. Mit Verweis auf diese\u00a0 Schlagworte werden massenhaft Stellen gestrichen und\u00a0 Studieng\u00e4nge\u00a0 zusammengestrichen &#8211; wie gerade im Studiengang Kunst\u00a0 &#8211; oder schlicht\u00a0 abgeschafft &#8211; wie zuletzt Behindertenp\u00e4dagogik,\u00a0 Sportlehramt und\u00a0 demn\u00e4chst wom\u00f6glich Integrierte Europastudien.\u00a0 Drittmittel, wie zum\u00a0 Beispiel auch das Geld der Exzellenzinitiative, sind ein immer gr\u00f6\u00dferer\u00a0 Haushaltsposten im Unibudget. Sie sind aber in der Regel Zweckgebunden\u00a0 und d\u00fcrfen nicht f\u00fcr die Lehre verwendet\u00a0 werden. Inzwischen scheint das\u00a0 Konkurrenzprinzip auch an der Uni allgegenw\u00e4rtig zu sein: Unis\u00a0 konkurrieren um Drittmittel, Fachbereiche und Studieng\u00e4nge konkurrieren\u00a0 um die sowieso schon knappen Uni-Gelder und Studierende konkurrieren um\u00a0 gute Noten und Masterstudienpl\u00e4tze. Im Workshop wollen wir uns mit\u00a0 dieser neoliberalen Hochschulentwicklung besch\u00e4ftigen, gemeinsam\u00a0 diskutieren und dabei auch \u00fcber Widerstandsm\u00f6glichkeiten sprechen.<\/p>\n<p><strong>14:30 Uhr &#8211; Kissenschlacht vor dem MzH<\/strong><br \/>\n<span><span class=\"fsl\">Jede*r die\/der Bock hat, ein wenig Frust abzubauen, bringt ein Kissen mit und tobt sich aus. <\/span><\/span><\/p>\n<p><strong>\u00a014:00 &#8211; 16:00 Uhr &#8211; Raum: SFG 2020<br \/>\n<\/strong>\u00bbFilmscreening: Pierre Bourdieu: Soziologie ist ein Kampfsport\u00ab<\/p>\n<p><strong>15:00 Uhr &#8211; GW2 unter den Haupttreppen &#8211; von LiSA<br \/>\n<\/strong>\u00bbUni besetzen leicht gemacht\u00ab<br \/>\nStudentischer Protest ist h\u00e4ufig kreativ, lieb und nett und findet sch\u00f6n brav jenseits desjenigen universit\u00e4ren Alltags statt, gegen den er sich doch eigentlich richtet. Daf\u00fcr wird er gerne von allen Seiten umarmt und weggelobt. Als Mittel des politischen Kampfes mu\u00df Protest aber zu allerst Druck aufbauen, nerven und weh tun, damit er nicht einfach abgetan werden kann.\u00a0Gerne streiken Studis deshalb. Aber damit schaden sie nach der Meinung vieler nur selber, stoppen sie doch keinen Produktions- sondern nur ihren eigenen Lernrpozess. Worin dennoch die Bedeutung studentischer Streiks liegt und mit welchen Protestformen sich auch direkt in Entscheidungsprozesse intervenieren l\u00e4\u00dft, dar\u00fcber wollen wir uns austauschen.<\/p>\n<p><strong>16:30 Uhr &#8211; GW2 unter den Haupttreppen &#8211; von LiSA<br \/>\n<\/strong>\u00bbUni Defekt &#8211; bitte andere benutzen &#8211; Der Bremer Streik gegen Studiengeb\u00fchren\u00ab<br \/>\n1972\u00a0 waren in der BRD Studiengeb\u00fchren abgeschafft worden. Im neoliberalen\u00a0 Fahrwasser der 1990er Jahre begann die politische Debatte um ihre\u00a0 Wiedereinf\u00fchrung. Als ersten konkreten Schritt zur direkten Beteiligung\u00a0 der Studierenden an den Kosten ihres Studiums plante die Bremer\u00a0 Landesregierung im Jahr 2003 die Einf\u00fchrung einer so genannten\u00a0 &#8222;Verwaltungsgeb\u00fchr&#8220; in H\u00f6he von 50 \u20ac pro Semester. Anfang Dezember 2003\u00a0 traten daraufhin die Studierenden der Uni Bremen in den Streik. Sie\u00a0 setzten den regul\u00e4ren Lehrbetrieb aus, um gemeinsam, mit aller Kraft und\u00a0 vielf\u00e4ltig gegen die drohenden Studiengeb\u00fchren und die ohnehin miserablen Studienbedingungen zu Felde zu ziehen.<\/p>\n<p><strong>15:00-17:00 Uhr symbolisches Spendensammeln auf dem Marktplatz campus gr\u00fcn<\/strong><br \/>\nWir machen mit einer ironischen Spendensammlung in der Stadt auf die K\u00fcrzungen und Mangelverwaltung in der Uni aufmerksam.\u00a0Falls aus Versehen wirklich Geld gespendet wird, \u00fcbergeben wir das am Ende der P-Woche an den Uni-Kanzler Mehrtens.<\/p>\n<p><strong>18:00 Uhr c.t. &#8211; Raum: SFG 2040 \u00bbBremer Geographisches Protestkolloquium\u00ab\u00a0<\/strong><br \/>\n<strong>&#8222;Ohne Moos Nix Los!\u201c Die Finanzlage der Universit\u00e4t Bremen aus Sicht der\u00a0Geographie.<br \/>\n<\/strong>von Prof. Dr. Ivo Mossig &#8211; Institut f\u00fcr Geographie, Wirtschaftsgeographie<br \/>\nKritische Theorie (be)denken. \u00dcber das Potential von Kritik in der Wissenschaft.<br \/>\nvon Dr. Anna-Lisa M\u00fcller &#8211; Institut f\u00fcr Geographie, Stadtgeographie<\/p>\n<p><span style=\"color: #ff9900\">DONNERSTAG, 7.11.2013<\/span><\/p>\n<p><strong>10:00 &#8211; 16:00 Uhr &#8211; Raum: ehemaliger kopiercenter (am Boulevard) &#8211; von StugA Kunst<br \/>\n<\/strong>\u00bb\u00e4nderungsschneiderei &#8211; wir k\u00fcrzen, raffen und beschneiden\u00ab<\/p>\n<p><strong>10:00 &#8211; 12:00 Uhr, Henkersmahlzeit auf dem Boulevard\u00a0von Grundschullehramtsstudierenden, Boulevard<br \/>\n<\/strong>Wir machen Leckeres zum Futtern und gestalten Plakate.<\/p>\n<p><strong>12:00 Uhr &#8211; GW2 unter den Haupttreppen &#8211; von LiSA<\/strong><br \/>\n\u00bbQuebec &#8211; Athen &#8211; Bremen?\u00ab<br \/>\nProteste gegen Verschlechterungen von Studienbedingungen gibt es nicht nur in Bremen \u2013 nat\u00fcrlich nicht. Wir wollen in dieser Veranstaltung die K\u00e4mpfe von Studierenden im kanadischen Quebec letzten Jahres und die von den vom Sparzwang geplagten Studis in Athen nachzeichnen und versuchen Schl\u00fcsse f\u00fcr unsere Situation zu ziehen.\u00a0Im M\u00e4rz 2011 verk\u00fcndet die liberale Provinzregierung des kanadischen Quebec eine Erh\u00f6hung der Studiengeb\u00fchren um 75%. Mit dieser Entscheidung l\u00f6st sie in der Studierendenschaft eine Streikbewegung aus, die die Region nie zuvor gesehen hat und die \u00fcber den studentischen Kontext hinausw\u00e4chst. Der sechsmonatige Streik brachte letztendlich nicht nur die Geb\u00fchrenerh\u00f6hung zu Fall sondern auch die amtierende Lokalregierung.\u00a0Der zweite Teil der Veranstaltung befasst sich mit den Sparma\u00dfnahmen in Griechenland im \u00f6ffentlichen Bildungbereich mit einem Fokus auf die Universit\u00e4ten. Die Auswirkungen welche die K\u00fcrzungen dort haben sind gravierend, Studienpl\u00e4tze werden knapp, Lehrende sowie Angestellte entlassen und auf Protest wird kaum eingegangen. Dennoch gibt es Selbstorganisation, Streiks und Solidarisierung.<\/p>\n<p><strong>14:00 Uhr &#8211; Ort: auf den GW2 Haupttreppen<\/strong><br \/>\n\u00bbGro\u00dfes Aktivenplenum gegen die K\u00fcrzungen im Bildungsbereich\u00ab<br \/>\nGemeinsam mit Studierenden der Uni und Hochschule, Sch\u00fcler_innen der GSV und Lehrenden soll hier diksutiert werden, wie wir auch nach der &#8222;Protestwoche&#8220; uns weiter gegen die anstehenden K\u00fcrzungen im kompletten Bildungsbereich wehren k\u00f6nnen.<\/p>\n<p><strong>16:00 Uhr &#8211; GW2 unter den Haupttreppen &#8211; von LiSA<\/strong><br \/>\n\u00bbUtopie Uni &#8211; eine AG des studentischen Aktiventreffen\u00ab<br \/>\nIn dieser AG m\u00f6chten wir nicht nur diskutieren, wie wir die Stellenk\u00fcrzungen an der Bremer Uni weiter stoppen k\u00f6nnen, sondern wollen uns dar\u00fcber hinaus austauschen, was f\u00fcr eine Universit\u00e4t wir uns stattdessen w\u00fcnschen und welche konkreten Forderungen sich daraus ergeben k\u00f6nnen. Diese wollen wir dann in den darauffolgenden Wochen in regelm\u00e4\u00dfigen Treffen uns erarbeiten.<\/p>\n<p><strong>16:00 &#8211; 18:00 Uhr &#8211; Raum: SFG 1210 &#8211; Dozent*in: Dr. Stavros Vlachos<\/strong><\/p>\n<p>Kunst: Protest<\/p>\n<p><span style=\"color: #ff9900\">\u00a0FREITAG, 8.11.2013<\/span><\/p>\n<p><strong>15:30 Uhr &#8211; Treffen vor der b\u00fcrgerschaft &#8211; von StugA Kunst<\/strong><br \/>\n\u00bbflashmob in der stadt &#8222;bildungsleichen&#8220;\u00ab<\/p>\n<p><strong>19:30 Uhr &#8211; Ort: Gr\u00fcner Zweig in der Neustadt &#8211; von dem TantePaul-Kollektiv<\/strong><br \/>\n\u00bbTANTE PAUL &#8211; Party\u00ab<br \/>\nParty mit und f\u00fcr die TantePaul und nat\u00fcrlich gegen die kommenden K\u00fcrzungen.<\/p>\n<p><strong>PLUS:<\/strong><br \/>\n&#8222;Wir (das eAssessment-Team vom ZMML) werden das Testcenter (ehemaliger\u00a0 SUUB-Saal, jetzt f\u00fcr eKlausuren genutzt) f\u00fcr den Zeitraum der\u00a0 Protestwoche schlie\u00dfen, damit niemand auf die Idee kommt, in dieser Zeit\u00a0 Klausuren durchzuf\u00fchren. Statt dessen h\u00e4ngt dort ein\u00a0 &#8222;Geschlossen&#8220;-Schild und das Poster mit dem Protestwochenplakat an der T\u00fcr.&#8220;<\/p>\n<p>&nbsp;<\/p>\n<p>&nbsp;<\/p>\n<\/div>\n<div>\n<p>&nbsp;<\/p>\n<\/div>\n<p>&nbsp;<\/p>\n<\/div>\n<\/div>\n","protected":false},"excerpt":{"rendered":"<p>F\u00fcr die erste November Woche vom 4. bis zum 8.11.2013 hatte das Aktionsb\u00fcndnis zu einer universit\u00e4tsweiten Protestwoche aufgerufen. Eine ganze Woche lang wurde der gewohnte Uni-Alltag durchbrochen und Raum f\u00fcr zahlreiche alternative Veranstaltungen und Protestformen geschaffen. Auf dieser Seite finden Sie das Programm der Protestwoche, sowie eine Dokumentation einzelner Aktionen.\u00a0 Informations- und Werbematerial: &#8211; Aufruf [&hellip;]<\/p>\n","protected":false},"author":1961,"featured_media":0,"parent":0,"menu_order":0,"comment_status":"closed","ping_status":"closed","template":"","meta":{"_bbp_topic_count":0,"_bbp_reply_count":0,"_bbp_total_topic_count":0,"_bbp_total_reply_count":0,"_bbp_voice_count":0,"_bbp_anonymous_reply_count":0,"_bbp_topic_count_hidden":0,"_bbp_reply_count_hidden":0,"_bbp_forum_subforum_count":0,"footnotes":""},"class_list":["post-125","page","type-page","status-publish","hentry"],"_links":{"self":[{"href":"https:\/\/blogs.uni-bremen.de\/aktive2013\/wp-json\/wp\/v2\/pages\/125","targetHints":{"allow":["GET"]}}],"collection":[{"href":"https:\/\/blogs.uni-bremen.de\/aktive2013\/wp-json\/wp\/v2\/pages"}],"about":[{"href":"https:\/\/blogs.uni-bremen.de\/aktive2013\/wp-json\/wp\/v2\/types\/page"}],"author":[{"embeddable":true,"href":"https:\/\/blogs.uni-bremen.de\/aktive2013\/wp-json\/wp\/v2\/users\/1961"}],"replies":[{"embeddable":true,"href":"https:\/\/blogs.uni-bremen.de\/aktive2013\/wp-json\/wp\/v2\/comments?post=125"}],"version-history":[{"count":2,"href":"https:\/\/blogs.uni-bremen.de\/aktive2013\/wp-json\/wp\/v2\/pages\/125\/revisions"}],"predecessor-version":[{"id":161,"href":"https:\/\/blogs.uni-bremen.de\/aktive2013\/wp-json\/wp\/v2\/pages\/125\/revisions\/161"}],"wp:attachment":[{"href":"https:\/\/blogs.uni-bremen.de\/aktive2013\/wp-json\/wp\/v2\/media?parent=125"}],"curies":[{"name":"wp","href":"https:\/\/api.w.org\/{rel}","templated":true}]}}