{"id":123,"date":"2013-10-22T17:05:29","date_gmt":"2013-10-22T15:05:29","guid":{"rendered":"http:\/\/blogs.uni-bremen.de\/aktive2013\/?page_id=123"},"modified":"2013-11-26T14:09:53","modified_gmt":"2013-11-26T12:09:53","slug":"aktionen","status":"publish","type":"page","link":"https:\/\/blogs.uni-bremen.de\/aktive2013\/aktionen\/","title":{"rendered":"Was tun!"},"content":{"rendered":"<p><em>Auf dieser Seite finden Sie Informationen zu den aktuellen Protestaktivit\u00e4ten aller universit\u00e4ren Statusgruppen, sowie eine Sammlung allgemeiner Aktionsideen. Gerne k\u00f6nnen Sie uns auf weitere Projekte aufmerksam machen.\u00a0<\/em><\/p>\n<p><strong><span style=\"text-decoration: underline\">Aktuelle Aktivit\u00e4ten und laufende Projekte<\/span><br \/>\n<\/strong><\/p>\n<p><strong><span style=\"color: #ff9900\"><a href=\"http:\/\/blogs.uni-bremen.de\/aktive2013\/351-2\/\"><span style=\"color: #ff9900\"><strong>Plakat Aktion \u2013 \u201cIch bin betroffen weil\u2026\u201d<\/strong><\/span><\/a><\/span><br \/>\n<\/strong>Mehr als hundert Menschen beteiligten sich bislang an einer Plakat Aktion um ihrer individuellen Betroffenheit Ausdruck zu verleihen.<\/p>\n<p><strong><span style=\"color: #ff9900\"><strong><a href=\"http:\/\/blogs.uni-bremen.de\/aktive2013\/offener-brief-an-die-lehrenden\/\"><span style=\"color: #ff9900\">Offener Brief an die Lehrenden<\/span><\/a><\/strong><\/span><br \/>\n<\/strong>Mit dem offenen Brief an die Lehrenden rufen die Studierenden sie dazu auf, ihnen die M\u00f6glichkeit zur Teilnahme am gemeinsamen Protest gegen die Stellenk\u00fcrzungen zu erleichtern, damit die Positionen von Studierenden und Mitarbeiter*innen gegen die Stellenk\u00fcrzungen gest\u00e4rkt werden k\u00f6nnen.<strong><br \/>\n<\/strong><\/p>\n<p><span style=\"color: #ff9900\"><strong><a href=\"http:\/\/blogs.uni-bremen.de\/aktive2013\/wie-laeufts-in-eurem-studium\/\"><span style=\"color: #ff9900\">Projekt \u201cM\u00e4ngelliste\u201d<\/span><\/a><\/strong><\/span><br \/>\nWir vom studentischen Aktiventreffen m\u00f6chten gemeinsam mit Euch die aktuelle Studien- und Lehrsituation aller Studieng\u00e4nge zusammentragen. Im Rahmen der Diskussionen dazu ist uns aufgefallen, dass es zwar viele einzelne Beschwerden und eine diffuse Stimmung der Unzufriedenheit, aber wenig Konkretes gibt. F\u00fcr erfolgreicheren Protest sind umfassendere Informationen \u00fcber die gegenw\u00e4rtigen Zust\u00e4nde in allen Studieng\u00e4ngen jedoch von gro\u00dfem Vorteil. Gemeinsam mit Euch m\u00f6chten wir deshalb einen \u00dcberblick und gleichzeitig einen tieferen Einblick schaffen, der uns allen eine bessere Diskussionsgrundlage liefern soll.<\/p>\n<p><span style=\"text-decoration: underline\"><strong>Sammlung allgemeine Aktionsideen<br \/>\n<\/strong><\/span><em>Ziel ist es, in einem ersten Schritte eine Sammlung von Ideen zu erstellen (weitere k\u00f6nnen\u00a0 Sie uns gerne zukommen lassen:\u00a0<\/em><em>&#97;&#x6b;t&#105;&#x76;e&#117;&#x6e;i&#98;&#x72;e&#109;&#x65;&#110;&#x40;&#x67;&#109;&#x78;&#x2e;&#100;&#x65;<\/em><em>), um in einem zweiten Schritt konkrete Ansprechpartner\/innen zu gewinnen. Wer dies gerne machen m\u00f6chte kann sich ebenfalls melden. Weitere Interessierte k\u00f6nnen sich auf diese Weise einzelnen, konkreten und \u00fcberschaubar abgegrenzten Aktionsideen anschlie\u00dfen<\/em>,<\/p>\n<p>&#8211; Statusgruppen\u00fcbergreifende Vollversammlung<\/p>\n<p>&#8211; Weiterhin strukturelle \u00dcberlastungen der Mitarbeiter_innen thematisieren und Mitarbeiter_innen f\u00fcr die Relevanz des Themas sensibilisieren<\/p>\n<p>&#8211; Dranbleiben und Nachhaken: Forderungen\u00a0(s. Lobbypapier und Offener Brief) in den laufenden Debatten aufrufen und\u00a0umsetzen<\/p>\n<p>&#8211; Leitbild f\u00fcr Studium und Lehre kommentieren<\/p>\n<p>&#8211; AS Strategiekommission kommentierend begleiten und uns aktiv einbringen \u2013&gt; Hauptakteure im AS ansprechen<\/p>\n<p>&#8211; Gutachten des Wissenschaftsrates \u00f6ffentlichkeitswirksam diskutieren<\/p>\n<p>&#8211; HEP-Prozess kritisch begleiten<\/p>\n<p>&#8211; Pressearbeit<\/p>\n<p>&#8211; Protest zu den Haushaltsabstimmung in der Bremer B\u00fcrgerschaft (11.\/12.12.) organisieren<\/p>\n<p>&#8211; Bilanz der Exzellenzinitiative ziehen und diese mit der DFG diskutieren<\/p>\n<p>&#8211; Drittmittelwimis verzichten f\u00fcr einen bestimmten Zeitraum auf ihre freiwillig geleistete Lehre<\/p>\n<p>&#8211; Vernetzung \u00fcber Bremen hinaus<\/p>\n<p>&#8211; Petition F\u00f6rderung Jacobs University ersatzlos streichen<\/p>\n<p>&#8211; Alternativer Bildungsgipfel (Arbeitstitel) durchaus in Verbindung mit: Vernetzung \u00fcber Bremen hinaus<\/p>\n<p><strong>\u00a0<\/strong><\/p>\n<p>&nbsp;<\/p>\n","protected":false},"excerpt":{"rendered":"<p>Auf dieser Seite finden Sie Informationen zu den aktuellen Protestaktivit\u00e4ten aller universit\u00e4ren Statusgruppen, sowie eine Sammlung allgemeiner Aktionsideen. Gerne k\u00f6nnen Sie uns auf weitere Projekte aufmerksam machen.\u00a0 Aktuelle Aktivit\u00e4ten und laufende Projekte Plakat Aktion \u2013 \u201cIch bin betroffen weil\u2026\u201d Mehr als hundert Menschen beteiligten sich bislang an einer Plakat Aktion um ihrer individuellen Betroffenheit Ausdruck [&hellip;]<\/p>\n","protected":false},"author":1961,"featured_media":0,"parent":0,"menu_order":0,"comment_status":"closed","ping_status":"closed","template":"","meta":{"_bbp_topic_count":0,"_bbp_reply_count":0,"_bbp_total_topic_count":0,"_bbp_total_reply_count":0,"_bbp_voice_count":0,"_bbp_anonymous_reply_count":0,"_bbp_topic_count_hidden":0,"_bbp_reply_count_hidden":0,"_bbp_forum_subforum_count":0,"footnotes":""},"class_list":["post-123","page","type-page","status-publish","hentry"],"_links":{"self":[{"href":"https:\/\/blogs.uni-bremen.de\/aktive2013\/wp-json\/wp\/v2\/pages\/123","targetHints":{"allow":["GET"]}}],"collection":[{"href":"https:\/\/blogs.uni-bremen.de\/aktive2013\/wp-json\/wp\/v2\/pages"}],"about":[{"href":"https:\/\/blogs.uni-bremen.de\/aktive2013\/wp-json\/wp\/v2\/types\/page"}],"author":[{"embeddable":true,"href":"https:\/\/blogs.uni-bremen.de\/aktive2013\/wp-json\/wp\/v2\/users\/1961"}],"replies":[{"embeddable":true,"href":"https:\/\/blogs.uni-bremen.de\/aktive2013\/wp-json\/wp\/v2\/comments?post=123"}],"version-history":[{"count":1,"href":"https:\/\/blogs.uni-bremen.de\/aktive2013\/wp-json\/wp\/v2\/pages\/123\/revisions"}],"predecessor-version":[{"id":554,"href":"https:\/\/blogs.uni-bremen.de\/aktive2013\/wp-json\/wp\/v2\/pages\/123\/revisions\/554"}],"wp:attachment":[{"href":"https:\/\/blogs.uni-bremen.de\/aktive2013\/wp-json\/wp\/v2\/media?parent=123"}],"curies":[{"name":"wp","href":"https:\/\/api.w.org\/{rel}","templated":true}]}}