{"id":119,"date":"2013-10-20T18:27:33","date_gmt":"2013-10-20T16:27:33","guid":{"rendered":"http:\/\/blogs.uni-bremen.de\/aktive2013\/?page_id=119"},"modified":"2013-11-18T16:51:28","modified_gmt":"2013-11-18T14:51:28","slug":"literatur","status":"publish","type":"page","link":"https:\/\/blogs.uni-bremen.de\/aktive2013\/literatur\/","title":{"rendered":"Literatur"},"content":{"rendered":"<p><em>Neben unserem Dokumentenarchiv gibt es auch Literatur zum Thema Bildungsproteste.\u00a0<\/em><\/p>\n<p>Bultmann, Torsten: Zwischen Humboldt und Standort Deutschland. Die Hochschulpolitik am Wendepunkt. BdWi-Verlag. Marburg, 1993.<\/p>\n<p><span class=\"d-person\">Judith Butler<\/span>: Kritik, Dissens, Disziplinarit\u00e4t. diaphanes. Z\u00fcrich, 2011.<\/p>\n<p>Derrida, Jacques: Die unbedingte Universit\u00e4t. Suhrkamp. Berlin, 2001.<\/p>\n<p>Hochmuth, Uwe\/ Mangold, Michael (Hg.): Bildung ungleich Humankapital. Symposium \u00fcber die \u00d6konomisierung im Bildungswesen. Wilhelm Fink Verlag. M\u00fcnchen, 2012.<\/p>\n<p>Lohmann, Ingrid\/ Mielich, Sinah\/ Muhl, Florian\/ Pazzini, Karl-Josef\/ Rieger, Laura\/ Wilhelm, Eva (Hg.): Sch\u00f6ne neue Bildung? Zur Kritik der Universit\u00e4t der Gegenwart. Transcript. Bielefeld, 2001.<\/p>\n<p><span class=\"d-person\">Masschelein<\/span>, Jan\/ Simons, Maarten: Jenseits der Exzellenz. Eine kleine Morphologie der Welt-Universit\u00e4t. diaphanes. Z\u00fcrich, 2010.<\/p>\n<p><span class=\"d-person\">Masschelein, Jan<\/span>\/ <span class=\"d-person\">Simons, Maarten: <\/span>Globale Immunit\u00e4t. Eine Kleine Kartographie des europ\u00e4ischen Bildungsraums. diaphanes. Z\u00fcrich, 2012.<\/p>\n<p><span class=\"d-person\">Prad<\/span><span class=\"d-person\">o<\/span><span class=\"d-person\">, <\/span><span class=\"d-person\">Pl\u00ednio: <\/span>Das Prinzip Universit\u00e4t. diaphanes. Z\u00fcrich, 2010.<\/p>\n<p>Sambale, Jens\/ Eick, Volker\/ Walk, Heike (Hg.): Das Elend der Universit\u00e4ten. Neoliberalisierung deutscher Hochschulpolitik. Westf\u00e4lisches Dampfboot. M\u00fcnster, 2008.<\/p>\n<p>\u00fcber.morgen (Hg.): Vier Jahre unibrennt &#8211; das Sonderheft. War da Was, Band 1. 2013.<\/p>\n<p>Unbedingte Universit\u00e4ten (Hg.): Bologna-Bestiarium. diaphanes. Z\u00fcrich, 2013. <a href=\"http:\/\/www.diaphanes.net\/buch\/detail\/1476\"><span style=\"color: #ff9900\">(zum download)<\/span><\/a><\/p>\n<div class=\"d-box d-box-3-n \">\n<p>Unbedingte Universit\u00e4ten (Hg.): Was passiert? Stellungnahmen zur Lage der Universit\u00e4t. diaphanes. Z\u00fcrich, 2010. <a href=\"http:\/\/www.diaphanes.net\/buch\/detail\/218\"><span style=\"color: #ff9900\">(zum download)<\/span> <\/a><\/p>\n<div class=\"d-box d-box-3-n \"><\/div>\n<div class=\"d-box d-box-3-n \">Unbedingte Universit\u00e4ten (Hg.): Was ist Universit\u00e4t? Texte und Positionen zu<\/div>\n<div class=\"d-box d-box-3-n \"><\/div>\n<div class=\"d-box d-box-3-n \">einer Idee. diaphanes. Z\u00fcrich, 2010. <a href=\"http:\/\/www.diaphanes.net\/buch\/detail\/219\"><span style=\"color: #ff9900\">(zum download) <\/span><\/a><\/div>\n<div class=\"d-box d-box-3-n \"><\/div>\n<div class=\"d-box d-box-3-n \"><\/div>\n<\/div>\n","protected":false},"excerpt":{"rendered":"<p>Neben unserem Dokumentenarchiv gibt es auch Literatur zum Thema Bildungsproteste.\u00a0 Bultmann, Torsten: Zwischen Humboldt und Standort Deutschland. Die Hochschulpolitik am Wendepunkt. BdWi-Verlag. Marburg, 1993. Judith Butler: Kritik, Dissens, Disziplinarit\u00e4t. diaphanes. Z\u00fcrich, 2011. Derrida, Jacques: Die unbedingte Universit\u00e4t. Suhrkamp. Berlin, 2001. Hochmuth, Uwe\/ Mangold, Michael (Hg.): Bildung ungleich Humankapital. Symposium \u00fcber die \u00d6konomisierung im Bildungswesen. Wilhelm [&hellip;]<\/p>\n","protected":false},"author":1961,"featured_media":0,"parent":0,"menu_order":0,"comment_status":"closed","ping_status":"closed","template":"","meta":{"_bbp_topic_count":0,"_bbp_reply_count":0,"_bbp_total_topic_count":0,"_bbp_total_reply_count":0,"_bbp_voice_count":0,"_bbp_anonymous_reply_count":0,"_bbp_topic_count_hidden":0,"_bbp_reply_count_hidden":0,"_bbp_forum_subforum_count":0,"footnotes":""},"class_list":["post-119","page","type-page","status-publish","hentry"],"_links":{"self":[{"href":"https:\/\/blogs.uni-bremen.de\/aktive2013\/wp-json\/wp\/v2\/pages\/119","targetHints":{"allow":["GET"]}}],"collection":[{"href":"https:\/\/blogs.uni-bremen.de\/aktive2013\/wp-json\/wp\/v2\/pages"}],"about":[{"href":"https:\/\/blogs.uni-bremen.de\/aktive2013\/wp-json\/wp\/v2\/types\/page"}],"author":[{"embeddable":true,"href":"https:\/\/blogs.uni-bremen.de\/aktive2013\/wp-json\/wp\/v2\/users\/1961"}],"replies":[{"embeddable":true,"href":"https:\/\/blogs.uni-bremen.de\/aktive2013\/wp-json\/wp\/v2\/comments?post=119"}],"version-history":[{"count":2,"href":"https:\/\/blogs.uni-bremen.de\/aktive2013\/wp-json\/wp\/v2\/pages\/119\/revisions"}],"predecessor-version":[{"id":358,"href":"https:\/\/blogs.uni-bremen.de\/aktive2013\/wp-json\/wp\/v2\/pages\/119\/revisions\/358"}],"wp:attachment":[{"href":"https:\/\/blogs.uni-bremen.de\/aktive2013\/wp-json\/wp\/v2\/media?parent=119"}],"curies":[{"name":"wp","href":"https:\/\/api.w.org\/{rel}","templated":true}]}}