{"id":105,"date":"2013-09-03T20:38:09","date_gmt":"2013-09-03T18:38:09","guid":{"rendered":"http:\/\/blogs.uni-bremen.de\/aktive2013\/?page_id=105"},"modified":"2013-11-22T14:15:58","modified_gmt":"2013-11-22T12:15:58","slug":"bildungsproteste-weltweit","status":"publish","type":"page","link":"https:\/\/blogs.uni-bremen.de\/aktive2013\/bildungsproteste-weltweit\/","title":{"rendered":"Bildungsproteste Weltweit"},"content":{"rendered":"<p><em>Die drohenden K\u00fcrzungen an der Universit\u00e4t Bremen sind leider kein Einzelfall. Auf der ganzen Welt wird immer wieder die Frage diskutiert wie Bildung im 21.Jahrhundert zu organisieren sei. Auf dieser Seite finden Sie eine unvollst\u00e4ndige Linksammlung zu Protesten rund um den Globus. Wenn Sie hier bestimmte Bildungsproteste vermissen k\u00f6nnen Sie uns gerne helfen diese L\u00fccken zu schlie\u00dfen.<\/em><\/p>\n<p><span style=\"color: #ff9900\">\u00fcber:morgen<\/span>, 22.10.13<br \/>\n&#8222;Sonderheft: Vier Jahre unibrennt&#8220;<br \/>\nVor vier Jahren \u00e4nderte sich die Hochschulpolitik in \u00d6sterreich f\u00fcr immer. Frustriert von katastrophalen Studienbedingungen und l\u00e4hmendem Stillstand in der Politik besetzten tausende Studierende im September 2009 ihre H\u00f6rs\u00e4le\u00a0<a href=\"http:\/\/www.uebermorgen.at\/sonderheft-vier-jahre-unibrennt\/\"><span style=\"color: #ff9900\">(weiter)<\/span><\/a><\/p>\n<p><span style=\"color: #ff9900\">Handelsblatt<\/span>, 16.10.2013<br \/>\n&#8222;Ausschreitungen bei Bildungsprotesten in Brasilien&#8220;<br \/>\nSeit Wochen kommt es bei Demonstrationen zur Unterst\u00fctzung streikender Lehrer immer wieder zu Gewalt <a href=\"http:\/\/www.handelsblatt.com\/video\/video-news\/politik\/ausschreitungen-bei-bildungsprotesten-in-brasilien\/8941468.html\"><span style=\"color: #ff9900\">(weiter)<\/span><\/a><\/p>\n<p><span style=\"color: #ff9900\">The Guardian<\/span>, 30.08.13<br \/>\n&#8222;Why is Sydney University on strike? Because students are not our &#8218;clients'&#8220;<br \/>\nThe ongoing commodification of higher education is just one facet of the disastrous hijacking of universities by corporate ideology. We are fighting this <span style=\"color: #ff9900\"><a href=\"http:\/\/www.theguardian.com\/commentisfree\/2013\/aug\/30\/sydney-university-strike\"><span style=\"color: #ff9900\">(weiter)<\/span><\/a><\/span><\/p>\n<p><span style=\"color: #ff9900\">Portal amerika21.de<\/span>, 23.06.2013<br \/>\n&#8222;Weitere Bildungsproteste und Streiks in Chile&#8220;<br \/>\nDie Studentenvereinigung Chiles (Confech) hat f\u00fcr den 26. Juni erneut zu landesweiten Kundgebungen und zu einem nationalen Streik aufgerufen, um ihren Forderungen nach einem \u00f6ffentlichen, kostenlosen und hochwertigen Bildungssystem in Chile Nachdruck zu verleihen. Alle Teile der Bev\u00f6lkerung <a href=\"http:\/\/amerika21.de\/2013\/06\/83432\/neue-proteste-chile\"><span style=\"color: #ff9900\">(weiter)<\/span><\/a><\/p>\n<p><span style=\"color: #ff9900\">Vimeo<\/span>,<br \/>\n&#8222;Red Square Revolt. Quebec Students on Strike.&#8220; (Video, 9 min. 45 sec.)<br \/>\nEin Video \u00fcber die Bildungsproteste in Kanada 2012 <a href=\"http:\/\/vimeo.com\/42702955\"><span style=\"color: #ff9900\">(weiter)<\/span><\/a><\/p>\n<p><a href=\"http:\/\/blogs.uni-bremen.de\/aktive2013\/files\/2013\/11\/Kleine-Revolutionsfibel-Mai-1968.pdf\"><span style=\"color: #ff9900\">Kleine Revolutionsfibel<\/span><\/a> Mai 1968 in Frankreich<\/p>\n","protected":false},"excerpt":{"rendered":"<p>Die drohenden K\u00fcrzungen an der Universit\u00e4t Bremen sind leider kein Einzelfall. Auf der ganzen Welt wird immer wieder die Frage diskutiert wie Bildung im 21.Jahrhundert zu organisieren sei. Auf dieser Seite finden Sie eine unvollst\u00e4ndige Linksammlung zu Protesten rund um den Globus. Wenn Sie hier bestimmte Bildungsproteste vermissen k\u00f6nnen Sie uns gerne helfen diese L\u00fccken [&hellip;]<\/p>\n","protected":false},"author":1961,"featured_media":0,"parent":0,"menu_order":0,"comment_status":"open","ping_status":"open","template":"","meta":{"_bbp_topic_count":0,"_bbp_reply_count":0,"_bbp_total_topic_count":0,"_bbp_total_reply_count":0,"_bbp_voice_count":0,"_bbp_anonymous_reply_count":0,"_bbp_topic_count_hidden":0,"_bbp_reply_count_hidden":0,"_bbp_forum_subforum_count":0,"footnotes":""},"class_list":["post-105","page","type-page","status-publish","hentry"],"_links":{"self":[{"href":"https:\/\/blogs.uni-bremen.de\/aktive2013\/wp-json\/wp\/v2\/pages\/105","targetHints":{"allow":["GET"]}}],"collection":[{"href":"https:\/\/blogs.uni-bremen.de\/aktive2013\/wp-json\/wp\/v2\/pages"}],"about":[{"href":"https:\/\/blogs.uni-bremen.de\/aktive2013\/wp-json\/wp\/v2\/types\/page"}],"author":[{"embeddable":true,"href":"https:\/\/blogs.uni-bremen.de\/aktive2013\/wp-json\/wp\/v2\/users\/1961"}],"replies":[{"embeddable":true,"href":"https:\/\/blogs.uni-bremen.de\/aktive2013\/wp-json\/wp\/v2\/comments?post=105"}],"version-history":[{"count":0,"href":"https:\/\/blogs.uni-bremen.de\/aktive2013\/wp-json\/wp\/v2\/pages\/105\/revisions"}],"wp:attachment":[{"href":"https:\/\/blogs.uni-bremen.de\/aktive2013\/wp-json\/wp\/v2\/media?parent=105"}],"curies":[{"name":"wp","href":"https:\/\/api.w.org\/{rel}","templated":true}]}}