{"id":32,"date":"2023-09-05T14:19:04","date_gmt":"2023-09-05T12:19:04","guid":{"rendered":"https:\/\/blogs.uni-bremen.de\/ailaren\/?page_id=32"},"modified":"2025-05-26T18:27:22","modified_gmt":"2025-05-26T16:27:22","slug":"events","status":"publish","type":"page","link":"https:\/\/blogs.uni-bremen.de\/ailaren\/events\/","title":{"rendered":"Events"},"content":{"rendered":"<h4 class=\"kt-adv-heading1000_59b209-01 wp-block-kadence-advancedheading has-theme-palette-3-color has-text-color\" style=\"text-align: center\" data-kb-block=\"kb-adv-heading1000_59b209-01\">Integrating Language, Literacy and Subject Teaching in Plurilingual Education Contexts<\/h4>\n<p style=\"text-align: center\">Conference\/Teacher training opportunity<\/p>\n<p style=\"text-align: center\">in Delmenhorst, 03.06.2025<\/p>\n<div class=\"wp-block-kadence-column kadence-column1007_68e919-37\">\n<div class=\"kt-inside-inner-col\">\n<div class=\"wp-block-columns is-layout-flex wp-container-core-columns-is-layout-9d6595d7 wp-block-columns-is-layout-flex\">\n<div class=\"wp-block-column is-layout-flow wp-block-column-is-layout-flow\">\n<p>We warmly invite you to join our Conference on innovative approaches to plurilingual education\u00a0<strong>\u201c<\/strong>Integrating Language, Literacy and Subject Teaching in Plurilingual Education Contexts\u201d<\/p>\n<p>Discover two open-access MOOCs, developed through international collaboration and available in four languages, designed for teachers, cultural assistants, and future educators working in multilingual settings.<\/p>\n<p>Learn from practitioners how to integrate language, literacy, and subject content in an inclusive, anti-discriminatory way, and receive international certification.<\/p>\n<\/div>\n<\/div>\n<\/div>\n<\/div>\n<h5 class=\"kt-adv-heading1007_9b5cc8-24 wp-block-kadence-advancedheading\" style=\"text-align: center\" data-kb-block=\"kb-adv-heading1007_9b5cc8-24\">The Keynote Speaker, Prof Dr Teresa Ting, Will Present On \u201cInclusion Through A Focus On Disciplinary Discourse:<br \/>\nAn Example From Upper Secondary STEM\u201d<\/h5>\n<div class=\"wp-block-kadence-column kadence-column1007_2cd92a-5f\">\n<div class=\"kt-inside-inner-col\">\n<div class=\"wp-block-columns is-layout-flex wp-container-core-columns-is-layout-9d6595d7 wp-block-columns-is-layout-flex\">\n<div class=\"wp-block-column is-layout-flow wp-block-column-is-layout-flow\">\n<h4 class=\"kt-adv-heading1007_db3812-9c wp-block-kadence-advancedheading\" style=\"text-align: center\" data-kb-block=\"kb-adv-heading1007_db3812-9c\"><a href=\"https:\/\/illspec.com\/en\/registration-3\/\"><strong>Join Us In Person or Online!<\/strong><\/a><\/h4>\n<p>This event is a hybrid experience, offering you the flexibility to participate either in person or virtually via ZOOM. Choose the format that suits you best and join us for an engaging experience!<\/p>\n<p>There will be a single Zoom link for the event, allowing you to pop in and out of the sessions you wish to attend.<br \/>\nThe Zoom link will be sent to you via email before the event.<\/p>\n<\/div>\n<p style=\"text-align: center\">REGISTER: https:\/\/illspec.com\/en\/registration-3\/<\/p>\n<\/div>\n<\/div>\n<\/div>\n<p><img loading=\"lazy\" decoding=\"async\" class=\"wp-image-61 aligncenter\" src=\"https:\/\/blogs.uni-bremen.de\/ailaren\/files\/1-212x300.png\" alt=\"\" width=\"431\" height=\"611\" srcset=\"https:\/\/blogs.uni-bremen.de\/ailaren\/files\/1-212x300.png 212w, https:\/\/blogs.uni-bremen.de\/ailaren\/files\/1-724x1024.png 724w, https:\/\/blogs.uni-bremen.de\/ailaren\/files\/1-1086x1536.png 1086w, https:\/\/blogs.uni-bremen.de\/ailaren\/files\/1-1448x2048.png 1448w, https:\/\/blogs.uni-bremen.de\/ailaren\/files\/1.png 1587w\" sizes=\"auto, (max-width: 431px) 100vw, 431px\" \/><img loading=\"lazy\" decoding=\"async\" class=\"wp-image-62 aligncenter\" src=\"https:\/\/blogs.uni-bremen.de\/ailaren\/files\/2-212x300.png\" alt=\"\" width=\"431\" height=\"610\" srcset=\"https:\/\/blogs.uni-bremen.de\/ailaren\/files\/2-212x300.png 212w, https:\/\/blogs.uni-bremen.de\/ailaren\/files\/2-724x1024.png 724w, https:\/\/blogs.uni-bremen.de\/ailaren\/files\/2-768x1086.png 768w, https:\/\/blogs.uni-bremen.de\/ailaren\/files\/2-1086x1536.png 1086w, https:\/\/blogs.uni-bremen.de\/ailaren\/files\/2-1448x2048.png 1448w, https:\/\/blogs.uni-bremen.de\/ailaren\/files\/2.png 1587w\" sizes=\"auto, (max-width: 431px) 100vw, 431px\" \/><\/p>\n<hr \/>\n<h4 class=\"post-title entry-title\" style=\"text-align: center\">AILA 60th Anniversary World Congress Kuala Lumpur 2024<\/h4>\n<p style=\"font-weight: 400;text-align: center\"><strong>Symposium: Inclusive<\/strong><strong> Foreign\/Second\/Additional Language Education: Cross-Cultural and Interdisciplinary Perspectives<\/strong><\/p>\n<p style=\"text-align: center\">in Kuala Lumpur, 13.08.2024<\/p>\n<p style=\"font-weight: 400\"><strong>Overview: <\/strong>The focus of this symposium lies on cross-cultural and interdisciplinary perspectives on how to create inclusive foreign\/second\/additional language learning environments, i.e., how to reduce \u201cbarriers to learning and participation\u201d (Booth &amp; Ainscow, 2002, p.3), seek equity, and make engagement in language education accessible to all students. We adopt the broad view of inclusion, which focuses on all students, including marginalized groups, and is thus not limited to those with disabilities (Thomas, 2013). We assume that learner diversity should be viewed as an asset in the foreign\/second\/additional language classroom and perceive it as an umbrella term that encompasses a range of differences observed at school, e.g., neurodiversity, cultural and linguistic variation, multilingualism, specific learning differences.<\/p>\n<p style=\"font-weight: 400\">UNESCO and other international human rights organizations have been advocating the implementation of education systems that eradicate exclusion from educational opportunities based on socially perceived differences. While e.g., many European countries have acknowledged the importance of these efforts (Haug, 2017), constructing school systems that live up to the ideals of inclusion is still an on-going process. Reaching marginalized groups requires the development and implementation of effective inclusive policies, programs, and teaching solutions. As pointed out by the European Agency for Special Needs and Inclusive Education (2014, p.5): \u201cThe current debate is no longer about what inclusion is and why it is needed; the key question is how it is to be achieved\u201d.<\/p>\n<p style=\"font-weight: 400\">Observations in the field of educational science emphasize that institutionalized education generally tends to be stable and robust in terms of its organization and structure (Tyack &amp; Tobin, 1994). Factors such as teachers\u2019 gender, years of experience or education can prove insignificant when teachers adjust to their new environments and feel that they must adopt the existing curricula and practices. If we assume that various educational systems around the world have established their robust local traditions and structures in the course of their histories, including their own approaches to inclusive (foreign\/second\/additional) language education, it is plausible that foreign language teachers involved in these systems experience their workings in idiosyncratic ways. Any attempt to understand these mechanisms needs to include multiple perspectives that come from various local\/cultural teaching contexts.<\/p>\n<p style=\"font-weight: 400\">Thus, this symposium centers on the questions <em>how<\/em> principles of inclusive education are interpreted and implemented in different language education contexts; <em>what <\/em>role various forms of learner diversity play in cross-cultural language education; <em>what<\/em> attitudes towards inclusive language education are expressed in various cultural contexts; <em>what<\/em> types of support systems and teaching solutions can be\/have been proposed and implemented in inclusive language education and <em>in what settings <\/em>they can be considered effective.<\/p>\n<p>Speakers:<\/p>\n<ol>\n<li>Lea Fischer (University of Bremen): In search of didactic guidelines for inclusive ELT &#8211; Designing inclusive lessons using the Storyline Approach<\/li>\n<li>Joanna Nijakowska (University of Warsaw) and Dina Tsagari (Oslo Metropolitan University): Enhancing inclusivity and accessibility in language teacher education: Curriculum and material development<\/li>\n<li>Maria Elena Gomez Parra (University of Cordoba): <span lang=\"EN-US\">Translanguaging seen as a tool for inclusive second language learning by future teachers of English<\/span><\/li>\n<li>\n<p style=\"font-weight: 400\">Magdalena Szyszka, Marzanna Pogorzelska &amp; Elzbieta Szymanska-Czaplak (University of Opole): Perceived Effectiveness of the TOOLS Project Training for Inclusive Education at the Tertiary Level of Education<\/p>\n<\/li>\n<li>Ma\u0142gorzata Baran-Lucarz (University of Wroclaw): <span lang=\"EN-IN\">VInDOW: Digital Tools for Inclusive Foreign Language Education\u201d<\/span><span lang=\"EN-IN\"> &#8211; <\/span><span lang=\"EN-GB\">Presenting materials for developing FL teachers\u2019 inclusive teaching skills<\/span><\/li>\n<li>Joanna Pfingsthorn &amp; Julia Weltgen (University of Bremen):\u00a0<span lang=\"EN-IN\">Psycholinguistics in the inclusive classroom: Eye tracking as a diagnostic tool<\/span><span lang=\"EN-IN\"> to observe language processing in German foreign language education<\/span><\/li>\n<\/ol>\n<hr \/>\n<p style=\"text-align: center\">The networks <em>In+<\/em> and <em>AILA ReN \u201cINCLUSIVE FOREIGN LANGUAGE EDUCATION<\/em>\u201d as well as the Erasmus+ \u201eV:In:D:O:W\u201c Project Team held the scientific conference:<\/p>\n<p style=\"text-align: center\"><strong>Inclusive Intersections<\/strong><\/p>\n<p style=\"text-align: center\"><em>Holding the mirror of inclusion to subject content during initial and in-service foreign language teacher education<\/em><\/p>\n<p style=\"text-align: center\">in <strong>Bremen, Germany 4-7th July 2023<\/strong><\/p>\n<p style=\"text-align: center\"><a href=\"https:\/\/blogs.uni-bremen.de\/inplus\/files\/Inclusive-Intersections_Flyer_31052023-1.pdf\">Download the program<\/a><\/p>\n<p>&nbsp;<\/p>\n<p style=\"text-align: left\">European educational policy makers envision the development of communicative competence as the main goal of institutionalized foreign language (FL) education (Council of Europe, 2001) and hope for the realization of the Barcelona Summit (2002) \u201cmother tongue + 2\u201d objective. Yet, the relatively long list of various subcompetences, types of knowledge and affective variables that communicating in a foreign language encompasses, highlights how complex and multidimensional the process of learning a foreign language can be and, therefore, how difficult it is for everyone to learn foreign languages easily, in a comparable manner and with similar success. In fact, learning a foreign language can often prove challenging for learners.<\/p>\n<p>Since the ratification of the UN Convention on the Rights of Persons with Disabilities (UN CRPD) the implementation of inclusive education systems that enable all learners to actively engage in learning and reach their potential is a goal recognized by all European Countries. However, on a practical level, not all educational systems and not all agents within them are truly ready to realize such task in practice.\u00a0Especially considering the assumption that pre-service teachers need to be ready to teach in inclusive school systems, it seems necessary to provide them with appropriate education and training during their studies. Yet, this is often not the case \u2013 especially the link between subject teaching methods and inclusive educational approaches is often missing, although the interlocking of these fields is highly important for the teaching practice: in a survey of student teacher\u2019s course catalogues Frohn &amp; Moser (2021) show that while almost all universities included in the study indicated that they had courses on inclusion, these were often not focused on inclusive provision of subject content.<\/p>\n<p>During this conference, we aimed to focus on approaches and concepts for the training and further education of (prospective) teachers, which provide inclusive approaches and concepts for the design of foreign language teaching. In terms of content, a distinction was be made between approaches to in- and pre-service teacher education.<\/p>\n<p>Conference organization team:<\/p>\n<ul>\n<li>Michele Daloiso (University of Parma)<\/li>\n<li>Maria Elena G\u00f3mez Parra (University of C\u00f3rdoba)<\/li>\n<li>Ma\u0142gorzata Baran-\u0141ucarz (University of Wroc\u0142aw)<\/li>\n<li>Joanna Pfingsthorn (University of Bremen)<\/li>\n<li>Julia Weltgen (University of Bremen)<\/li>\n<li>Heiner B\u00f6ttger (Catholic University of Eichst\u00e4tt-Ingolstadt)<\/li>\n<li>Bianca H\u00f6ppner (Catholic University of Eichst\u00e4tt-Ingolstadt)<\/li>\n<\/ul>\n<p><img loading=\"lazy\" decoding=\"async\" class=\"size-medium wp-image-92 aligncenter\" src=\"https:\/\/blogs.uni-bremen.de\/inplus\/files\/Conference_Welcome-300x195.jpg\" alt=\"\" width=\"300\" height=\"195\" \/><img loading=\"lazy\" decoding=\"async\" class=\"size-medium wp-image-93 aligncenter\" src=\"https:\/\/blogs.uni-bremen.de\/inplus\/files\/Conference_WelcomeJ-300x196.jpg\" alt=\"\" width=\"300\" height=\"196\" \/><\/p>\n<p><img loading=\"lazy\" decoding=\"async\" class=\"size-medium wp-image-69 aligncenter\" src=\"https:\/\/blogs.uni-bremen.de\/inplus\/files\/Co-funded-by-logo-300x86.png\" alt=\"\" width=\"300\" height=\"86\" \/><\/p>\n<p style=\"text-align: center\"><span style=\"font-family: arial black, sans-serif;font-size: x-large\">&#8212;&#8212;<\/span><\/p>\n","protected":false},"excerpt":{"rendered":"<p>Integrating Language, Literacy and Subject Teaching in Plurilingual Education Contexts Conference\/Teacher training opportunity in Delmenhorst, 03.06.2025 We warmly invite you to join our Conference on innovative approaches to plurilingual education\u00a0\u201cIntegrating Language, Literacy and Subject Teaching in Plurilingual Education Contexts\u201d Discover two open-access MOOCs, developed through international collaboration and available in four languages, designed for teachers, [&hellip;]<\/p>\n","protected":false},"author":12376,"featured_media":0,"parent":0,"menu_order":0,"comment_status":"closed","ping_status":"closed","template":"","meta":{"_bbp_topic_count":0,"_bbp_reply_count":0,"_bbp_total_topic_count":0,"_bbp_total_reply_count":0,"_bbp_voice_count":0,"_bbp_anonymous_reply_count":0,"_bbp_topic_count_hidden":0,"_bbp_reply_count_hidden":0,"_bbp_forum_subforum_count":0,"footnotes":""},"class_list":["post-32","page","type-page","status-publish","hentry"],"_links":{"self":[{"href":"https:\/\/blogs.uni-bremen.de\/ailaren\/wp-json\/wp\/v2\/pages\/32","targetHints":{"allow":["GET"]}}],"collection":[{"href":"https:\/\/blogs.uni-bremen.de\/ailaren\/wp-json\/wp\/v2\/pages"}],"about":[{"href":"https:\/\/blogs.uni-bremen.de\/ailaren\/wp-json\/wp\/v2\/types\/page"}],"author":[{"embeddable":true,"href":"https:\/\/blogs.uni-bremen.de\/ailaren\/wp-json\/wp\/v2\/users\/12376"}],"replies":[{"embeddable":true,"href":"https:\/\/blogs.uni-bremen.de\/ailaren\/wp-json\/wp\/v2\/comments?post=32"}],"version-history":[{"count":10,"href":"https:\/\/blogs.uni-bremen.de\/ailaren\/wp-json\/wp\/v2\/pages\/32\/revisions"}],"predecessor-version":[{"id":66,"href":"https:\/\/blogs.uni-bremen.de\/ailaren\/wp-json\/wp\/v2\/pages\/32\/revisions\/66"}],"wp:attachment":[{"href":"https:\/\/blogs.uni-bremen.de\/ailaren\/wp-json\/wp\/v2\/media?parent=32"}],"curies":[{"name":"wp","href":"https:\/\/api.w.org\/{rel}","templated":true}]}}