{"id":99,"date":"2022-09-19T13:07:40","date_gmt":"2022-09-19T11:07:40","guid":{"rendered":"https:\/\/blogs.uni-bremen.de\/NIEO2\/?page_id=99"},"modified":"2023-09-21T11:15:42","modified_gmt":"2023-09-21T09:15:42","slug":"personen-projekte-debatten","status":"publish","type":"page","link":"https:\/\/blogs.uni-bremen.de\/NIEO2\/personen-projekte-debatten\/","title":{"rendered":"Personen \u2013 Projekte \u2013 Debatten"},"content":{"rendered":"<p><div class=\"et_d4_element et_pb_section et_pb_section_0  et_pb_css_mix_blend_mode et_pb_fullwidth_section et_section_regular et_block_section\" >\n\t\t\t\t\n\t\t\t\t\n\t\t\t\t\n\t\t\t\t\n\t\t\t\t\n\t\t\t\t\n\t\t\t\t<div class=\"et_pb_module et_d4_element et_pb_fullwidth_image et_pb_fullwidth_image_0\">\n\t\t\t\t\n\t\t\t\t\n\t\t\t\t\n\t\t\t\t\n\t\t\t\t<img loading=\"lazy\" decoding=\"async\" width=\"2560\" height=\"854\" src=\"https:\/\/blogs.uni-bremen.de\/NIEO2\/files\/logo_nieo2_twitter_titelbild-scaled.jpg\" alt=\"\" title=\"logo_nieo2_twitter_titelbild\" srcset=\"https:\/\/blogs.uni-bremen.de\/NIEO2\/files\/logo_nieo2_twitter_titelbild-scaled.jpg 2560w, https:\/\/blogs.uni-bremen.de\/NIEO2\/files\/logo_nieo2_twitter_titelbild-1280x427.jpg 1280w, https:\/\/blogs.uni-bremen.de\/NIEO2\/files\/logo_nieo2_twitter_titelbild-980x327.jpg 980w, https:\/\/blogs.uni-bremen.de\/NIEO2\/files\/logo_nieo2_twitter_titelbild-480x160.jpg 480w\" sizes=\"(min-width: 0px) and (max-width: 480px) 480px, (min-width: 481px) and (max-width: 980px) 980px, (min-width: 981px) and (max-width: 1280px) 1280px, (min-width: 1281px) 2560px, 100vw\" class=\"wp-image-127\" \/>\n\t\t\t\n\t\t\t<\/div>\n\t\t\t\t\n\t\t\t\t\n\t\t\t<\/div><div class=\"et_d4_element et_pb_section et_pb_section_1 et_pb_with_background  et_pb_css_mix_blend_mode et_section_regular et_block_section\" >\n\t\t\t\t\n\t\t\t\t\n\t\t\t\t\n\t\t\t\t\n\t\t\t\t\n\t\t\t\t\n\t\t\t\t<div class=\"et_d4_element et_pb_row et_pb_row_0  et_pb_css_mix_blend_mode et_block_row\">\n\t\t\t\t<div class=\"et_d4_element et_pb_column_4_4 et_pb_column et_pb_column_0  et_pb_css_mix_blend_mode et-last-child et_block_column\">\n\t\t\t\t\n\t\t\t\t\n\t\t\t\t\n\t\t\t\t\n\t\t\t\t<div class=\"et_pb_module et_d4_element et_pb_post_title et_pb_post_title_0 et_pb_bg_layout_light  et_pb_text_align_left\"   >\n\t\t\t\t\n\t\t\t\t\n\t\t\t\t\n\t\t\t\t\n\t\t\t\t\n\t\t\t\t<div class=\"et_pb_title_container\">\n\t\t\t\t\t<h1 class=\"entry-title\"><\/h1>\n\t\t\t\t<\/div>\n\t\t\t\t\n\t\t\t<\/div>\n\t\t\t<\/div>\n\t\t\t\t\n\t\t\t\t\n\t\t\t\t\n\t\t\t\t\n\t\t\t<\/div><div class=\"et_d4_element et_pb_row et_pb_row_1  et_pb_css_mix_blend_mode et_block_row\">\n\t\t\t\t<div class=\"et_d4_element et_pb_column_3_4 et_pb_column et_pb_column_1  et_pb_css_mix_blend_mode et_block_column\">\n\t\t\t\t\n\t\t\t\t\n\t\t\t\t\n\t\t\t\t\n\t\t\t\t<div class=\"et_pb_module et_d4_element et_pb_text et_pb_text_0  et_pb_text_align_justified et_pb_bg_layout_light\">\n\t\t\t\t\n\t\t\t\t\n\t\t\t\t\n\t\t\t\t\n\t\t\t\t<div class=\"et_pb_text_inner\"><p>Die Vereinten Nationen erkl\u00e4rten im Jahr 1974 die Absicht, eine \"Neue Weltwirtschaftsordnung\" errichten zu wollen. Zuvor war jahrelang in akademischen und politischen Debatten um das Projekt gerungen worden. Verschiedene Aktuer*innen, von Tansanias sozialistischem ersten Pr\u00e4sidenten Nyerere bis hin zum ehemaligen Bremer Professor Dieter Senghaas, brachten ihre eigenen Perspektiven in die Debatte ein. Die NIEO war dadurch kein homogenes Programm, sondern vielmehr eine lebendige, diverse Debatte mit mehreren Projekten, die gleichzeitig versuchten, die Weltwirtschaft ein wenig gerechter zu machen.<\/p><\/div>\n\t\t\t<\/div>\n\t\t\t<\/div><div class=\"et_d4_element et_pb_column_1_4 et_pb_column et_pb_column_2  et_pb_css_mix_blend_mode et-last-child et_block_column et_pb_column_empty\">\n\t\t\t\t\n\t\t\t\t\n\t\t\t\t\n\t\t\t\t\n\t\t\t\t\n\t\t\t<\/div>\n\t\t\t\t\n\t\t\t\t\n\t\t\t\t\n\t\t\t\t\n\t\t\t<\/div><div class=\"et_d4_element et_pb_row et_pb_row_2  et_pb_css_mix_blend_mode et_block_row\">\n\t\t\t\t<div class=\"et_d4_element et_pb_column_1_3 et_pb_column et_pb_column_3  et_pb_css_mix_blend_mode et_block_column\">\n\t\t\t\t\n\t\t\t\t\n\t\t\t\t\n\t\t\t\t\n\t\t\t\t<div class=\"et_pb_module et_d4_element et_pb_blurb et_pb_blurb_0 et_clickable  et_pb_text_align_left  et_pb_blurb_position_top et_block_module et_pb_bg_layout_light\">\n\t\t\t\t\n\t\t\t\t\n\t\t\t\t\n\t\t\t\t\n\t\t\t\t<div class=\"et_pb_blurb_content\">\n\t\t\t\t\t<div class=\"et_pb_main_blurb_image et_pb_css_mix_blend_mode\"><span class=\"et_pb_image_wrap et_pb_only_image_mode_wrap\"><img decoding=\"async\" src=\"https:\/\/blogs.uni-bremen.de\/NIEO2\/files\/Richtiges-Verha\u0308ltnis-dieter-senghaas-portrait-2.jpg\" alt=\"Quelle: Privat\" class=\"et-waypoint et_pb_animation_top et_pb_animation_top_tablet et_pb_animation_top_phone\" \/><\/span><\/div>\n\t\t\t\t\t<div class=\"et_pb_blurb_container\">\n\t\t\t\t\t\t<h4 class=\"et_pb_module_header\"><span>Interview mit Dieter Senghaas<\/span><\/h4>\n\t\t\t\t\t\t<div class=\"et_pb_blurb_description\"><p>Professor Dr. Dieter Senghaas erkl\u00e4rt, wie uneingeschr\u00e4nkter Freihandel so genannte Entwicklungsl\u00e4nder beeintr\u00e4chtigt.<\/p><\/div>\n\t\t\t\t\t<\/div>\n\t\t\t\t<\/div>\n\t\t\t<\/div><div class=\"et_pb_module et_d4_element et_pb_blurb et_pb_blurb_1 et_clickable  et_pb_text_align_left  et_pb_blurb_position_top et_block_module et_pb_bg_layout_light\">\n\t\t\t\t\n\t\t\t\t\n\t\t\t\t\n\t\t\t\t\n\t\t\t\t<div class=\"et_pb_blurb_content\">\n\t\t\t\t\t<div class=\"et_pb_main_blurb_image et_pb_css_mix_blend_mode\"><span class=\"et_pb_image_wrap et_pb_only_image_mode_wrap\"><img loading=\"lazy\" decoding=\"async\" width=\"1673\" height=\"1098\" src=\"https:\/\/blogs.uni-bremen.de\/NIEO2\/files\/pexels-aboodi-vesakaran-13966976-scaled-2.jpeg\" alt=\"Photo by Pascal Meier on Unsplash\" srcset=\"https:\/\/blogs.uni-bremen.de\/NIEO2\/files\/pexels-aboodi-vesakaran-13966976-scaled-2.jpeg 1673w, https:\/\/blogs.uni-bremen.de\/NIEO2\/files\/pexels-aboodi-vesakaran-13966976-scaled-2-1280x840.jpeg 1280w, https:\/\/blogs.uni-bremen.de\/NIEO2\/files\/pexels-aboodi-vesakaran-13966976-scaled-2-980x643.jpeg 980w, https:\/\/blogs.uni-bremen.de\/NIEO2\/files\/pexels-aboodi-vesakaran-13966976-scaled-2-480x315.jpeg 480w\" sizes=\"(min-width: 0px) and (max-width: 480px) 480px, (min-width: 481px) and (max-width: 980px) 980px, (min-width: 981px) and (max-width: 1280px) 1280px, (min-width: 1281px) 1673px, 100vw\" class=\"et-waypoint et_pb_animation_top et_pb_animation_top_tablet et_pb_animation_top_phone wp-image-518\" \/><\/span><\/div>\n\t\t\t\t\t<div class=\"et_pb_blurb_container\">\n\t\t\t\t\t\t<h4 class=\"et_pb_module_header\"><span>Rohstoffabbau in der Demokratischen Republik Kongo<\/span><\/h4>\n\t\t\t\t\t\t<div class=\"et_pb_blurb_description\"><p>Anhand des Rohstoffabbaus in der DRK zeigt sich, wie asymmetrisch globale Handelsbeziehungen nach wie vor sind.<\/p><\/div>\n\t\t\t\t\t<\/div>\n\t\t\t\t<\/div>\n\t\t\t<\/div><div class=\"et_pb_module et_d4_element et_pb_blurb et_pb_blurb_2 et_clickable  et_pb_text_align_left  et_pb_blurb_position_top et_block_module et_pb_bg_layout_light\">\n\t\t\t\t\n\t\t\t\t\n\t\t\t\t\n\t\t\t\t\n\t\t\t\t<div class=\"et_pb_blurb_content\">\n\t\t\t\t\t<div class=\"et_pb_main_blurb_image et_pb_css_mix_blend_mode\"><span class=\"et_pb_image_wrap et_pb_only_image_mode_wrap\"><img loading=\"lazy\" decoding=\"async\" width=\"2560\" height=\"1707\" src=\"https:\/\/blogs.uni-bremen.de\/NIEO2\/files\/pexels-pixabay-461789-scaled.jpg\" alt=\"Photo by Pascal Meier on Unsplash\" srcset=\"https:\/\/blogs.uni-bremen.de\/NIEO2\/files\/pexels-pixabay-461789-scaled.jpg 2560w, https:\/\/blogs.uni-bremen.de\/NIEO2\/files\/pexels-pixabay-461789-1280x854.jpg 1280w, https:\/\/blogs.uni-bremen.de\/NIEO2\/files\/pexels-pixabay-461789-980x653.jpg 980w, https:\/\/blogs.uni-bremen.de\/NIEO2\/files\/pexels-pixabay-461789-480x320.jpg 480w\" sizes=\"(min-width: 0px) and (max-width: 480px) 480px, (min-width: 481px) and (max-width: 980px) 980px, (min-width: 981px) and (max-width: 1280px) 1280px, (min-width: 1281px) 2560px, 100vw\" class=\"et-waypoint et_pb_animation_top et_pb_animation_top_tablet et_pb_animation_top_phone wp-image-657\" \/><\/span><\/div>\n\t\t\t\t\t<div class=\"et_pb_blurb_container\">\n\t\t\t\t\t\t<h4 class=\"et_pb_module_header\"><span>Extraktivismus<\/span><\/h4>\n\t\t\t\t\t\t<div class=\"et_pb_blurb_description\"><p>In seiner heutigen Form ist Rohstoffhandel ein Ausdruck globaler Machtasymmetrien und wurde deshalb schon in der NIEO diskutiert. Heute wird offensichtlich, dass damals die Umweltzerst\u00f6rung durch Extraktivismus noch untersch\u00e4tzt wurde.<\/p><\/div>\n\t\t\t\t\t<\/div>\n\t\t\t\t<\/div>\n\t\t\t<\/div>\n\t\t\t<\/div><div class=\"et_d4_element et_pb_column_1_3 et_pb_column et_pb_column_4  et_pb_css_mix_blend_mode et_block_column\">\n\t\t\t\t\n\t\t\t\t\n\t\t\t\t\n\t\t\t\t\n\t\t\t\t<div class=\"et_pb_module et_d4_element et_pb_blurb et_pb_blurb_3 et_clickable  et_pb_text_align_left  et_pb_blurb_position_top et_block_module et_pb_bg_layout_light\">\n\t\t\t\t\n\t\t\t\t\n\t\t\t\t\n\t\t\t\t\n\t\t\t\t<div class=\"et_pb_blurb_content\">\n\t\t\t\t\t<div class=\"et_pb_main_blurb_image et_pb_css_mix_blend_mode\"><a href=\"https:\/\/blogs.uni-bremen.de\/NIEO2\/geschichte-der-nieo\/streik\/\"><span class=\"et_pb_image_wrap et_pb_only_image_mode_wrap\"><img decoding=\"async\" src=\"https:\/\/blogs.uni-bremen.de\/NIEO2\/files\/Richtiges-Verha\u0308ltnis-markus-spiske-P0klwkGbH_M-unsplash1-scaled.jpg\" alt=\"\" class=\"et-waypoint et_pb_animation_top et_pb_animation_top_tablet et_pb_animation_top_phone\" \/><\/span><\/a><\/div>\n\t\t\t\t\t<div class=\"et_pb_blurb_container\">\n\t\t\t\t\t\t<h4 class=\"et_pb_module_header\"><a href=\"https:\/\/blogs.uni-bremen.de\/NIEO2\/geschichte-der-nieo\/streik\/\">Arbeitsk\u00e4mpfe Weltweit<\/a><\/h4>\n\t\t\t\t\t\t<div class=\"et_pb_blurb_description\"><p>Arbeitnehmer*innenrechte, wie wir sie in Deutschland heute kennen, wurden durch Arbeitsk\u00e4mpfe erk\u00e4mpft. Heute organisieren sich N\u00e4herinnen in Bangladesch gegen Ausbeutung. Gesch\u00fctzt werden sie unter anderem durch das Lieferkettengesetz.<\/p><\/div>\n\t\t\t\t\t<\/div>\n\t\t\t\t<\/div>\n\t\t\t<\/div><div class=\"et_pb_module et_d4_element et_pb_blurb et_pb_blurb_4 et_clickable  et_pb_text_align_left  et_pb_blurb_position_top et_block_module et_pb_bg_layout_light\">\n\t\t\t\t\n\t\t\t\t\n\t\t\t\t\n\t\t\t\t\n\t\t\t\t<div class=\"et_pb_blurb_content\">\n\t\t\t\t\t<div class=\"et_pb_main_blurb_image et_pb_css_mix_blend_mode\"><a href=\"https:\/\/blogs.uni-bremen.de\/NIEO2\/personen-projekte-debatten\/streik\/\"><span class=\"et_pb_image_wrap et_pb_only_image_mode_wrap\"><img loading=\"lazy\" decoding=\"async\" width=\"2560\" height=\"1440\" src=\"https:\/\/blogs.uni-bremen.de\/NIEO2\/files\/pexels-digital-buggu-365067-scaled.jpg\" alt=\"CC0\" srcset=\"https:\/\/blogs.uni-bremen.de\/NIEO2\/files\/pexels-digital-buggu-365067-scaled.jpg 2560w, https:\/\/blogs.uni-bremen.de\/NIEO2\/files\/pexels-digital-buggu-365067-1280x720.jpg 1280w, https:\/\/blogs.uni-bremen.de\/NIEO2\/files\/pexels-digital-buggu-365067-980x551.jpg 980w, https:\/\/blogs.uni-bremen.de\/NIEO2\/files\/pexels-digital-buggu-365067-480x270.jpg 480w\" sizes=\"(min-width: 0px) and (max-width: 480px) 480px, (min-width: 481px) and (max-width: 980px) 980px, (min-width: 981px) and (max-width: 1280px) 1280px, (min-width: 1281px) 2560px, 100vw\" class=\"et-waypoint et_pb_animation_top et_pb_animation_top_tablet et_pb_animation_top_phone wp-image-625\" \/><\/span><\/a><\/div>\n\t\t\t\t\t<div class=\"et_pb_blurb_container\">\n\t\t\t\t\t\t<h4 class=\"et_pb_module_header\"><a href=\"https:\/\/blogs.uni-bremen.de\/NIEO2\/personen-projekte-debatten\/streik\/\">Lieferkettengesetz<\/a><\/h4>\n\t\t\t\t\t\t<div class=\"et_pb_blurb_description\"><p>Die Profite von Unternehmen im globalen Norden werden zu oft mit Menschenrechtsverletzungen im globalen S\u00fcden bezahlt. Um Menschen weltweit zu sch\u00fctzen, spielen Lieferkettengesetze eine wichtige Rolle.<\/p><\/div>\n\t\t\t\t\t<\/div>\n\t\t\t\t<\/div>\n\t\t\t<\/div>\n\t\t\t<\/div><div class=\"et_d4_element et_pb_column_1_3 et_pb_column et_pb_column_5  et_pb_css_mix_blend_mode et-last-child et_block_column\">\n\t\t\t\t\n\t\t\t\t\n\t\t\t\t\n\t\t\t\t\n\t\t\t\t<div class=\"et_pb_module et_d4_element et_pb_blurb et_pb_blurb_5 et_clickable  et_pb_text_align_left  et_pb_blurb_position_top et_block_module et_pb_bg_layout_light\">\n\t\t\t\t\n\t\t\t\t\n\t\t\t\t\n\t\t\t\t\n\t\t\t\t<div class=\"et_pb_blurb_content\">\n\t\t\t\t\t<div class=\"et_pb_main_blurb_image et_pb_css_mix_blend_mode\"><span class=\"et_pb_image_wrap et_pb_only_image_mode_wrap\"><img loading=\"lazy\" decoding=\"async\" width=\"912\" height=\"579\" src=\"https:\/\/blogs.uni-bremen.de\/NIEO2\/files\/Bildschirmfoto-2023-01-20-um-12.00.10-3.png\" alt=\"Photo by Pascal Meier on Unsplash\" srcset=\"https:\/\/blogs.uni-bremen.de\/NIEO2\/files\/Bildschirmfoto-2023-01-20-um-12.00.10-3.png 912w, https:\/\/blogs.uni-bremen.de\/NIEO2\/files\/Bildschirmfoto-2023-01-20-um-12.00.10-3-480x305.png 480w\" sizes=\"(min-width: 0px) and (max-width: 480px) 480px, (min-width: 481px) 912px, 100vw\" class=\"et-waypoint et_pb_animation_top et_pb_animation_top_tablet et_pb_animation_top_phone wp-image-558\" \/><\/span><\/div>\n\t\t\t\t\t<div class=\"et_pb_blurb_container\">\n\t\t\t\t\t\t<h4 class=\"et_pb_module_header\"><span>Debatte: Staatsschulden im Globalen S\u00fcden oder Schuldenerlass?<\/span><\/h4>\n\t\t\t\t\t\t<div class=\"et_pb_blurb_description\"><p>Eine Forderung der NIEO lautete: Verringerung der Schuldenlast f\u00fcr den globalen S\u00fcden. Aus der\u00a0 \u201eSchuldenfalle\u201c konnten sich bisher nur aber wenige befreien.<\/p><\/div>\n\t\t\t\t\t<\/div>\n\t\t\t\t<\/div>\n\t\t\t<\/div><div class=\"et_pb_module et_d4_element et_pb_blurb et_pb_blurb_6 et_clickable  et_pb_text_align_left  et_pb_blurb_position_top et_block_module et_pb_bg_layout_light\">\n\t\t\t\t\n\t\t\t\t\n\t\t\t\t\n\t\t\t\t\n\t\t\t\t<div class=\"et_pb_blurb_content\">\n\t\t\t\t\t<div class=\"et_pb_main_blurb_image et_pb_css_mix_blend_mode\"><span class=\"et_pb_image_wrap et_pb_only_image_mode_wrap\"><img loading=\"lazy\" decoding=\"async\" width=\"453\" height=\"604\" src=\"https:\/\/blogs.uni-bremen.de\/NIEO2\/files\/Julius_Nyerere_1965.jpg\" alt=\"CC0 https:\/\/de.wikipedia.org\/wiki\/Julius_Nyerere#\/media\/Datei:Julius_Nyerere_(1965).jpg\" srcset=\"https:\/\/blogs.uni-bremen.de\/NIEO2\/files\/Julius_Nyerere_1965.jpg 453w, https:\/\/blogs.uni-bremen.de\/NIEO2\/files\/Julius_Nyerere_1965-225x300.jpg 225w\" sizes=\"(max-width: 453px) 100vw, 453px\" class=\"et-waypoint et_pb_animation_top et_pb_animation_top_tablet et_pb_animation_top_phone wp-image-727\" \/><\/span><\/div>\n\t\t\t\t\t<div class=\"et_pb_blurb_container\">\n\t\t\t\t\t\t<h4 class=\"et_pb_module_header\"><span>Protagonist der NIEO<\/span><\/h4>\n\t\t\t\t\t\t<div class=\"et_pb_blurb_description\"><p>Julius Nyerere war einer der schillerndsten Figuren der NIEO: Als Sozialist k\u00e4mpfte der sp\u00e4tere Staatspr\u00e4sident Tansanias gegen den Kolonialismus und trieb als begabter Diplomat die NIEO voran.<\/p><\/div>\n\t\t\t\t\t<\/div>\n\t\t\t\t<\/div>\n\t\t\t<\/div>\n\t\t\t<\/div>\n\t\t\t\t\n\t\t\t\t\n\t\t\t\t\n\t\t\t\t\n\t\t\t<\/div>\n\t\t\t\t\n\t\t\t\t\n\t\t\t<\/div><\/p>\n","protected":false},"excerpt":{"rendered":"","protected":false},"author":8721,"featured_media":0,"parent":0,"menu_order":3,"comment_status":"closed","ping_status":"closed","template":"","meta":{"_bbp_topic_count":0,"_bbp_reply_count":0,"_bbp_total_topic_count":0,"_bbp_total_reply_count":0,"_bbp_voice_count":0,"_bbp_anonymous_reply_count":0,"_bbp_topic_count_hidden":0,"_bbp_reply_count_hidden":0,"_bbp_forum_subforum_count":0,"_et_pb_use_builder":"on","_et_pb_old_content":"","_et_gb_content_width":"","footnotes":""},"class_list":["post-99","page","type-page","status-publish","hentry"],"_links":{"self":[{"href":"https:\/\/blogs.uni-bremen.de\/NIEO2\/wp-json\/wp\/v2\/pages\/99","targetHints":{"allow":["GET"]}}],"collection":[{"href":"https:\/\/blogs.uni-bremen.de\/NIEO2\/wp-json\/wp\/v2\/pages"}],"about":[{"href":"https:\/\/blogs.uni-bremen.de\/NIEO2\/wp-json\/wp\/v2\/types\/page"}],"author":[{"embeddable":true,"href":"https:\/\/blogs.uni-bremen.de\/NIEO2\/wp-json\/wp\/v2\/users\/8721"}],"replies":[{"embeddable":true,"href":"https:\/\/blogs.uni-bremen.de\/NIEO2\/wp-json\/wp\/v2\/comments?post=99"}],"version-history":[{"count":10,"href":"https:\/\/blogs.uni-bremen.de\/NIEO2\/wp-json\/wp\/v2\/pages\/99\/revisions"}],"predecessor-version":[{"id":738,"href":"https:\/\/blogs.uni-bremen.de\/NIEO2\/wp-json\/wp\/v2\/pages\/99\/revisions\/738"}],"wp:attachment":[{"href":"https:\/\/blogs.uni-bremen.de\/NIEO2\/wp-json\/wp\/v2\/media?parent=99"}],"curies":[{"name":"wp","href":"https:\/\/api.w.org\/{rel}","templated":true}]}}