{"id":540,"date":"2023-02-07T11:54:09","date_gmt":"2023-02-07T10:54:09","guid":{"rendered":"https:\/\/blogs.uni-bremen.de\/NIEO2\/?page_id=540"},"modified":"2023-09-21T09:12:00","modified_gmt":"2023-09-21T07:12:00","slug":"geschichte-der-nieo","status":"publish","type":"page","link":"https:\/\/blogs.uni-bremen.de\/NIEO2\/geschichte-der-nieo\/","title":{"rendered":"Geschichte der NIEO"},"content":{"rendered":"<p><div class=\"et_d4_element et_pb_section et_pb_section_0  et_pb_css_mix_blend_mode et_pb_fullwidth_section et_section_regular et_block_section\" >\n\t\t\t\t\n\t\t\t\t\n\t\t\t\t\n\t\t\t\t\n\t\t\t\t\n\t\t\t\t\n\t\t\t\t<div class=\"et_pb_module et_d4_element et_pb_fullwidth_image et_pb_fullwidth_image_0\">\n\t\t\t\t\n\t\t\t\t\n\t\t\t\t\n\t\t\t\t\n\t\t\t\t<img loading=\"lazy\" decoding=\"async\" width=\"2560\" height=\"854\" src=\"https:\/\/blogs.uni-bremen.de\/NIEO2\/files\/logo_nieo2_twitter_titelbild-scaled.jpg\" alt=\"\" title=\"logo_nieo2_twitter_titelbild\" srcset=\"https:\/\/blogs.uni-bremen.de\/NIEO2\/files\/logo_nieo2_twitter_titelbild-scaled.jpg 2560w, https:\/\/blogs.uni-bremen.de\/NIEO2\/files\/logo_nieo2_twitter_titelbild-1280x427.jpg 1280w, https:\/\/blogs.uni-bremen.de\/NIEO2\/files\/logo_nieo2_twitter_titelbild-980x327.jpg 980w, https:\/\/blogs.uni-bremen.de\/NIEO2\/files\/logo_nieo2_twitter_titelbild-480x160.jpg 480w\" sizes=\"(min-width: 0px) and (max-width: 480px) 480px, (min-width: 481px) and (max-width: 980px) 980px, (min-width: 981px) and (max-width: 1280px) 1280px, (min-width: 1281px) 2560px, 100vw\" class=\"wp-image-127\" \/>\n\t\t\t\n\t\t\t<\/div>\n\t\t\t\t\n\t\t\t\t\n\t\t\t<\/div><div class=\"et_d4_element et_pb_section et_pb_section_1 et_pb_with_background  et_pb_css_mix_blend_mode et_section_regular et_block_section\" >\n\t\t\t\t\n\t\t\t\t\n\t\t\t\t\n\t\t\t\t\n\t\t\t\t\n\t\t\t\t\n\t\t\t\t<div class=\"et_d4_element et_pb_row et_pb_row_0  et_pb_css_mix_blend_mode et_block_row\">\n\t\t\t\t<div class=\"et_d4_element et_pb_column_4_4 et_pb_column et_pb_column_0  et_pb_css_mix_blend_mode et-last-child et_block_column\">\n\t\t\t\t\n\t\t\t\t\n\t\t\t\t\n\t\t\t\t\n\t\t\t\t<div class=\"et_pb_module et_d4_element et_pb_post_title et_pb_post_title_0 et_pb_bg_layout_light  et_pb_text_align_left\"   >\n\t\t\t\t\n\t\t\t\t\n\t\t\t\t\n\t\t\t\t\n\t\t\t\t\n\t\t\t\t<div class=\"et_pb_title_container\">\n\t\t\t\t\t<h1 class=\"entry-title\"><\/h1>\n\t\t\t\t<\/div>\n\t\t\t\t\n\t\t\t<\/div>\n\t\t\t<\/div>\n\t\t\t\t\n\t\t\t\t\n\t\t\t\t\n\t\t\t\t\n\t\t\t<\/div><div class=\"et_d4_element et_pb_row et_pb_row_1  et_pb_css_mix_blend_mode et_block_row\">\n\t\t\t\t<div class=\"et_d4_element et_pb_column_3_4 et_pb_column et_pb_column_1  et_pb_css_mix_blend_mode et_block_column\">\n\t\t\t\t\n\t\t\t\t\n\t\t\t\t\n\t\t\t\t\n\t\t\t\t<div class=\"et_pb_module et_d4_element et_pb_text et_pb_text_0  et_pb_text_align_justified et_pb_bg_layout_light\">\n\t\t\t\t\n\t\t\t\t\n\t\t\t\t\n\t\t\t\t\n\t\t\t\t<div class=\"et_pb_text_inner\"><p>Gibt es Ideen f\u00fcr eine andere, vielleicht gerechtere Weltwirtschaftsordnung? Ja und zwar schon lange: Seit den 1950er Jahren formierte sich eine Bewegung, die die Weltwirtschaftsordnung gerechter gestalten wollte. Als mitte des 20. Jahrhunderts immer mehr ehemalige Kolonien die formale Unabh\u00e4ngigkeit erlangten, wurde auch ihr Ruf nach einem Weltwirtschaftsystem, das nicht den globalen Norden systematisch \u00fcbervorteilt immer lauter. Viele ehemalige Kolonien schlossen sich zu kraftvollen Bewegungen zusammen: Die Dritte Welt Bewegung, die Bewegung der Blockfreien Staaten, die G77 \u2013 sie wollten sich nicht l\u00e4nger kleinhalten lassen.<\/p><\/div>\n\t\t\t<\/div>\n\t\t\t<\/div><div class=\"et_d4_element et_pb_column_1_4 et_pb_column et_pb_column_2  et_pb_css_mix_blend_mode et-last-child et_block_column et_pb_column_empty\">\n\t\t\t\t\n\t\t\t\t\n\t\t\t\t\n\t\t\t\t\n\t\t\t\t\n\t\t\t<\/div>\n\t\t\t\t\n\t\t\t\t\n\t\t\t\t\n\t\t\t\t\n\t\t\t<\/div><div class=\"et_d4_element et_pb_row et_pb_row_2  et_pb_css_mix_blend_mode et_block_row\">\n\t\t\t\t<div class=\"et_d4_element et_pb_column_1_3 et_pb_column et_pb_column_3  et_pb_css_mix_blend_mode et_block_column\">\n\t\t\t\t\n\t\t\t\t\n\t\t\t\t\n\t\t\t\t\n\t\t\t\t<div class=\"et_pb_module et_d4_element et_pb_blurb et_pb_blurb_0 et_clickable  et_pb_text_align_left  et_pb_blurb_position_top et_block_module et_pb_bg_layout_light\">\n\t\t\t\t\n\t\t\t\t\n\t\t\t\t\n\t\t\t\t\n\t\t\t\t<div class=\"et_pb_blurb_content\">\n\t\t\t\t\t<div class=\"et_pb_main_blurb_image et_pb_css_mix_blend_mode\"><span class=\"et_pb_image_wrap et_pb_only_image_mode_wrap\"><img loading=\"lazy\" decoding=\"async\" width=\"2380\" height=\"1502\" src=\"https:\/\/blogs.uni-bremen.de\/NIEO2\/files\/Raul_Prebisch_1954.jpg\" alt=\"Quelle: Public domain \/ Arquivo Nacional Collection\" srcset=\"https:\/\/blogs.uni-bremen.de\/NIEO2\/files\/Raul_Prebisch_1954.jpg 2380w, https:\/\/blogs.uni-bremen.de\/NIEO2\/files\/Raul_Prebisch_1954-1280x808.jpg 1280w, https:\/\/blogs.uni-bremen.de\/NIEO2\/files\/Raul_Prebisch_1954-980x618.jpg 980w, https:\/\/blogs.uni-bremen.de\/NIEO2\/files\/Raul_Prebisch_1954-480x303.jpg 480w\" sizes=\"(min-width: 0px) and (max-width: 480px) 480px, (min-width: 481px) and (max-width: 980px) 980px, (min-width: 981px) and (max-width: 1280px) 1280px, (min-width: 1281px) 2380px, 100vw\" class=\"et-waypoint et_pb_animation_top et_pb_animation_top_tablet et_pb_animation_top_phone wp-image-324\" \/><\/span><\/div>\n\t\t\t\t\t<div class=\"et_pb_blurb_container\">\n\t\t\t\t\t\t<h4 class=\"et_pb_module_header\"><span>Geschichte der NIEO<\/span><\/h4>\n\t\t\t\t\t\t<div class=\"et_pb_blurb_description\"><p>Gibt es Ideen f\u00fcr eine andere, vielleicht gerechtere Weltwirtschaftsordnung? Ja und zwar schon lange: Seit den 1950er Jahren formierte sich eine Bewegung, die die Weltwirtschaftsordnung gerechter gestalten wollte. Lesen Sie hier mehr zu ihrer Geschichte.<\/p><\/div>\n\t\t\t\t\t<\/div>\n\t\t\t\t<\/div>\n\t\t\t<\/div><div class=\"et_pb_module et_d4_element et_pb_blurb et_pb_blurb_1 et_clickable  et_pb_text_align_left  et_pb_blurb_position_top et_block_module et_pb_bg_layout_light\">\n\t\t\t\t\n\t\t\t\t\n\t\t\t\t\n\t\t\t\t\n\t\t\t\t<div class=\"et_pb_blurb_content\">\n\t\t\t\t\t<div class=\"et_pb_main_blurb_image et_pb_css_mix_blend_mode\"><span class=\"et_pb_image_wrap et_pb_only_image_mode_wrap\"><img loading=\"lazy\" decoding=\"async\" width=\"1357\" height=\"628\" src=\"https:\/\/blogs.uni-bremen.de\/NIEO2\/files\/KarteGruppe77UN.png\" alt=\"Von St. Krekeler - St. Krekeler, CC BY-SA 2.0, https:\/\/commons.wikimedia.org\/w\/index.php?curid=23785079\" srcset=\"https:\/\/blogs.uni-bremen.de\/NIEO2\/files\/KarteGruppe77UN.png 1357w, https:\/\/blogs.uni-bremen.de\/NIEO2\/files\/KarteGruppe77UN-1280x592.png 1280w, https:\/\/blogs.uni-bremen.de\/NIEO2\/files\/KarteGruppe77UN-980x454.png 980w, https:\/\/blogs.uni-bremen.de\/NIEO2\/files\/KarteGruppe77UN-480x222.png 480w\" sizes=\"(min-width: 0px) and (max-width: 480px) 480px, (min-width: 481px) and (max-width: 980px) 980px, (min-width: 981px) and (max-width: 1280px) 1280px, (min-width: 1281px) 1357px, 100vw\" class=\"et-waypoint et_pb_animation_top et_pb_animation_top_tablet et_pb_animation_top_phone wp-image-398\" \/><\/span><\/div>\n\t\t\t\t\t<div class=\"et_pb_blurb_container\">\n\t\t\t\t\t\t<h4 class=\"et_pb_module_header\"><span>Der Globale S\u00fcden auf der Welthandelskonferenz<\/span><\/h4>\n\t\t\t\t\t\t<div class=\"et_pb_blurb_description\"><p>Dieser Audiobeitrag beleuchtet die \u201eGruppe der 77\u201c , genauer gesagt deren Rolle auf der ersten Welthandelskonferenz der UN (UNCTAD).<\/p><\/div>\n\t\t\t\t\t<\/div>\n\t\t\t\t<\/div>\n\t\t\t<\/div>\n\t\t\t<\/div><div class=\"et_d4_element et_pb_column_1_3 et_pb_column et_pb_column_4  et_pb_css_mix_blend_mode et_block_column\">\n\t\t\t\t\n\t\t\t\t\n\t\t\t\t\n\t\t\t\t\n\t\t\t\t<div class=\"et_pb_module et_d4_element et_pb_blurb et_pb_blurb_2 et_clickable  et_pb_text_align_left  et_pb_blurb_position_top et_block_module et_pb_bg_layout_light\">\n\t\t\t\t\n\t\t\t\t\n\t\t\t\t\n\t\t\t\t\n\t\t\t\t<div class=\"et_pb_blurb_content\">\n\t\t\t\t\t<div class=\"et_pb_main_blurb_image et_pb_css_mix_blend_mode\"><span class=\"et_pb_image_wrap et_pb_only_image_mode_wrap\"><img loading=\"lazy\" decoding=\"async\" width=\"1024\" height=\"658\" src=\"https:\/\/blogs.uni-bremen.de\/NIEO2\/files\/832EC49C-1AF0-4DFB-9E67-38CBE8A907ED.jpeg\" alt=\"CC BY-SA 3.0 RS\" srcset=\"https:\/\/blogs.uni-bremen.de\/NIEO2\/files\/832EC49C-1AF0-4DFB-9E67-38CBE8A907ED.jpeg 1024w, https:\/\/blogs.uni-bremen.de\/NIEO2\/files\/832EC49C-1AF0-4DFB-9E67-38CBE8A907ED-980x630.jpeg 980w, https:\/\/blogs.uni-bremen.de\/NIEO2\/files\/832EC49C-1AF0-4DFB-9E67-38CBE8A907ED-480x308.jpeg 480w\" sizes=\"(min-width: 0px) and (max-width: 480px) 480px, (min-width: 481px) and (max-width: 980px) 980px, (min-width: 981px) 1024px, 100vw\" class=\"et-waypoint et_pb_animation_top et_pb_animation_top_tablet et_pb_animation_top_phone wp-image-208\" \/><\/span><\/div>\n\t\t\t\t\t<div class=\"et_pb_blurb_container\">\n\t\t\t\t\t\t<h4 class=\"et_pb_module_header\"><span>Die Bewegung der Blockfreien Staaten<\/span><\/h4>\n\t\t\t\t\t\t<div class=\"et_pb_blurb_description\"><p>Die \u201eBewegung der Blockfreien Staaten\u201c strebte in den 1970er Jahren nach wirtschaftlicher Emanzipation und Unabh\u00e4ngigkeit von den Industriel\u00e4ndern. Aber was hat das mit der NIEO zu tun?<\/p><\/div>\n\t\t\t\t\t<\/div>\n\t\t\t\t<\/div>\n\t\t\t<\/div><div class=\"et_pb_module et_d4_element et_pb_blurb et_pb_blurb_3 et_clickable  et_pb_text_align_left  et_pb_blurb_position_top et_block_module et_pb_bg_layout_light\">\n\t\t\t\t\n\t\t\t\t\n\t\t\t\t\n\t\t\t\t\n\t\t\t\t<div class=\"et_pb_blurb_content\">\n\t\t\t\t\t<div class=\"et_pb_main_blurb_image et_pb_css_mix_blend_mode\"><span class=\"et_pb_image_wrap et_pb_only_image_mode_wrap\"><img loading=\"lazy\" decoding=\"async\" width=\"1600\" height=\"1079\" src=\"https:\/\/blogs.uni-bremen.de\/NIEO2\/files\/UNCTAD.jpg\" alt=\"https:\/\/commons.wikimedia.org\/wiki\/File:UNCTAD_III,_Santiago_%281972%29.jpg\" srcset=\"https:\/\/blogs.uni-bremen.de\/NIEO2\/files\/UNCTAD.jpg 1600w, https:\/\/blogs.uni-bremen.de\/NIEO2\/files\/UNCTAD-1280x863.jpg 1280w, https:\/\/blogs.uni-bremen.de\/NIEO2\/files\/UNCTAD-980x661.jpg 980w, https:\/\/blogs.uni-bremen.de\/NIEO2\/files\/UNCTAD-480x324.jpg 480w\" sizes=\"(min-width: 0px) and (max-width: 480px) 480px, (min-width: 481px) and (max-width: 980px) 980px, (min-width: 981px) and (max-width: 1280px) 1280px, (min-width: 1281px) 1600px, 100vw\" class=\"et-waypoint et_pb_animation_top et_pb_animation_top_tablet et_pb_animation_top_phone wp-image-713\" \/><\/span><\/div>\n\t\t\t\t\t<div class=\"et_pb_blurb_container\">\n\t\t\t\t\t\t<h4 class=\"et_pb_module_header\"><span>Forderungen der NIEO<\/span><\/h4>\n\t\t\t\t\t\t<div class=\"et_pb_blurb_description\"><p>Die NIEO forderte, die Weltwirtschafsordnung gerechter zu gestalten und die struturelle Benachteiligung der Staaten des globalen S\u00fcdens effektiv zu \u00fcberwinden. Aber wie?<\/p><\/div>\n\t\t\t\t\t<\/div>\n\t\t\t\t<\/div>\n\t\t\t<\/div>\n\t\t\t<\/div><div class=\"et_d4_element et_pb_column_1_3 et_pb_column et_pb_column_5  et_pb_css_mix_blend_mode et-last-child et_block_column\">\n\t\t\t\t\n\t\t\t\t\n\t\t\t\t\n\t\t\t\t\n\t\t\t\t<div class=\"et_pb_module et_d4_element et_pb_blurb et_pb_blurb_4 et_clickable  et_pb_text_align_left  et_pb_blurb_position_top et_block_module et_pb_bg_layout_light\">\n\t\t\t\t\n\t\t\t\t\n\t\t\t\t\n\t\t\t\t\n\t\t\t\t<div class=\"et_pb_blurb_content\">\n\t\t\t\t\t<div class=\"et_pb_main_blurb_image et_pb_css_mix_blend_mode\"><span class=\"et_pb_image_wrap et_pb_only_image_mode_wrap\"><img loading=\"lazy\" decoding=\"async\" width=\"2560\" height=\"1707\" src=\"https:\/\/blogs.uni-bremen.de\/NIEO2\/files\/IMF_demonstration_10.png\" alt=\"By Ben Schumin - https:\/\/www.flickr.com\/photos\/schuminweb\/50562650678\/, CC BY-SA 2.0, https:\/\/commons.wikimedia.org\/w\/index.php?curid=97622222\" srcset=\"https:\/\/blogs.uni-bremen.de\/NIEO2\/files\/IMF_demonstration_10.png 2560w, https:\/\/blogs.uni-bremen.de\/NIEO2\/files\/IMF_demonstration_10-1280x854.png 1280w, https:\/\/blogs.uni-bremen.de\/NIEO2\/files\/IMF_demonstration_10-980x653.png 980w, https:\/\/blogs.uni-bremen.de\/NIEO2\/files\/IMF_demonstration_10-480x320.png 480w\" sizes=\"(min-width: 0px) and (max-width: 480px) 480px, (min-width: 481px) and (max-width: 980px) 980px, (min-width: 981px) and (max-width: 1280px) 1280px, (min-width: 1281px) 2560px, 100vw\" class=\"et-waypoint et_pb_animation_top et_pb_animation_top_tablet et_pb_animation_top_phone wp-image-401\" \/><\/span><\/div>\n\t\t\t\t\t<div class=\"et_pb_blurb_container\">\n\t\t\t\t\t\t<h4 class=\"et_pb_module_header\"><span>Die Staatsschuldenkrise<\/span><\/h4>\n\t\t\t\t\t\t<div class=\"et_pb_blurb_description\"><p>Das Projekt NIEO scheiterte zuletzt an der Staatsschuldenkrise, die zahlreiche Staaten des globalen S\u00fcdens hoch verschuldet zur\u00fccklies und damit ihre Verhandlungsposition gegen\u00fcber dem globalen Norden schw\u00e4chte<\/p><\/div>\n\t\t\t\t\t<\/div>\n\t\t\t\t<\/div>\n\t\t\t<\/div>\n\t\t\t<\/div>\n\t\t\t\t\n\t\t\t\t\n\t\t\t\t\n\t\t\t\t\n\t\t\t<\/div>\n\t\t\t\t\n\t\t\t\t\n\t\t\t<\/div><\/p>\n","protected":false},"excerpt":{"rendered":"","protected":false},"author":8721,"featured_media":0,"parent":0,"menu_order":0,"comment_status":"closed","ping_status":"closed","template":"","meta":{"_bbp_topic_count":0,"_bbp_reply_count":0,"_bbp_total_topic_count":0,"_bbp_total_reply_count":0,"_bbp_voice_count":0,"_bbp_anonymous_reply_count":0,"_bbp_topic_count_hidden":0,"_bbp_reply_count_hidden":0,"_bbp_forum_subforum_count":0,"_et_pb_use_builder":"on","_et_pb_old_content":"","_et_gb_content_width":"","footnotes":""},"class_list":["post-540","page","type-page","status-publish","hentry"],"_links":{"self":[{"href":"https:\/\/blogs.uni-bremen.de\/NIEO2\/wp-json\/wp\/v2\/pages\/540","targetHints":{"allow":["GET"]}}],"collection":[{"href":"https:\/\/blogs.uni-bremen.de\/NIEO2\/wp-json\/wp\/v2\/pages"}],"about":[{"href":"https:\/\/blogs.uni-bremen.de\/NIEO2\/wp-json\/wp\/v2\/types\/page"}],"author":[{"embeddable":true,"href":"https:\/\/blogs.uni-bremen.de\/NIEO2\/wp-json\/wp\/v2\/users\/8721"}],"replies":[{"embeddable":true,"href":"https:\/\/blogs.uni-bremen.de\/NIEO2\/wp-json\/wp\/v2\/comments?post=540"}],"version-history":[{"count":6,"href":"https:\/\/blogs.uni-bremen.de\/NIEO2\/wp-json\/wp\/v2\/pages\/540\/revisions"}],"predecessor-version":[{"id":721,"href":"https:\/\/blogs.uni-bremen.de\/NIEO2\/wp-json\/wp\/v2\/pages\/540\/revisions\/721"}],"wp:attachment":[{"href":"https:\/\/blogs.uni-bremen.de\/NIEO2\/wp-json\/wp\/v2\/media?parent=540"}],"curies":[{"name":"wp","href":"https:\/\/api.w.org\/{rel}","templated":true}]}}