{"id":499,"date":"2023-02-07T11:05:43","date_gmt":"2023-02-07T10:05:43","guid":{"rendered":"https:\/\/blogs.uni-bremen.de\/NIEO2\/?page_id=499"},"modified":"2023-02-07T11:49:34","modified_gmt":"2023-02-07T10:49:34","slug":"das-erbe-der-nieo","status":"publish","type":"page","link":"https:\/\/blogs.uni-bremen.de\/NIEO2\/das-erbe-der-nieo\/","title":{"rendered":"Das Erbe der NIEO"},"content":{"rendered":"<p><div class=\"et_d4_element et_pb_section et_pb_section_0  et_pb_css_mix_blend_mode et_pb_fullwidth_section et_section_regular et_block_section\" >\n\t\t\t\t\n\t\t\t\t\n\t\t\t\t\n\t\t\t\t\n\t\t\t\t\n\t\t\t\t\n\t\t\t\t<div class=\"et_pb_module et_d4_element et_pb_fullwidth_image et_pb_fullwidth_image_0\">\n\t\t\t\t\n\t\t\t\t\n\t\t\t\t\n\t\t\t\t\n\t\t\t\t<img loading=\"lazy\" decoding=\"async\" width=\"2560\" height=\"854\" src=\"https:\/\/blogs.uni-bremen.de\/NIEO2\/files\/logo_nieo2_twitter_titelbild-scaled.jpg\" alt=\"\" title=\"logo_nieo2_twitter_titelbild\" srcset=\"https:\/\/blogs.uni-bremen.de\/NIEO2\/files\/logo_nieo2_twitter_titelbild-scaled.jpg 2560w, https:\/\/blogs.uni-bremen.de\/NIEO2\/files\/logo_nieo2_twitter_titelbild-1280x427.jpg 1280w, https:\/\/blogs.uni-bremen.de\/NIEO2\/files\/logo_nieo2_twitter_titelbild-980x327.jpg 980w, https:\/\/blogs.uni-bremen.de\/NIEO2\/files\/logo_nieo2_twitter_titelbild-480x160.jpg 480w\" sizes=\"(min-width: 0px) and (max-width: 480px) 480px, (min-width: 481px) and (max-width: 980px) 980px, (min-width: 981px) and (max-width: 1280px) 1280px, (min-width: 1281px) 2560px, 100vw\" class=\"wp-image-127\" \/>\n\t\t\t\n\t\t\t<\/div>\n\t\t\t\t\n\t\t\t\t\n\t\t\t<\/div><div class=\"et_d4_element et_pb_section et_pb_section_1 et_pb_with_background  et_pb_css_mix_blend_mode et_section_regular et_block_section\" >\n\t\t\t\t\n\t\t\t\t\n\t\t\t\t\n\t\t\t\t\n\t\t\t\t\n\t\t\t\t\n\t\t\t\t<div class=\"et_d4_element et_pb_row et_pb_row_0  et_pb_css_mix_blend_mode et_block_row\">\n\t\t\t\t<div class=\"et_d4_element et_pb_column_4_4 et_pb_column et_pb_column_0  et_pb_css_mix_blend_mode et-last-child et_block_column\">\n\t\t\t\t\n\t\t\t\t\n\t\t\t\t\n\t\t\t\t\n\t\t\t\t<div class=\"et_pb_module et_d4_element et_pb_post_title et_pb_post_title_0 et_pb_bg_layout_light  et_pb_text_align_left\"   >\n\t\t\t\t\n\t\t\t\t\n\t\t\t\t\n\t\t\t\t\n\t\t\t\t\n\t\t\t\t<div class=\"et_pb_title_container\">\n\t\t\t\t\t<h1 class=\"entry-title\"><\/h1>\n\t\t\t\t<\/div>\n\t\t\t\t\n\t\t\t<\/div>\n\t\t\t<\/div>\n\t\t\t\t\n\t\t\t\t\n\t\t\t\t\n\t\t\t\t\n\t\t\t<\/div><div class=\"et_d4_element et_pb_row et_pb_row_1  et_pb_css_mix_blend_mode et_block_row\">\n\t\t\t\t<div class=\"et_d4_element et_pb_column_3_4 et_pb_column et_pb_column_1  et_pb_css_mix_blend_mode et_block_column\">\n\t\t\t\t\n\t\t\t\t\n\t\t\t\t\n\t\t\t\t\n\t\t\t\t<div class=\"et_pb_module et_d4_element et_pb_text et_pb_text_0  et_pb_text_align_justified et_pb_bg_layout_light\">\n\t\t\t\t\n\t\t\t\t\n\t\t\t\t\n\t\t\t\t\n\t\t\t\t<div class=\"et_pb_text_inner\"><p>Die NIEO ist heute kaum noch bekannt: Nur wenige k\u00f6nnen sich unter dem Projekt etwas vorstellen, ihm Namen und eine Geschichte zuordnen. Trotzdem hat sie unsere heutige nachhaltig Welt beeinflusst: Ob Fairtrade Kaffe zum Fr\u00fchst\u00fcck oder Soziale Bewegungen \u2013 die NIEO ist nicht spurlos an der Welt vorbeigegangen.<\/p><\/div>\n\t\t\t<\/div>\n\t\t\t<\/div><div class=\"et_d4_element et_pb_column_1_4 et_pb_column et_pb_column_2  et_pb_css_mix_blend_mode et-last-child et_block_column et_pb_column_empty\">\n\t\t\t\t\n\t\t\t\t\n\t\t\t\t\n\t\t\t\t\n\t\t\t\t\n\t\t\t<\/div>\n\t\t\t\t\n\t\t\t\t\n\t\t\t\t\n\t\t\t\t\n\t\t\t<\/div><div class=\"et_d4_element et_pb_row et_pb_row_2  et_pb_css_mix_blend_mode et_block_row\">\n\t\t\t\t<div class=\"et_d4_element et_pb_column_1_3 et_pb_column et_pb_column_3  et_pb_css_mix_blend_mode et_block_column\">\n\t\t\t\t\n\t\t\t\t\n\t\t\t\t\n\t\t\t\t\n\t\t\t\t<div class=\"et_pb_module et_d4_element et_pb_blurb et_pb_blurb_0 et_clickable  et_pb_text_align_left  et_pb_blurb_position_top et_block_module et_pb_bg_layout_light\">\n\t\t\t\t\n\t\t\t\t\n\t\t\t\t\n\t\t\t\t\n\t\t\t\t<div class=\"et_pb_blurb_content\">\n\t\t\t\t\t<div class=\"et_pb_main_blurb_image et_pb_css_mix_blend_mode\"><span class=\"et_pb_image_wrap et_pb_only_image_mode_wrap\"><img loading=\"lazy\" decoding=\"async\" width=\"1673\" height=\"1098\" src=\"https:\/\/blogs.uni-bremen.de\/NIEO2\/files\/pexels-aboodi-vesakaran-13966976-scaled-2.jpeg\" alt=\"Photo by Pascal Meier on Unsplash\" srcset=\"https:\/\/blogs.uni-bremen.de\/NIEO2\/files\/pexels-aboodi-vesakaran-13966976-scaled-2.jpeg 1673w, https:\/\/blogs.uni-bremen.de\/NIEO2\/files\/pexels-aboodi-vesakaran-13966976-scaled-2-1280x840.jpeg 1280w, https:\/\/blogs.uni-bremen.de\/NIEO2\/files\/pexels-aboodi-vesakaran-13966976-scaled-2-980x643.jpeg 980w, https:\/\/blogs.uni-bremen.de\/NIEO2\/files\/pexels-aboodi-vesakaran-13966976-scaled-2-480x315.jpeg 480w\" sizes=\"(min-width: 0px) and (max-width: 480px) 480px, (min-width: 481px) and (max-width: 980px) 980px, (min-width: 981px) and (max-width: 1280px) 1280px, (min-width: 1281px) 1673px, 100vw\" class=\"et-waypoint et_pb_animation_top et_pb_animation_top_tablet et_pb_animation_top_phone wp-image-518\" \/><\/span><\/div>\n\t\t\t\t\t<div class=\"et_pb_blurb_container\">\n\t\t\t\t\t\t<h4 class=\"et_pb_module_header\"><span>Rohstoffabbau<\/span><\/h4>\n\t\t\t\t\t\t<div class=\"et_pb_blurb_description\"><p>Anhand des Rohstoffabbaus in der Demokratischen Republik Kongo (DRK) zeigt sich, wie asymmetrisch globale Handelsbeziehungen nach wie vor sind.<\/p><\/div>\n\t\t\t\t\t<\/div>\n\t\t\t\t<\/div>\n\t\t\t<\/div><div class=\"et_pb_module et_d4_element et_pb_blurb et_pb_blurb_1 et_clickable  et_pb_text_align_left  et_pb_blurb_position_top et_block_module et_pb_bg_layout_light\">\n\t\t\t\t\n\t\t\t\t\n\t\t\t\t\n\t\t\t\t\n\t\t\t\t<div class=\"et_pb_blurb_content\">\n\t\t\t\t\t<div class=\"et_pb_main_blurb_image et_pb_css_mix_blend_mode\"><span class=\"et_pb_image_wrap et_pb_only_image_mode_wrap\"><img loading=\"lazy\" decoding=\"async\" width=\"2560\" height=\"1428\" src=\"https:\/\/blogs.uni-bremen.de\/NIEO2\/files\/logo_nieo2-scaled.jpg\" alt=\"Photo by Pascal Meier on Unsplash\" srcset=\"https:\/\/blogs.uni-bremen.de\/NIEO2\/files\/logo_nieo2-scaled.jpg 2560w, https:\/\/blogs.uni-bremen.de\/NIEO2\/files\/logo_nieo2-1280x714.jpg 1280w, https:\/\/blogs.uni-bremen.de\/NIEO2\/files\/logo_nieo2-980x547.jpg 980w, https:\/\/blogs.uni-bremen.de\/NIEO2\/files\/logo_nieo2-480x268.jpg 480w\" sizes=\"(min-width: 0px) and (max-width: 480px) 480px, (min-width: 481px) and (max-width: 980px) 980px, (min-width: 981px) and (max-width: 1280px) 1280px, (min-width: 1281px) 2560px, 100vw\" class=\"et-waypoint et_pb_animation_top et_pb_animation_top_tablet et_pb_animation_top_phone wp-image-85\" \/><\/span><\/div>\n\t\t\t\t\t<div class=\"et_pb_blurb_container\">\n\t\t\t\t\t\t<h4 class=\"et_pb_module_header\"><span>Interview mit einem Aktivisten des MST<\/span><\/h4>\n\t\t\t\t\t\t<div class=\"et_pb_blurb_description\"><p>Ein Aktivist des MST berichtet \u00fcber seine Arbeit und wie die Situation brasilianischer Kleinb\u00e4uer*innen und Landloser mit dem globalen Wirtschaftssystem zusammenh\u00e4ngt.<\/p><\/div>\n\t\t\t\t\t<\/div>\n\t\t\t\t<\/div>\n\t\t\t<\/div>\n\t\t\t<\/div><div class=\"et_d4_element et_pb_column_1_3 et_pb_column et_pb_column_4  et_pb_css_mix_blend_mode et_block_column\">\n\t\t\t\t\n\t\t\t\t\n\t\t\t\t\n\t\t\t\t\n\t\t\t\t<div class=\"et_pb_module et_d4_element et_pb_blurb et_pb_blurb_2 et_clickable  et_pb_text_align_left  et_pb_blurb_position_top et_block_module et_pb_bg_layout_light\">\n\t\t\t\t\n\t\t\t\t\n\t\t\t\t\n\t\t\t\t\n\t\t\t\t<div class=\"et_pb_blurb_content\">\n\t\t\t\t\t<div class=\"et_pb_main_blurb_image et_pb_css_mix_blend_mode\"><span class=\"et_pb_image_wrap et_pb_only_image_mode_wrap\"><img decoding=\"async\" src=\"https:\/\/blogs.uni-bremen.de\/NIEO2\/files\/Richtiges-Verha\u0308ltnis-pascal-meier-KriW_PG-qrI-unsplash1.jpg\" alt=\"Photo by Pascal Meier on Unsplash\" class=\"et-waypoint et_pb_animation_top et_pb_animation_top_tablet et_pb_animation_top_phone\" \/><\/span><\/div>\n\t\t\t\t\t<div class=\"et_pb_blurb_container\">\n\t\t\t\t\t\t<h4 class=\"et_pb_module_header\"><span>Fairer Handel<\/span><\/h4>\n\t\t\t\t\t\t<div class=\"et_pb_blurb_description\"><p>Viele von uns konsumieren regelm\u00e4\u00dfig G\u00fcter mit dem Siegel \"Fairtrade\". Aber wo liegen die Grenzen von Fairtrade\u00a0 und wie h\u00e4ngt die Fairtrade-Bewegung mit der NIEO zusammen?<\/p><\/div>\n\t\t\t\t\t<\/div>\n\t\t\t\t<\/div>\n\t\t\t<\/div>\n\t\t\t<\/div><div class=\"et_d4_element et_pb_column_1_3 et_pb_column et_pb_column_5  et_pb_css_mix_blend_mode et-last-child et_block_column\">\n\t\t\t\t\n\t\t\t\t\n\t\t\t\t\n\t\t\t\t\n\t\t\t\t<div class=\"et_pb_module et_d4_element et_pb_blurb et_pb_blurb_3 et_clickable  et_pb_text_align_left  et_pb_blurb_position_top et_block_module et_pb_bg_layout_light\">\n\t\t\t\t\n\t\t\t\t\n\t\t\t\t\n\t\t\t\t\n\t\t\t\t<div class=\"et_pb_blurb_content\">\n\t\t\t\t\t<div class=\"et_pb_main_blurb_image et_pb_css_mix_blend_mode\"><span class=\"et_pb_image_wrap et_pb_only_image_mode_wrap\"><img loading=\"lazy\" decoding=\"async\" width=\"2560\" height=\"1769\" src=\"https:\/\/blogs.uni-bremen.de\/NIEO2\/files\/MST_06142007-scaled.jpg\" alt=\"Photo by Pascal Meier on Unsplash\" srcset=\"https:\/\/blogs.uni-bremen.de\/NIEO2\/files\/MST_06142007-scaled.jpg 2560w, https:\/\/blogs.uni-bremen.de\/NIEO2\/files\/MST_06142007-1280x885.jpg 1280w, https:\/\/blogs.uni-bremen.de\/NIEO2\/files\/MST_06142007-980x677.jpg 980w, https:\/\/blogs.uni-bremen.de\/NIEO2\/files\/MST_06142007-480x332.jpg 480w\" sizes=\"(min-width: 0px) and (max-width: 480px) 480px, (min-width: 481px) and (max-width: 980px) 980px, (min-width: 981px) and (max-width: 1280px) 1280px, (min-width: 1281px) 2560px, 100vw\" class=\"et-waypoint et_pb_animation_top et_pb_animation_top_tablet et_pb_animation_top_phone wp-image-413\" \/><\/span><\/div>\n\t\t\t\t\t<div class=\"et_pb_blurb_container\">\n\t\t\t\t\t\t<h4 class=\"et_pb_module_header\"><span>Die Brasilianische Landlosenbewegung MST<\/span><\/h4>\n\t\t\t\t\t\t<div class=\"et_pb_blurb_description\"><p>Ein Beispiel f\u00fcr das Weiterleben der Ideen der NIEO ist die brasiliansiche Landlosenbewegung, der <em>Movimento dos Trabalhadores Rurais Sem Terra<\/em> (MST), die Ans\u00e4tze f\u00fcr eine neue Landwirtschaft entwickelt.<\/p><\/div>\n\t\t\t\t\t<\/div>\n\t\t\t\t<\/div>\n\t\t\t<\/div>\n\t\t\t<\/div>\n\t\t\t\t\n\t\t\t\t\n\t\t\t\t\n\t\t\t\t\n\t\t\t<\/div>\n\t\t\t\t\n\t\t\t\t\n\t\t\t<\/div><\/p>\n","protected":false},"excerpt":{"rendered":"","protected":false},"author":8721,"featured_media":0,"parent":0,"menu_order":0,"comment_status":"closed","ping_status":"closed","template":"","meta":{"_bbp_topic_count":0,"_bbp_reply_count":0,"_bbp_total_topic_count":0,"_bbp_total_reply_count":0,"_bbp_voice_count":0,"_bbp_anonymous_reply_count":0,"_bbp_topic_count_hidden":0,"_bbp_reply_count_hidden":0,"_bbp_forum_subforum_count":0,"_et_pb_use_builder":"on","_et_pb_old_content":"","_et_gb_content_width":"","footnotes":""},"class_list":["post-499","page","type-page","status-publish","hentry"],"_links":{"self":[{"href":"https:\/\/blogs.uni-bremen.de\/NIEO2\/wp-json\/wp\/v2\/pages\/499","targetHints":{"allow":["GET"]}}],"collection":[{"href":"https:\/\/blogs.uni-bremen.de\/NIEO2\/wp-json\/wp\/v2\/pages"}],"about":[{"href":"https:\/\/blogs.uni-bremen.de\/NIEO2\/wp-json\/wp\/v2\/types\/page"}],"author":[{"embeddable":true,"href":"https:\/\/blogs.uni-bremen.de\/NIEO2\/wp-json\/wp\/v2\/users\/8721"}],"replies":[{"embeddable":true,"href":"https:\/\/blogs.uni-bremen.de\/NIEO2\/wp-json\/wp\/v2\/comments?post=499"}],"version-history":[{"count":9,"href":"https:\/\/blogs.uni-bremen.de\/NIEO2\/wp-json\/wp\/v2\/pages\/499\/revisions"}],"predecessor-version":[{"id":539,"href":"https:\/\/blogs.uni-bremen.de\/NIEO2\/wp-json\/wp\/v2\/pages\/499\/revisions\/539"}],"wp:attachment":[{"href":"https:\/\/blogs.uni-bremen.de\/NIEO2\/wp-json\/wp\/v2\/media?parent=499"}],"curies":[{"name":"wp","href":"https:\/\/api.w.org\/{rel}","templated":true}]}}