{"id":88,"date":"2017-10-03T12:11:11","date_gmt":"2017-10-03T10:11:11","guid":{"rendered":"http:\/\/3wot.relatris.ch\/?page_id=88"},"modified":"2018-04-27T10:06:31","modified_gmt":"2018-04-27T08:06:31","slug":"melde-dich-fuer-diesen-kurs-an","status":"publish","type":"page","link":"https:\/\/blogs.uni-bremen.de\/3wot\/melde-dich-fuer-diesen-kurs-an\/","title":{"rendered":"Vor dem Kurs Teil 2: Melde Dich f\u00fcr diesen Kurs an und w\u00e4hle ein Thema."},"content":{"rendered":"<p>Um Dich f\u00fcr diesen Kurs anzumelden, <a href=\"https:\/\/blogs.uni-bremen.de\/3wot\/erstelle-ein-twitter-profil\/\">brauchst Du ein Profil<\/a>\u00a0.<\/p>\n<p>Melde dich mit einem Tweet an: Bevor Du loslegst, \u00fcberlege kurz:<\/p>\n<p><span style=\"font-size: 1rem\">Was suchst\u00a0Du auf Twitter? Zu welchem Thema m\u00f6chtest Du mehr wissen und Dich austauschen?<\/span><\/p>\n<p>Definiere f\u00fcr Dich ein erstes\u00a0<strong>Interessengebiet<\/strong>. Das kann alles m\u00f6gliche sein- Dein Forschungsgebiet (Logistik, Gr\u00fcndungsmanagement, Zellbiologie), Dein Hobby (Klettern, Kochen, Segeln), Deine Interessen (Digitalisierung in der Lehre, Englische Literatur, die Kardashians), Dein liebstes\u00a0Urlaubsziel, oder oder oder.<\/p>\n<p><strong>Stell Dir ganz einfach vor, Du stehst in einem riesigen Kiosk und willst ein Fachmagazin kaufen. Zu welchem Thema w\u00e4re dieses?<\/strong><\/p>\n<p><img loading=\"lazy\" decoding=\"async\" class=\"aligncenter size-full wp-image-434\" src=\"https:\/\/blogs.uni-bremen.de\/3wot\/files\/2017\/10\/charisse-kenion-517654-unsplash-e1519141639218.jpg\" alt=\"\" width=\"1197\" height=\"209\" srcset=\"https:\/\/blogs.uni-bremen.de\/3wot\/files\/2017\/10\/charisse-kenion-517654-unsplash-e1519141639218.jpg 1197w, https:\/\/blogs.uni-bremen.de\/3wot\/files\/2017\/10\/charisse-kenion-517654-unsplash-e1519141639218-300x52.jpg 300w, https:\/\/blogs.uni-bremen.de\/3wot\/files\/2017\/10\/charisse-kenion-517654-unsplash-e1519141639218-768x134.jpg 768w, https:\/\/blogs.uni-bremen.de\/3wot\/files\/2017\/10\/charisse-kenion-517654-unsplash-e1519141639218-1024x179.jpg 1024w\" sizes=\"auto, (max-width: 1197px) 100vw, 1197px\" \/><\/p>\n<p><big>Nun loggst Du Dich auf Twitter ein und sendest diesen Tweet:\u00a0<\/big><\/p>\n<p><big><em><strong>Hallo @dreiwot, ich m\u00f6chte\u00a0gerne am Kurs teilnehmen. Mich interessiert speziell &#8230;&#8230;.<\/strong> <\/em><\/big><\/p>\n<p><span style=\"font-size: 10pt\"><big>Wir\u00a0werden Dir dann antworten, und Du bist beim Kurs dabei! Ab jetzt kriegst Du regelm\u00e4ssig Tweets von uns, die Dich weiter durch den Kurs leiten. <\/big><\/span><\/p>\n<p><small>Photo by <a href=\"https:\/\/unsplash.com\/photos\/cJkVMAKDYl0?utm_source=unsplash&amp;utm_medium=referral&amp;utm_content=creditCopyText\">Charisse Kenion<\/a> on <a href=\"https:\/\/unsplash.com\/search\/photos\/magazines?utm_source=unsplash&amp;utm_medium=referral&amp;utm_content=creditCopyText\">Unsplash<\/a><\/small><\/p>\n","protected":false},"excerpt":{"rendered":"<p>Um Dich f\u00fcr diesen Kurs anzumelden, brauchst Du ein Profil\u00a0. Melde dich mit einem Tweet an: Bevor Du loslegst, \u00fcberlege kurz: Was suchst\u00a0Du auf Twitter? Zu welchem Thema m\u00f6chtest Du mehr wissen und Dich austauschen? Definiere f\u00fcr Dich ein erstes\u00a0Interessengebiet. Das kann alles m\u00f6gliche sein- Dein Forschungsgebiet (Logistik, Gr\u00fcndungsmanagement, Zellbiologie), Dein Hobby (Klettern, Kochen, Segeln), [&hellip;]<\/p>\n","protected":false},"author":9514,"featured_media":0,"parent":0,"menu_order":0,"comment_status":"closed","ping_status":"closed","template":"","meta":{"_bbp_topic_count":0,"_bbp_reply_count":0,"_bbp_total_topic_count":0,"_bbp_total_reply_count":0,"_bbp_voice_count":0,"_bbp_anonymous_reply_count":0,"_bbp_topic_count_hidden":0,"_bbp_reply_count_hidden":0,"_bbp_forum_subforum_count":0,"footnotes":""},"class_list":["post-88","page","type-page","status-publish","hentry"],"_links":{"self":[{"href":"https:\/\/blogs.uni-bremen.de\/3wot\/wp-json\/wp\/v2\/pages\/88","targetHints":{"allow":["GET"]}}],"collection":[{"href":"https:\/\/blogs.uni-bremen.de\/3wot\/wp-json\/wp\/v2\/pages"}],"about":[{"href":"https:\/\/blogs.uni-bremen.de\/3wot\/wp-json\/wp\/v2\/types\/page"}],"author":[{"embeddable":true,"href":"https:\/\/blogs.uni-bremen.de\/3wot\/wp-json\/wp\/v2\/users\/9514"}],"replies":[{"embeddable":true,"href":"https:\/\/blogs.uni-bremen.de\/3wot\/wp-json\/wp\/v2\/comments?post=88"}],"version-history":[{"count":8,"href":"https:\/\/blogs.uni-bremen.de\/3wot\/wp-json\/wp\/v2\/pages\/88\/revisions"}],"predecessor-version":[{"id":599,"href":"https:\/\/blogs.uni-bremen.de\/3wot\/wp-json\/wp\/v2\/pages\/88\/revisions\/599"}],"wp:attachment":[{"href":"https:\/\/blogs.uni-bremen.de\/3wot\/wp-json\/wp\/v2\/media?parent=88"}],"curies":[{"name":"wp","href":"https:\/\/api.w.org\/{rel}","templated":true}]}}