{"id":74,"date":"2017-10-03T11:30:00","date_gmt":"2017-10-03T09:30:00","guid":{"rendered":"http:\/\/3wot.relatris.ch\/?page_id=74"},"modified":"2018-04-19T11:02:03","modified_gmt":"2018-04-19T09:02:03","slug":"erstelle-ein-twitter-profil","status":"publish","type":"page","link":"https:\/\/blogs.uni-bremen.de\/3wot\/erstelle-ein-twitter-profil\/","title":{"rendered":"Vor dem Kurs Teil 1: Erstelle ein Twitter Profil"},"content":{"rendered":"<blockquote><p>Diese Aufgabe erledigst Du schon vor dem Kurs. Du brauchst ein Twitter Profil, um Dich f\u00fcr den Kurs anzumelden.\u00a0Hast Du Schwierigkeiten mit dieser Aufgabe, hinterlasse unten einen Kommentar oder melde Dich bei uns via <a href=\"https:\/\/blogs.uni-bremen.de\/3wot\/kontakt\/\">email<\/a>. Hast Du bereits ein Twitter Profil, geht es direkt zum n\u00e4chsten Schritt:\u00a0<a href=\"https:\/\/blogs.uni-bremen.de\/3wot\/melde-dich-fuer-diesen-kurs-an\/\">Setze ein Thema und melde Dich f\u00fcr diesen Kurs an<\/a>.<\/p><\/blockquote>\n<h4>Einfach mal beginnen<\/h4>\n<p>Ein Twitter Profil zu erstellen, ist nicht schwierig. Nat\u00fcrlich kannst Du auch ohne eigenes Profil\u00a0auf Twitter anderen Nutzern zusehen.\u00a0Aber um Nutzern zu folgen, ihre Tweets weiterzuleiten oder zu kommentieren und mit ihnen ins Gespr\u00e4ch zu kommen, brauchst Du ein login. Und\u00a0darum geht es ja bei Twitter: <strong>Sich ein Netzwerk aufbauen und sich mit den Menschen auszutauschen.<\/strong><\/p>\n<p>Gehst Du zum ersten Mal auf <a href=\"https:\/\/twitter.com\/\" target=\"_blank\" rel=\"noopener noreferrer\">Twitter<\/a>, brauchst Du Deinen\u00a0Namen, eine Email-Adresse und ein Passwort. Dann kannst Du mit dem Profil beginnen. Du brauchst<\/p>\n<ul>\n<li>einen <strong>Twitter Namen (@name)<\/strong>, mit dem Dich die Leute identifizieren und an den sie Nachrichten an Dich schicken<\/li>\n<li>ein <strong>Avatar oder Profilbild<\/strong>, so dass andere Nutzer Deine Tweets in ihrem Stream gleich erkennen<\/li>\n<li>einige <strong>Informationen<\/strong> \u00fcber Dich, wie zum Beispiel Deinen Ort und deine Webseite<\/li>\n<li>eine <strong>Kurzbiographie<\/strong> in 160 Zeichen, die erkl\u00e4rt, wer Du bist und warum Du f\u00fcr andere Leute interessant sein k\u00f6nntest<\/li>\n<li>ein <strong>Kopfbild<\/strong>, das zus\u00e4tzlich etwas \u00fcber Dich aussagt und Dir eine gut aussehende Profilseite gibt<\/li>\n<\/ul>\n<p>Das Profil ist nicht in Stein gemeisselt, Du kannst es jederzeit \u00e4ndern. <strong>Beginne daher einfach mal und passe es sp\u00e4ter an.<\/strong>\u00a0\u00dcberspringe aber\u00a0den Teil, in dem Du bereits auf Twitter Leute suchen sollst, denen Du folgen kannst. Dies machen wir\u00a0sp\u00e4ter gemeinsam.<\/p>\n<p>Twitter erlaubt -anders als Facebook oder LinkedIn- mehrere Profile. So habe ich ein pers\u00f6nliches Konto,\u00a0<a href=\"https:\/\/twitter.com\/mcschlatter\" target=\"_blank\" rel=\"noopener noreferrer\">@mcschlatter<\/a>, und eines f\u00fcr diesen Kurs,\u00a0<a href=\"https:\/\/twitter.com\/dreiwot\" target=\"_blank\" rel=\"noopener noreferrer\">@dreiwot\u00a0<\/a><small>(da Twitter keine Namen mit Twitter erlaubt, wurde es eine Kurzform).\u00a0<\/small>\u00a0Du kannst auch ein Profil machen f\u00fcr ein bestimmtes Event\u00a0wie das <a href=\"https:\/\/twitter.com\/WordCampBern\" target=\"_blank\" rel=\"noopener noreferrer\">WordCamp Bern 17<\/a>, oder f\u00fcr eine Firma, Gruppierung oder Institution wie die <a href=\"https:\/\/twitter.com\/colearn_de\" target=\"_blank\" rel=\"noopener noreferrer\">Corporate Learning Community<\/a>.<\/p>\n<p>Der <strong>@name<\/strong> ist Deine Adresse auf Twitter und erscheint auch in der\u00a0Twitter URL zu Deinem Profil,\u00a0<a href=\"https:\/\/twitter.com\/mcschlatter\" target=\"_blank\" rel=\"noopener noreferrer\">https:\/\/twitter.com\/mcschlatter<\/a>. Du kannst dabei deinen richtigen Namen verwenden, einen abge\u00e4nderten Namen oder ein Pseudonym. Wichtig ist, dass er in irgendeiner Form mit Dir identifizierbar ist, damit Du seri\u00f6s wirkst.<\/p>\n<p>Dein <strong>Profilbild<\/strong>\u00a0dient Deiner schnellen Identifikation. Daher sollte der Inhalt deutlich erkennbar sein- ein Portrait\u00a0von Dir, ein Zeichen, ein Foto.<\/p>\n<p>Die <strong>Kurzbio<\/strong> umfasst nur 160 Zeichen- Du solltest sie ausnutzen! Je mehr Informationen \u00fcber Deine Interessen, Deine Kompetenzen, Deine Ideen, desto\u00a0ansprechender und interessanter bist Du f\u00fcr andere Nutzer. Am Anfang bist Du Dir vielleicht unsicher, wie Du Dich beschreiben sollst. Mit der Zeit siehst Du viele andere Twitter Profile und kriegst eine immer bessere Vorstellung davon, was Dich ausmacht.\u00a0Du kannst die Kurzbio dann jederzeit anpassen.<\/p>\n<p>Du kannst Deinen Twitter Account direkt mit Facebook verbinden. Denke dar\u00fcber nach, ob Du das wirklich willst. Sind es die gleichen Leute, die Du auf Facebook und Twitter ansprechen willst?<\/p>\n<h4>Kopfbild beif\u00fcgen und Informationen \u00e4ndern<\/h4>\n<p><img loading=\"lazy\" decoding=\"async\" class=\"aligncenter size-full wp-image-209\" src=\"https:\/\/blogs.uni-bremen.de\/3wot\/files\/2017\/10\/Screen-Shot-2017-10-05-at-15.36.35.png\" alt=\"\" width=\"1268\" height=\"460\" srcset=\"https:\/\/blogs.uni-bremen.de\/3wot\/files\/2017\/10\/Screen-Shot-2017-10-05-at-15.36.35.png 1268w, https:\/\/blogs.uni-bremen.de\/3wot\/files\/2017\/10\/Screen-Shot-2017-10-05-at-15.36.35-300x109.png 300w, https:\/\/blogs.uni-bremen.de\/3wot\/files\/2017\/10\/Screen-Shot-2017-10-05-at-15.36.35-768x279.png 768w, https:\/\/blogs.uni-bremen.de\/3wot\/files\/2017\/10\/Screen-Shot-2017-10-05-at-15.36.35-1024x371.png 1024w\" sizes=\"auto, (max-width: 1268px) 100vw, 1268px\" \/><\/p>\n<p>Um ein Kopfbild beizuf\u00fcgen oder die eingegebenen Informationen zu \u00e4ndern, klickst Du den Edit Profile button an. Am Schluss &#8222;Save Changes&#8220; dr\u00fccken.<\/p>\n<p><img loading=\"lazy\" decoding=\"async\" class=\"aligncenter size-full wp-image-210\" src=\"https:\/\/blogs.uni-bremen.de\/3wot\/files\/2017\/10\/Screen-Shot-2017-10-05-at-15.38.47.png\" alt=\"\" width=\"1237\" height=\"533\" srcset=\"https:\/\/blogs.uni-bremen.de\/3wot\/files\/2017\/10\/Screen-Shot-2017-10-05-at-15.38.47.png 1237w, https:\/\/blogs.uni-bremen.de\/3wot\/files\/2017\/10\/Screen-Shot-2017-10-05-at-15.38.47-300x129.png 300w, https:\/\/blogs.uni-bremen.de\/3wot\/files\/2017\/10\/Screen-Shot-2017-10-05-at-15.38.47-768x331.png 768w, https:\/\/blogs.uni-bremen.de\/3wot\/files\/2017\/10\/Screen-Shot-2017-10-05-at-15.38.47-1024x441.png 1024w\" sizes=\"auto, (max-width: 1237px) 100vw, 1237px\" \/><\/p>\n<h4>Andere Informationen \u00e4ndern<\/h4>\n<p>Um weitere Informationen zu \u00e4ndern, klickst Du auf das kleine Profilbild von Dir und w\u00e4hlst Settings and Privacy.<\/p>\n<p><img loading=\"lazy\" decoding=\"async\" class=\"aligncenter size-full wp-image-211\" src=\"https:\/\/blogs.uni-bremen.de\/3wot\/files\/2017\/10\/Screen-Shot-2017-10-05-at-15.39.57.png\" alt=\"\" width=\"1214\" height=\"387\" srcset=\"https:\/\/blogs.uni-bremen.de\/3wot\/files\/2017\/10\/Screen-Shot-2017-10-05-at-15.39.57.png 1214w, https:\/\/blogs.uni-bremen.de\/3wot\/files\/2017\/10\/Screen-Shot-2017-10-05-at-15.39.57-300x96.png 300w, https:\/\/blogs.uni-bremen.de\/3wot\/files\/2017\/10\/Screen-Shot-2017-10-05-at-15.39.57-768x245.png 768w, https:\/\/blogs.uni-bremen.de\/3wot\/files\/2017\/10\/Screen-Shot-2017-10-05-at-15.39.57-1024x326.png 1024w\" sizes=\"auto, (max-width: 1214px) 100vw, 1214px\" \/><\/p>\n<p>Dort kannst Du Deinen @namen anpassen oder Dein Passwort \u00e4ndern, die H\u00e4ufigkeit der email Benachrichtigungen einstellen, Deinen Stream anpassen, oder Deine Twitter Daten einsehen. Mehr Informationen dazu findest Du im <a href=\"https:\/\/support.twitter.com\/categories\/282\" target=\"_blank\" rel=\"noopener noreferrer\">Twitter Support<\/a>.<\/p>\n<p><big>N\u00e4chster Schritt vor dem Kurs: <a href=\"https:\/\/blogs.uni-bremen.de\/3wot\/melde-dich-fuer-diesen-kurs-an\/\">Setze ein Thema und melde Dich f\u00fcr diesen Kurs an<\/a><\/big><\/p>\n","protected":false},"excerpt":{"rendered":"<p>Diese Aufgabe erledigst Du schon vor dem Kurs. Du brauchst ein Twitter Profil, um Dich f\u00fcr den Kurs anzumelden.\u00a0Hast Du Schwierigkeiten mit dieser Aufgabe, hinterlasse unten einen Kommentar oder melde Dich bei uns via email. Hast Du bereits ein Twitter Profil, geht es direkt zum n\u00e4chsten Schritt:\u00a0Setze ein Thema und melde Dich f\u00fcr diesen Kurs [&hellip;]<\/p>\n","protected":false},"author":9514,"featured_media":0,"parent":0,"menu_order":0,"comment_status":"open","ping_status":"closed","template":"","meta":{"_bbp_topic_count":0,"_bbp_reply_count":0,"_bbp_total_topic_count":0,"_bbp_total_reply_count":0,"_bbp_voice_count":0,"_bbp_anonymous_reply_count":0,"_bbp_topic_count_hidden":0,"_bbp_reply_count_hidden":0,"_bbp_forum_subforum_count":0,"footnotes":""},"class_list":["post-74","page","type-page","status-publish","hentry"],"_links":{"self":[{"href":"https:\/\/blogs.uni-bremen.de\/3wot\/wp-json\/wp\/v2\/pages\/74","targetHints":{"allow":["GET"]}}],"collection":[{"href":"https:\/\/blogs.uni-bremen.de\/3wot\/wp-json\/wp\/v2\/pages"}],"about":[{"href":"https:\/\/blogs.uni-bremen.de\/3wot\/wp-json\/wp\/v2\/types\/page"}],"author":[{"embeddable":true,"href":"https:\/\/blogs.uni-bremen.de\/3wot\/wp-json\/wp\/v2\/users\/9514"}],"replies":[{"embeddable":true,"href":"https:\/\/blogs.uni-bremen.de\/3wot\/wp-json\/wp\/v2\/comments?post=74"}],"version-history":[{"count":8,"href":"https:\/\/blogs.uni-bremen.de\/3wot\/wp-json\/wp\/v2\/pages\/74\/revisions"}],"predecessor-version":[{"id":579,"href":"https:\/\/blogs.uni-bremen.de\/3wot\/wp-json\/wp\/v2\/pages\/74\/revisions\/579"}],"wp:attachment":[{"href":"https:\/\/blogs.uni-bremen.de\/3wot\/wp-json\/wp\/v2\/media?parent=74"}],"curies":[{"name":"wp","href":"https:\/\/api.w.org\/{rel}","templated":true}]}}