{"id":47,"date":"2017-10-02T13:14:41","date_gmt":"2017-10-02T11:14:41","guid":{"rendered":"http:\/\/3wot.relatris.ch\/?page_id=47"},"modified":"2018-05-15T15:25:00","modified_gmt":"2018-05-15T13:25:00","slug":"willkommen","status":"publish","type":"page","link":"https:\/\/blogs.uni-bremen.de\/3wot\/","title":{"rendered":"Willkommen bei 3 Wochen Twitter #dreiwot!"},"content":{"rendered":"<p><span style=\"color: #000000\">Drei Wochen Twitter, kurz #dreiwot ist ein offener, kostenfreier Online-Kurs, der zum Experimentieren mit Twitter einl\u00e4dt. In kurzen Aktivit\u00e4ten w\u00e4hrend 3 Wochen wirst Du die Arbeitsweise von Twitter gemeinsam mit anderen Teilnehmenden erleben mit dem Ziel, dir ein pers\u00f6nliches Wissensnetz aufzubauen. <span style=\"float: none;background-color: transparent;cursor: text;font-family: 'Open Sans',Helvetica,Arial,sans-serif;font-size: 14px;font-style: normal;font-variant: normal;font-weight: 400;letter-spacing: normal;text-align: left;text-decoration: none;text-indent: 0px\">Der Kurs soll Dir dabei helfen, Twitter als Lernwerkzeug kennenzulernen und f\u00fcr Dich\u00a0selbst zu nutzen.<\/span><\/span><\/p>\n<table>\n<tbody>\n<tr>\n<td><span style=\"font-size: 12pt\"><strong>Virtuelle Auftaktveranstaltung vom\u00a0Dienstag 15.5.2018.<br \/>\n<\/strong><\/span>Am 15.5. fand die virtuelle Auftaktveranstaltung statt, an der wir das #dreiwot Projekt vorgestellt und Angaben zu den drei Kurswochen gemacht haben. Anschliessend konnten einige Fragen beantwortet und Anregungen entgegengenommen werden. Die Aufzeichnung steht unter <a href=\"https:\/\/collab.switch.ch\/p3ciqqrkreb\/\">https:\/\/collab.switch.ch\/p3ciqqrkreb\/<\/a> zur Verf\u00fcgung.<\/td>\n<\/tr>\n<\/tbody>\n<\/table>\n<p><strong>Der Kurs startet danach am 22. Mai 2018 und dauert bis zum 11. Juni 2018.<\/strong><\/p>\n<p>Wir haben uns entschieden, die Teilnehmenden von #dreiwot mit &#8222;Du&#8220; anzusprechen.<br \/>\nAngeregt durch die \u00fcbliche Verwendung des &#8218;Du&#8216; im Bereich von Open Educational Resources (OER), schlagen wir auch Dirf\u00fcr diesen Kurs das DU vor.<br \/>\nFalls Du Dich mit dem &#8218;Du&#8216; unwohl f\u00fchlst, sag uns bitte Bescheid.<\/p>\n<p>Der Kurs lebt von Offenheit und dem Austausch. Wir freuen uns auf zahlreiche Tweets und Fragen.<\/p>\n<p><strong>Wie funktioniert #dreiwot?<br \/>\n<\/strong>W\u00e4hrend den 3 Wochen werden 10 kleine Aufgaben zu jeweils einem Aspekt von Twitter sowie Hinweise f\u00fcr die Nutzung im Bildungskontext getellt. Die Aufgaben werden auf dieser Seite ver\u00f6ffentlicht. F\u00fcr jede Aufgabe stehen Dir 3 Tage zur Verf\u00fcgung, dabei kannst Du mit anderen Teilnehmenden auf Twitter interagieren. Bei #dreiwot Drei Wochen Twitter geht es auch darum, Deine professionelle(n) Twitter-Community \/ Twitter-Communities zu entdecken und sich zu vernetzen. Dies braucht ein wenig Zeit.<\/p>\n<p>Wir empfehlen Dir auch einige Minuten damit zu verbringen durch die Twitter-Feeds von anderen Nutzerinnen und Nutzern zu st\u00f6bern und zu schauen, wie sie Twitter nutzen und welche Informationen sie auf welche Art teilen.<\/p>\n<p><strong><em>Twitter is both about what you have to say, but also what you can learn from others.<\/em><\/strong><\/p>\n<p>Ebenso sind wir als Begleiterinnen auf Twitter pr\u00e4sent und unters\u00fctzen Dich mit Tweets, Ermutigungen, Hinweisen, beantworten Fragen und stellen n\u00fctzliche Informationen bereit.<\/p>\n<p><strong>Wie melde ich mich zum #dreiwot Kurs an?<br \/>\n<\/strong>Um Dich f\u00fcr den #dreiwot Kurs anzumelden, brauchst Du ein Twitter Profil. Du kannst schon jetzt ein Twitter Profil erstellen oder noch etwas warten. Idealerweise solltest du dein Twitter Profil ein paar Tage vor dem Kurstart 22. Mai 2018 erstellen.<br \/>\nHier findest du Informationen zur <a href=\"https:\/\/blogs.uni-bremen.de\/3wot\/erstelle-ein-twitter-profil\/\">Anmeldung<\/a>.<\/p>\n<p>Hast du Fragen? Schreibe uns direkt an.<\/p>\n<p><strong>Kontakt:<\/strong><\/p>\n<p>Universit\u00e4t Bremen<br \/>\nZentrum f\u00fcr Multimedia in der Lehre<br \/>\nFranziska Richter<br \/>\n<a href=\"mai&#108;&#116;&#111;&#58;&#x72;&#x69;&#x63;&#x68;&#x74;&#x65;&#x72;&#64;zm&#109;&#108;&#46;&#117;&#110;&#x69;&#x2d;&#x62;&#x72;&#x65;&#x6d;en&#46;d&#101;\">&#x72;&#105;c&#x68;&#116;e&#x72;&#64;z&#x6d;&#109;l&#x2e;&#117;n&#x69;&#45;b&#x72;&#101;m&#x65;&#110;&#46;&#x64;&#101;<\/a><\/p>\n<p>Hochschule Luzern<br \/>\nZentrum Lernen und Lehren<br \/>\nCinzia Gabellini<br \/>\n<a href=\"&#109;&#x61;i&#x6c;t&#111;&#x3a;&#99;&#x69;n&#122;&#x69;&#97;&#x2e;g&#x61;&#x62;&#101;&#x6c;l&#x69;n&#105;&#x40;&#104;&#x73;l&#117;&#x2e;&#99;&#x68;\">&#99;&#x69;n&#x7a;&#x69;&#97;&#x2e;g&#x61;&#x62;&#101;&#x6c;l&#x69;&#x6e;&#105;&#x40;h&#x73;&#x6c;&#117;&#x2e;c&#x68;<\/a><\/p>\n<p><em>Der Kurs basiert auf dem Angebot\u00a0<a href=\"https:\/\/10daysoftwitter.wordpress.com\" target=\"_blank\" rel=\"noopener noreferrer\">&#8222;10 Days of Twitter&#8220;<\/a> von Dr. Helen Webster (CC-BY-NC-SA), welches bereits an diversen Institutionen durchgef\u00fchrt wurde. Diese Version mit dem Kennzeichen #dreiwot ist f\u00fcr das l\u00e4nder\u00fcbergreifende Angebot der <a href=\"https:\/\/www.uni-bremen.de\/zmml\" target=\"_blank\" rel=\"noopener\">Universit\u00e4t Bremen,<\/a>\u00a0 <a href=\"https:\/\/hslu.ch\/zll\" target=\"_blank\" rel=\"noopener\">Hochschule Luzern<\/a> und weiteren PartnerInnen angepasst und ins Deutsche \u00fcbersetzt.<\/em><\/p>\n","protected":false},"excerpt":{"rendered":"<p>Drei Wochen Twitter, kurz #dreiwot ist ein offener, kostenfreier Online-Kurs, der zum Experimentieren mit Twitter einl\u00e4dt. In kurzen Aktivit\u00e4ten w\u00e4hrend 3 Wochen wirst Du die Arbeitsweise von Twitter gemeinsam mit anderen Teilnehmenden erleben mit dem Ziel, dir ein pers\u00f6nliches Wissensnetz aufzubauen. Der Kurs soll Dir dabei helfen, Twitter als Lernwerkzeug kennenzulernen und f\u00fcr Dich\u00a0selbst zu [&hellip;]<\/p>\n","protected":false},"author":9514,"featured_media":0,"parent":0,"menu_order":0,"comment_status":"closed","ping_status":"closed","template":"","meta":{"_bbp_topic_count":0,"_bbp_reply_count":0,"_bbp_total_topic_count":0,"_bbp_total_reply_count":0,"_bbp_voice_count":0,"_bbp_anonymous_reply_count":0,"_bbp_topic_count_hidden":0,"_bbp_reply_count_hidden":0,"_bbp_forum_subforum_count":0,"footnotes":""},"class_list":["post-47","page","type-page","status-publish","hentry"],"_links":{"self":[{"href":"https:\/\/blogs.uni-bremen.de\/3wot\/wp-json\/wp\/v2\/pages\/47","targetHints":{"allow":["GET"]}}],"collection":[{"href":"https:\/\/blogs.uni-bremen.de\/3wot\/wp-json\/wp\/v2\/pages"}],"about":[{"href":"https:\/\/blogs.uni-bremen.de\/3wot\/wp-json\/wp\/v2\/types\/page"}],"author":[{"embeddable":true,"href":"https:\/\/blogs.uni-bremen.de\/3wot\/wp-json\/wp\/v2\/users\/9514"}],"replies":[{"embeddable":true,"href":"https:\/\/blogs.uni-bremen.de\/3wot\/wp-json\/wp\/v2\/comments?post=47"}],"version-history":[{"count":11,"href":"https:\/\/blogs.uni-bremen.de\/3wot\/wp-json\/wp\/v2\/pages\/47\/revisions"}],"predecessor-version":[{"id":648,"href":"https:\/\/blogs.uni-bremen.de\/3wot\/wp-json\/wp\/v2\/pages\/47\/revisions\/648"}],"wp:attachment":[{"href":"https:\/\/blogs.uni-bremen.de\/3wot\/wp-json\/wp\/v2\/media?parent=47"}],"curies":[{"name":"wp","href":"https:\/\/api.w.org\/{rel}","templated":true}]}}