{"id":113,"date":"2018-05-07T13:40:55","date_gmt":"2018-05-07T11:40:55","guid":{"rendered":"http:\/\/3wot.relatris.ch\/?page_id=113"},"modified":"2018-05-30T08:53:54","modified_gmt":"2018-05-30T06:53:54","slug":"aufgabe-7-finde-und-nutze-hashtags","status":"publish","type":"page","link":"https:\/\/blogs.uni-bremen.de\/3wot\/aufgabe-7-finde-und-nutze-hashtags\/","title":{"rendered":"Aufgabe 7: Finde und nutze #hashtags"},"content":{"rendered":"<p>Hashtags (mit dem Hash-Symbol #) machen Twitter zu einem hilfreichen und universellem Werkzeug. Sie wurden zu Beginn von Nutzern selbst entwickelt und sind heute praktisch als Standard in Twitter integriert, weil sie eben so n\u00fctzlich sind.<\/p>\n<p>Grunds\u00e4tzlich ist der Hashtag eine Form von Metadaten. Ein # vor einem Wort signalisiert, dass es sich um ein Schl\u00fcsselwort irgendeiner Art handelt. <strong>Hashtags helfen Dir, Tweets zu einem bestimmten Thema zu finden<\/strong>. Du kannst also nach allen Tweets suchen, die einen Hashtag enthalten, unabh\u00e4ngig davon, ob Du den Personen folgst oder nicht.<\/p>\n<p><strong>Wie finde ich Hashtags?<\/strong><br \/>\nLies die Tweets der Personen denen Du folgst und finde die #hastags in ihren Tweets. Klicke auf ein #hashtag Wort in einem ihrer Tweets, und Du erh\u00e4ltst automatisch alle Tweets mit diesem #hashtag aufgelistet. Nutze auch das Suchfeld in der Navigationsleiste oben, um nach Themenfelder oder Hashtags zu suchen.<img loading=\"lazy\" decoding=\"async\" class=\"alignleft size-full wp-image-695\" src=\"https:\/\/blogs.uni-bremen.de\/3wot\/files\/2018\/05\/dreiwot_aufgabe-7_searchfield.png\" alt=\"\" width=\"764\" height=\"47\" srcset=\"https:\/\/blogs.uni-bremen.de\/3wot\/files\/2018\/05\/dreiwot_aufgabe-7_searchfield.png 764w, https:\/\/blogs.uni-bremen.de\/3wot\/files\/2018\/05\/dreiwot_aufgabe-7_searchfield-300x18.png 300w, https:\/\/blogs.uni-bremen.de\/3wot\/files\/2018\/05\/dreiwot_aufgabe-7_searchfield-624x38.png 624w\" sizes=\"auto, (max-width: 764px) 100vw, 764px\" \/><\/p>\n<p>&nbsp;<\/p>\n<p>Zu Hashtags gibt es keine Regeln. Jeder kann einen Hashtag kreieren. Ein Hashtag muss ein einzelnes Wort sein, dem ein #-Symbol vorangestellt ist, ohne Leerzeichen oder andere Zeichen. Es muss kein echtes Wort sein &#8211; es kann ein Akronym irgendeiner Art sein, wie <a href=\"https:\/\/twitter.com\/hashtag\/dreiwot?src=hash\" target=\"_blank\" rel=\"noopener\">#dreiwot<\/a>, und es muss von den Leuten, f\u00fcr die es relevant ist, verstanden, bekannt oder erraten werden. Es k\u00f6nnen sogar mehrere W\u00f6rter in einem (was als ein Wort z\u00e4hlt!) zusammengesetzt werden wie z.B. #ILoveTwitter (die einzelnen W\u00f6rter gro\u00df zu schreiben macht den Hashtag lesefreundlich). Wichtig: Der hashtag soll kurz sein, damit er nicht zu viele Zeichen verbraucht!.<\/p>\n<p>Woher wei\u00dft Du, welche Hashtags Du verwenden oder suchen sollst? Du kannst sie selbst kreieren. Es lohnt sich, vor Nutzung eines hashtags kurz zu \u00fcberpr\u00fcfen, f\u00fcr was dieser alles benutzt wird. Hashtags k\u00f6nnen f\u00fcr verschiedene Personen(gruppen) unterschiedliche Dinge bedeuten, z.B. kann ein Kurs-Hashtag wie #dreiwot oder ein Konferenz-Hashtag f\u00fcr Au\u00dfenstehende bedeutungslos sein. Wenn Du selbst einen neuen Hashtag erstellst, f\u00fchre zuerst eine Suche durch und \u00fcberpr\u00fcfe, ob er schon einmal verwendet wurde und in welchem Kontext er verwendet wird.<\/p>\n<p>Im\u00a0 Bildungsbereich sind Hashtags sinnvoll f\u00fcr \u2026<\/p>\n<p><strong>Offene erweiterte Diskussion<\/strong><br \/>\nJemand beginnt eine Diskussion \u00fcber ein Thema auf Twitter. Die Diskussion ist offen f\u00fcr alle und mit einem \u00a0gemeinsamen Hashtag zusammengef\u00fchrt. Zum Beispiel wird <a href=\"https:\/\/twitter.com\/search?f=tweets&amp;vertical=default&amp;q=%23oer&amp;src=typd\" target=\"_blank\" rel=\"noopener\">#oer<\/a> genutzt,\u00a0 um Ressourcen, Richtlinien und Gedanken zu Open Educational Resources auszutauschen und so der \u00d6ffentlichkeit einen Einblick in dieses Thema zu geben.<\/p>\n<p><strong>Livetweeting<\/strong><br \/>\nAn einer Veranstaltung live zu twittern bedeutet, w\u00e4hrend der Teilnahme in Echtzeit zu berichten. An Konferenzen oder Seminaren wird h\u00e4ufig live getwittert. Der Veranstalter gibt einen im Voraus definierten Hashtag bekannt. Dies erm\u00f6glicht vor, w\u00e4hrend und nach der Veranstaltung sich auszutauschen, z.B. wer dort sein wird, was gerade pr\u00e4sentiert wird, Folgefragen usw. Ein gutes Beispiel daf\u00fcr ist die Konferenz #eduhubdays17 Anfang 2017.<\/p>\n<p><strong>Livechat<\/strong><br \/>\nEin Live-Chat ist ein Gespr\u00e4ch auf Twitter, das in Echtzeit stattfindet. Ein Thema, Zeit und ein Hashtag wird von den Leitern vereinbart, Interessierte k\u00f6nnen sich zum gleichen Zeitpunkt einschalten und mitmachen.. Livechats bieten einen unkomplizierter Weg, zu diskutieren, neue Kontakte zu kn\u00fcpfen und Erfahrungen auszutauschen. Beliebt sind der <a href=\"https:\/\/twitter.com\/search?q=%23LTHEchat&amp;src=typd\" target=\"_blank\" rel=\"noopener\">#LTHEchat<\/a>, ein w\u00f6chentlicher Chat f\u00fcr Dozierende im Hochschulbereich, sowie der <a href=\"https:\/\/twitter.com\/search?f=tweets&amp;vertical=default&amp;q=%23EDchatDE&amp;src=tyah\" target=\"_blank\" rel=\"noopener\">#EdchatDE<\/a>, der deutsche Twitter-Chat f\u00fcr Lehrende. Klicke auf die beiden Hashtags und schau was das letzte Mal diskutiert wurde.<\/p>\n<div class=\"aufgabe\">Aktivit\u00e4t<br \/>\nF\u00fcr die n\u00e4chsten Tage finde einige Themen, die Dich interessieren und lass es uns wissen! Wenn Du gute Hashtag-Diskussionen oder eine Konferenz (kann ein bevorstehendes oder vergangenes Ereignis sein) findest, teile sie mit uns. Und vergiss nicht, Deine Tweets mit #dreiwot zu kennzeichnen!<\/div>\n<p>Wir freuen uns auf Deine #hashtag Tweets.<\/p>\n","protected":false},"excerpt":{"rendered":"<p>Hashtags (mit dem Hash-Symbol #) machen Twitter zu einem hilfreichen und universellem Werkzeug. Sie wurden zu Beginn von Nutzern selbst entwickelt und sind heute praktisch als Standard in Twitter integriert, weil sie eben so n\u00fctzlich sind. Grunds\u00e4tzlich ist der Hashtag eine Form von Metadaten. Ein # vor einem Wort signalisiert, dass es sich um ein [&hellip;]<\/p>\n","protected":false},"author":9514,"featured_media":0,"parent":0,"menu_order":0,"comment_status":"closed","ping_status":"closed","template":"","meta":{"_bbp_topic_count":0,"_bbp_reply_count":0,"_bbp_total_topic_count":0,"_bbp_total_reply_count":0,"_bbp_voice_count":0,"_bbp_anonymous_reply_count":0,"_bbp_topic_count_hidden":0,"_bbp_reply_count_hidden":0,"_bbp_forum_subforum_count":0,"footnotes":""},"class_list":["post-113","page","type-page","status-publish","hentry"],"_links":{"self":[{"href":"https:\/\/blogs.uni-bremen.de\/3wot\/wp-json\/wp\/v2\/pages\/113","targetHints":{"allow":["GET"]}}],"collection":[{"href":"https:\/\/blogs.uni-bremen.de\/3wot\/wp-json\/wp\/v2\/pages"}],"about":[{"href":"https:\/\/blogs.uni-bremen.de\/3wot\/wp-json\/wp\/v2\/types\/page"}],"author":[{"embeddable":true,"href":"https:\/\/blogs.uni-bremen.de\/3wot\/wp-json\/wp\/v2\/users\/9514"}],"replies":[{"embeddable":true,"href":"https:\/\/blogs.uni-bremen.de\/3wot\/wp-json\/wp\/v2\/comments?post=113"}],"version-history":[{"count":10,"href":"https:\/\/blogs.uni-bremen.de\/3wot\/wp-json\/wp\/v2\/pages\/113\/revisions"}],"predecessor-version":[{"id":723,"href":"https:\/\/blogs.uni-bremen.de\/3wot\/wp-json\/wp\/v2\/pages\/113\/revisions\/723"}],"wp:attachment":[{"href":"https:\/\/blogs.uni-bremen.de\/3wot\/wp-json\/wp\/v2\/media?parent=113"}],"curies":[{"name":"wp","href":"https:\/\/api.w.org\/{rel}","templated":true}]}}