{"id":8,"date":"2013-08-21T12:08:50","date_gmt":"2013-08-21T10:08:50","guid":{"rendered":"http:\/\/blogs.uni-bremen.de\/30mal30\/?page_id=8"},"modified":"2013-08-27T16:46:10","modified_gmt":"2013-08-27T14:46:10","slug":"kontakt","status":"publish","type":"page","link":"https:\/\/blogs.uni-bremen.de\/30mal30\/kontakt\/","title":{"rendered":"Kontakt"},"content":{"rendered":"<p><em>F\u00fcr Ihre Fragen und Anregungen stehen wir Ihnen gerne zur Verf\u00fcgung.<\/em><\/p>\n<p><strong>Besucheranschrift:<br \/>\n<\/strong>Universit\u00e4t Bremen<\/p>\n<p>Zentrum f\u00fcr Arbeit und Politik<br \/>\nAm Fallturm 1<br \/>\nEingang A oder B\/ 1. Etage<br \/>\n28359 Bremen<\/p>\n<p><strong>Weitere Informationen f\u00fcr Besucher:<br \/>\n<\/strong><a title=\"Lageplan der Universit\u00e4t Bremen\" href=\"http:\/\/www.uni-bremen.de\/universitaet\/die-uni-im-ueberblick\/lageplan.html\"><span style=\"color: #ff9900\">Lageplan der Universit\u00e4t Bremen<\/span><br \/>\n<\/a>Das TAB-Geb\u00e4ude finden Sie in Abschnitt C 4.<\/p>\n<p>Die barrierefreien Zug\u00e4nge zum TAB und weitere Geb\u00e4udeinformationen finden Sie unter folgendem Link:<span style=\"color: #ff9900\"><a title=\"Barrierefreie Zug\u00e4nge zum TAB\" href=\"http:\/\/www.uni-bremen.de\/gebaeude\/building\/266\"><span style=\"color: #ff9900\">http:\/\/www.uni-bremen.de\/gebaeude\/building\/266<\/span><\/a><\/span><\/p>\n<p><strong>Direktion :<br \/>\n<\/strong>Prof. Dr. Andreas Klee<br \/>\nTel.:+49 (0)421 218 56 700<br \/>\nE-Mail:<a href=\"m&#97;&#105;&#x6c;&#x74;o:&#97;&#107;&#x6c;&#x65;e&#64;&#122;&#97;&#x70;&#x2e;un&#105;&#x2d;&#x62;&#x72;e&#109;&#101;&#x6e;&#x2e;&#x64;e\">\u00a0<span style=\"color: #ff9900\">&#x61;&#x6b;&#x6c;&#x65;&#x65;&#x40;&#x7a;&#x61;&#x70;&#x2e;&#x75;&#x6e;&#x69;&#x2d;&#98;&#114;&#101;&#109;&#101;&#110;&#46;&#100;&#101;<\/span><\/a><\/p>\n<p><strong>Sekretariat\/ Verwaltung:<br \/>\n<\/strong>Ulrike Meyerdierks<br \/>\nTel: +49 (0)421 218 56 701<br \/>\nE-Mail:<a href=\"&#x6d;&#97;&#x69;&#x6c;&#116;&#x6f;&#58;%&#x32;&#48;u&#x6c;&#114;i&#x6b;&#101;&#46;&#x6d;&#101;&#x79;&#x65;&#114;&#x64;&#x69;&#101;&#x72;&#107;s&#x40;&#97;a&#x70;&#46;u&#x6e;&#105;-&#x62;&#114;&#x65;&#x6d;&#101;&#x6e;&#x2e;&#100;&#x65;\">\u00a0<span style=\"color: #ff9900\">&#117;&#x6c;&#114;&#x69;&#107;&#x65;&#46;&#x6d;&#101;&#x79;&#101;&#x72;d&#x69;e&#x72;k&#x73;&#64;&#x7a;a&#x70;&#46;&#117;&#x6e;&#105;&#x2d;&#98;&#x72;&#101;&#x6d;&#101;&#x6e;&#46;&#x64;&#101;<\/span><\/a><\/p>\n<p>Christina Volkmer<br \/>\nTel: +49 (0)421 218 56 702<br \/>\nE-Mail:<a href=\"&#109;&#x61;&#105;&#x6c;t&#x6f;:&#99;&#x76;&#111;&#x6c;k&#x6d;e&#114;&#x40;&#97;&#x61;p&#x2e;u&#110;&#x69;&#45;&#x62;r&#x65;m&#101;&#x6e;&#46;&#x64;e\">\u00a0<span style=\"color: #ff9900\">&#x63;&#x76;&#111;l&#x6b;&#x6d;&#x65;&#114;&#64;&#x7a;&#x61;&#x70;&#46;u&#x6e;&#x69;&#x2d;&#98;r&#x65;&#x6d;&#x65;&#110;&#46;&#x64;&#x65;<\/span><\/a><\/p>\n","protected":false},"excerpt":{"rendered":"<p>F\u00fcr Ihre Fragen und Anregungen stehen wir Ihnen gerne zur Verf\u00fcgung. Besucheranschrift: Universit\u00e4t Bremen Zentrum f\u00fcr Arbeit und Politik Am Fallturm 1 Eingang A oder B\/ 1. Etage 28359 Bremen Weitere Informationen f\u00fcr Besucher: Lageplan der Universit\u00e4t Bremen Das TAB-Geb\u00e4ude finden Sie in Abschnitt C 4. Die barrierefreien Zug\u00e4nge zum TAB und weitere Geb\u00e4udeinformationen finden [&hellip;]<\/p>\n","protected":false},"author":1961,"featured_media":0,"parent":0,"menu_order":0,"comment_status":"open","ping_status":"open","template":"","meta":{"_bbp_topic_count":0,"_bbp_reply_count":0,"_bbp_total_topic_count":0,"_bbp_total_reply_count":0,"_bbp_voice_count":0,"_bbp_anonymous_reply_count":0,"_bbp_topic_count_hidden":0,"_bbp_reply_count_hidden":0,"_bbp_forum_subforum_count":0,"footnotes":""},"class_list":["post-8","page","type-page","status-publish","hentry"],"_links":{"self":[{"href":"https:\/\/blogs.uni-bremen.de\/30mal30\/wp-json\/wp\/v2\/pages\/8","targetHints":{"allow":["GET"]}}],"collection":[{"href":"https:\/\/blogs.uni-bremen.de\/30mal30\/wp-json\/wp\/v2\/pages"}],"about":[{"href":"https:\/\/blogs.uni-bremen.de\/30mal30\/wp-json\/wp\/v2\/types\/page"}],"author":[{"embeddable":true,"href":"https:\/\/blogs.uni-bremen.de\/30mal30\/wp-json\/wp\/v2\/users\/1961"}],"replies":[{"embeddable":true,"href":"https:\/\/blogs.uni-bremen.de\/30mal30\/wp-json\/wp\/v2\/comments?post=8"}],"version-history":[{"count":1,"href":"https:\/\/blogs.uni-bremen.de\/30mal30\/wp-json\/wp\/v2\/pages\/8\/revisions"}],"predecessor-version":[{"id":14,"href":"https:\/\/blogs.uni-bremen.de\/30mal30\/wp-json\/wp\/v2\/pages\/8\/revisions\/14"}],"wp:attachment":[{"href":"https:\/\/blogs.uni-bremen.de\/30mal30\/wp-json\/wp\/v2\/media?parent=8"}],"curies":[{"name":"wp","href":"https:\/\/api.w.org\/{rel}","templated":true}]}}