{"id":7,"date":"2013-08-21T12:08:40","date_gmt":"2013-08-21T10:08:40","guid":{"rendered":"http:\/\/blogs.uni-bremen.de\/30mal30\/?page_id=7"},"modified":"2013-08-21T12:57:14","modified_gmt":"2013-08-21T10:57:14","slug":"presse","status":"publish","type":"page","link":"https:\/\/blogs.uni-bremen.de\/30mal30\/presse\/","title":{"rendered":"Presse"},"content":{"rendered":"<p><em>Bisher gab es folgende Presseberichte \u00fcber das Bildungsformat 30*30:\u00a0<\/em><\/p>\n<p><span style=\"color: #ff9900\">TAZ<\/span>, 21.08.2013<br \/>\nTrendwechsel geht erst los<br \/>\n&#8222;taz: Herr Reh, das Rahmenthema des Erwachsenen-Weiterbildungsangebots an der Uni Bremen lautet &#8222;Das Ende der Bewegungsfreiheit &#8211; wie mobil sind wir in Zukunft?&#8220;. Die Menschen werden doch immer mobiler, mittlerweile kann sich fast jeder eine Flugreise leisten <a href=\"http:\/\/www.taz.de\/1\/archiv\/digitaz\/artikel\/?ressort=ra&amp;dig=2013%2F08%2F21%2Fa0027&amp;cHash=d2df4b7ff35318be256b728dfaf58ce7\"><span style=\"color: #ff9900\">(weiter&#8230;)<\/span><\/a><\/p>\n<p><span style=\"color: #ff9900\">TAZ<\/span>, 03.08.2013<br \/>\nTipps und Termine<br \/>\n<b>&#8220; <\/b>Das Zentrum f\u00fcr Arbeit und Politik an der Uni Bremen\u00a0hat mit &#8222;30 mal 30&#8220; ein neues Weiterbildungsangebot f\u00fcr Erwachsene entwickelt <a href=\"http:\/\/www.taz.de\/1\/archiv\/digitaz\/artikel\/?ressort=sp&amp;dig=2013%2F08%2F03%2Fa0010&amp;cHash=ec1da0b88f0a0c71bed9ad56d016f1b0\"><span style=\"color: #ff9900\">(weiter&#8230;)<\/span><\/a><\/p>\n<p><span style=\"color: #ff9900\">Weser Kurier<\/span>, 01.08.2013<br \/>\nThemen wie Mobilit\u00e4t und Medien im Blick<br \/>\n&#8222;Das Zentrum f\u00fcr Arbeit und Politik hat mit &#8222;30 x 30&#8220; ein neues Weiterbildungsangebot f\u00fcr Erwachsene entwickelt, die sich f\u00fcr aktuelle politische Themen interessieren. &#8222;30 x 30&#8220; bedeutet <a href=\"http:\/\/www.weser-kurier.de\/bremen\/stadtteile\/bremen-nordost\/horn-lehe_artikel,-Themen-wie-Mobilitaet-und-Medien-im-Blick-_arid,627031.html\"><span style=\"color: #ff9900\">(weiter&#8230;)<\/span><\/a><\/p>\n","protected":false},"excerpt":{"rendered":"<p>Bisher gab es folgende Presseberichte \u00fcber das Bildungsformat 30*30:\u00a0 TAZ, 21.08.2013 Trendwechsel geht erst los &#8222;taz: Herr Reh, das Rahmenthema des Erwachsenen-Weiterbildungsangebots an der Uni Bremen lautet &#8222;Das Ende der Bewegungsfreiheit &#8211; wie mobil sind wir in Zukunft?&#8220;. Die Menschen werden doch immer mobiler, mittlerweile kann sich fast jeder eine Flugreise leisten (weiter&#8230;) TAZ, 03.08.2013 [&hellip;]<\/p>\n","protected":false},"author":1961,"featured_media":0,"parent":0,"menu_order":0,"comment_status":"open","ping_status":"open","template":"","meta":{"_bbp_topic_count":0,"_bbp_reply_count":0,"_bbp_total_topic_count":0,"_bbp_total_reply_count":0,"_bbp_voice_count":0,"_bbp_anonymous_reply_count":0,"_bbp_topic_count_hidden":0,"_bbp_reply_count_hidden":0,"_bbp_forum_subforum_count":0,"footnotes":""},"class_list":["post-7","page","type-page","status-publish","hentry"],"_links":{"self":[{"href":"https:\/\/blogs.uni-bremen.de\/30mal30\/wp-json\/wp\/v2\/pages\/7","targetHints":{"allow":["GET"]}}],"collection":[{"href":"https:\/\/blogs.uni-bremen.de\/30mal30\/wp-json\/wp\/v2\/pages"}],"about":[{"href":"https:\/\/blogs.uni-bremen.de\/30mal30\/wp-json\/wp\/v2\/types\/page"}],"author":[{"embeddable":true,"href":"https:\/\/blogs.uni-bremen.de\/30mal30\/wp-json\/wp\/v2\/users\/1961"}],"replies":[{"embeddable":true,"href":"https:\/\/blogs.uni-bremen.de\/30mal30\/wp-json\/wp\/v2\/comments?post=7"}],"version-history":[{"count":1,"href":"https:\/\/blogs.uni-bremen.de\/30mal30\/wp-json\/wp\/v2\/pages\/7\/revisions"}],"predecessor-version":[{"id":15,"href":"https:\/\/blogs.uni-bremen.de\/30mal30\/wp-json\/wp\/v2\/pages\/7\/revisions\/15"}],"wp:attachment":[{"href":"https:\/\/blogs.uni-bremen.de\/30mal30\/wp-json\/wp\/v2\/media?parent=7"}],"curies":[{"name":"wp","href":"https:\/\/api.w.org\/{rel}","templated":true}]}}