{"id":5,"date":"2013-08-21T12:08:09","date_gmt":"2013-08-21T10:08:09","guid":{"rendered":"http:\/\/blogs.uni-bremen.de\/30mal30\/?page_id=5"},"modified":"2013-08-27T16:12:41","modified_gmt":"2013-08-27T14:12:41","slug":"mobilitat","status":"publish","type":"page","link":"https:\/\/blogs.uni-bremen.de\/30mal30\/mobilitat\/","title":{"rendered":"Mobilit\u00e4t 2013"},"content":{"rendered":"<p><span style=\"font-family: 'Underwood Champion', serif;font-size: medium\"><b>Das Ende der (Bewegungs-)Freiheit &#8211; Wie mobil sind wir in Zukunft?<\/b><\/span><\/p>\n<p><span style=\"font-size: small\"><i>&#8222;Die Z\u00e4hmung des Pferdes, die Erfindung des Rades, Segelschifffahrt und Navigation, Dampfkraft und Eisenbahn, Containerschiffe, Autos, Flugzeuge und Raumfahrt &#8211; ein einzigartiger Prozess der Technisierung von Mobilit\u00e4t begleitet die Geschichte des Menschen&#8220;. (Harald Welzer)<\/i><\/span><\/p>\n<p><span style=\"font-size: small\">Der Zuwachs an Bewegungsm\u00f6glichkeiten war bisher immer mit der Verbesserung von Lebensqualit\u00e4t verbunden. Schneller, h\u00f6her weiter! Diese Erfolgsgeschichte geht zu Ende. Die Einwohner der Bundesrepublik legen um zur Arbeit zu kommen, einzukaufen oder Freizeitaktivit\u00e4ten nachzugehen jeden Tag rund 3,0 Milliarden Kilometer zur\u00fcck \u2013 davon immer noch 2,5 Milliarden Kilometer mit dem Auto. Verkehrstote, Umweltsch\u00e4den, Konflikte um Erd\u00f6l, [\u2026] &#8211; die Bewegungsfreiheit des modernen Menschen ist teuer erkauft. Ein verantwortungsvoller Umgang mit der Welt sieht anders aus. Sicher ist: es muss sich etwas \u00e4ndern! Wir m\u00fcssen etwas \u00e4ndern!<\/span><\/p>\n<p><span style=\"font-size: small\">Die Frage der Mobilit\u00e4t ist eine der zentralen Zukunftsfragen der Weltgesellschaft und eine Herausforderung f\u00fcr die Gegenwart.<br \/>\nWie kann eine ver\u00e4nderte Mobilit\u00e4t aussehen? Welche theoretischen und praktischen Ans\u00e4tze gibt es bereits, um nachhaltige Mobilit\u00e4t zu etablieren? Gibt es erste Anzeichen einer neuen Mobilit\u00e4tskultur? Welche Herausforderungen sind mit dem Wandel der Mobilit\u00e4t f\u00fcr die Gesellschaft verbunden und wie wird mein Beitrag daf\u00fcr aussehen?<br \/>\nDiesen und vielen anderen Fragen widmet sich das Zentrum f\u00fcr Arbeit und Politik im Rahmen seines neuen Politischen Bildungsformates \u201e30&#215;30\u201c. Lassen Sie sich ein auf einen intensiven Austausch zum Themenschwerpunkt \u201eMobilit\u00e4t\u201c. \u201e30&#215;30\u201c bef\u00e4higt dazu Schl\u00fcsselfragen unserer Zeit nachzuvollziehen, zu beurteilen und aktiv mitzugestalten.\u00a0<\/span><\/p>\n<p>Die aktuellen Termine zu der Veranstaltung finde<span style=\"color: #333333\">n Sie <\/span><span style=\"color: #ff9900\"><span style=\"color: #333333\">unter der Rubrik<\/span> <\/span><span style=\"color: #ff9900\"><a href=\"http:\/\/blogs.uni-bremen.de\/30mal30\/termine\/\"><span style=\"color: #ff9900\">&#8222;Termine&#8220;<\/span><\/a><\/span>. Neue Teilnehmer_innen sind gerne willkommen.<br \/>\nEine ausf\u00fchrliche Dokumentation und Materialsammlung zur Veranstaltung finden Sie in der Rubrik <a href=\"http:\/\/blogs.uni-bremen.de\/30mal30\/dokumentation\/\"><span style=\"color: #ff9900\">&#8222;Dokumentation&#8220;<\/span><\/a>.<\/p>\n","protected":false},"excerpt":{"rendered":"<p>Das Ende der (Bewegungs-)Freiheit &#8211; Wie mobil sind wir in Zukunft? &#8222;Die Z\u00e4hmung des Pferdes, die Erfindung des Rades, Segelschifffahrt und Navigation, Dampfkraft und Eisenbahn, Containerschiffe, Autos, Flugzeuge und Raumfahrt &#8211; ein einzigartiger Prozess der Technisierung von Mobilit\u00e4t begleitet die Geschichte des Menschen&#8220;. (Harald Welzer) Der Zuwachs an Bewegungsm\u00f6glichkeiten war bisher immer mit der Verbesserung [&hellip;]<\/p>\n","protected":false},"author":1961,"featured_media":0,"parent":0,"menu_order":0,"comment_status":"open","ping_status":"open","template":"","meta":{"_bbp_topic_count":0,"_bbp_reply_count":0,"_bbp_total_topic_count":0,"_bbp_total_reply_count":0,"_bbp_voice_count":0,"_bbp_anonymous_reply_count":0,"_bbp_topic_count_hidden":0,"_bbp_reply_count_hidden":0,"_bbp_forum_subforum_count":0,"footnotes":""},"class_list":["post-5","page","type-page","status-publish","hentry"],"_links":{"self":[{"href":"https:\/\/blogs.uni-bremen.de\/30mal30\/wp-json\/wp\/v2\/pages\/5","targetHints":{"allow":["GET"]}}],"collection":[{"href":"https:\/\/blogs.uni-bremen.de\/30mal30\/wp-json\/wp\/v2\/pages"}],"about":[{"href":"https:\/\/blogs.uni-bremen.de\/30mal30\/wp-json\/wp\/v2\/types\/page"}],"author":[{"embeddable":true,"href":"https:\/\/blogs.uni-bremen.de\/30mal30\/wp-json\/wp\/v2\/users\/1961"}],"replies":[{"embeddable":true,"href":"https:\/\/blogs.uni-bremen.de\/30mal30\/wp-json\/wp\/v2\/comments?post=5"}],"version-history":[{"count":1,"href":"https:\/\/blogs.uni-bremen.de\/30mal30\/wp-json\/wp\/v2\/pages\/5\/revisions"}],"predecessor-version":[{"id":22,"href":"https:\/\/blogs.uni-bremen.de\/30mal30\/wp-json\/wp\/v2\/pages\/5\/revisions\/22"}],"wp:attachment":[{"href":"https:\/\/blogs.uni-bremen.de\/30mal30\/wp-json\/wp\/v2\/media?parent=5"}],"curies":[{"name":"wp","href":"https:\/\/api.w.org\/{rel}","templated":true}]}}