{"id":2,"date":"2013-08-21T09:54:23","date_gmt":"2013-08-21T09:54:23","guid":{"rendered":"http:\/\/blogs.uni-bremen.de\/30mal30\/?page_id=2"},"modified":"2013-08-27T15:58:05","modified_gmt":"2013-08-27T13:58:05","slug":"beispiel-seite","status":"publish","type":"page","link":"https:\/\/blogs.uni-bremen.de\/30mal30\/beispiel-seite\/","title":{"rendered":"Themen"},"content":{"rendered":"<p>Das Vom Zentrum f\u00fcr Arbeit und Politik der Universit\u00e4t Bremen entwickelte Bildungsformat f\u00fcr die Erwachsenenbildung &#8222;30*30&#8220; widmet sich gesellschaftlich relevanten Problemstellungen.<\/p>\n<p><a href=\"http:\/\/blogs.uni-bremen.de\/30mal30\/mobilitat\/\"><span style=\"color: #ff9900\">2013 Mobilit\u00e4t<\/span><\/a>: Das Ende der Bewegungsfreiheit &#8211; Wie mobil sind wir in der Zukunft?<br \/>\n<a href=\"http:\/\/blogs.uni-bremen.de\/30mal30\/energie\/\"><span style=\"color: #ff9900\">2014 Stadtentwicklung<\/span><\/a>: Urbaner-Lebensraum im Wandel<\/p>\n","protected":false},"excerpt":{"rendered":"<p>Das Vom Zentrum f\u00fcr Arbeit und Politik der Universit\u00e4t Bremen entwickelte Bildungsformat f\u00fcr die Erwachsenenbildung &#8222;30*30&#8220; widmet sich gesellschaftlich relevanten Problemstellungen. 2013 Mobilit\u00e4t: Das Ende der Bewegungsfreiheit &#8211; Wie mobil sind wir in der Zukunft? 2014 Stadtentwicklung: Urbaner-Lebensraum im Wandel<\/p>\n","protected":false},"author":1961,"featured_media":0,"parent":0,"menu_order":0,"comment_status":"open","ping_status":"open","template":"","meta":{"_bbp_topic_count":0,"_bbp_reply_count":0,"_bbp_total_topic_count":0,"_bbp_total_reply_count":0,"_bbp_voice_count":0,"_bbp_anonymous_reply_count":0,"_bbp_topic_count_hidden":0,"_bbp_reply_count_hidden":0,"_bbp_forum_subforum_count":0,"footnotes":""},"class_list":["post-2","page","type-page","status-publish","hentry"],"_links":{"self":[{"href":"https:\/\/blogs.uni-bremen.de\/30mal30\/wp-json\/wp\/v2\/pages\/2","targetHints":{"allow":["GET"]}}],"collection":[{"href":"https:\/\/blogs.uni-bremen.de\/30mal30\/wp-json\/wp\/v2\/pages"}],"about":[{"href":"https:\/\/blogs.uni-bremen.de\/30mal30\/wp-json\/wp\/v2\/types\/page"}],"author":[{"embeddable":true,"href":"https:\/\/blogs.uni-bremen.de\/30mal30\/wp-json\/wp\/v2\/users\/1961"}],"replies":[{"embeddable":true,"href":"https:\/\/blogs.uni-bremen.de\/30mal30\/wp-json\/wp\/v2\/comments?post=2"}],"version-history":[{"count":1,"href":"https:\/\/blogs.uni-bremen.de\/30mal30\/wp-json\/wp\/v2\/pages\/2\/revisions"}],"predecessor-version":[{"id":21,"href":"https:\/\/blogs.uni-bremen.de\/30mal30\/wp-json\/wp\/v2\/pages\/2\/revisions\/21"}],"wp:attachment":[{"href":"https:\/\/blogs.uni-bremen.de\/30mal30\/wp-json\/wp\/v2\/media?parent=2"}],"curies":[{"name":"wp","href":"https:\/\/api.w.org\/{rel}","templated":true}]}}